{"id":25001,"date":"2024-01-04T10:04:00","date_gmt":"2024-01-04T10:04:00","guid":{"rendered":"https:\/\/chiaseklos.lt\/?post_type=product&#038;p=25001"},"modified":"2026-04-16T16:59:10","modified_gmt":"2026-04-16T16:59:10","slug":"coelsanus-marinuotos-alyvuoges-350-g","status":"publish","type":"product","link":"https:\/\/chiaseklos.lt\/en\/product\/coelsanus-marinuotos-alyvuoges-350-g\/","title":{"rendered":"Coelsanus marinuotos alyvuog\u0117s 350 g"},"content":{"rendered":"<h4 class=\"product-view__title\">Coelsanus marinuotos alyvuog\u0117s 350 g<\/h4>\n<h5>Marinuotos \u017ealiosios alyvuog\u0117s be kauliuk\u0173. Grynasis kiekis 350 g. Grynasis alyvuogi\u0173 kiekis 140 g.<\/h5>\n<h5>Sudedamosios dalys:\u00a0vanduo, \u017ealiosios alyvuog\u0117s, druska, antioksidantas E300, r\u016bg\u0161tingum\u0105 reguliuojan\u010dios med\u017eiagos: (E330, E270). Be glitimo. Sud\u0117tyje gali b\u016bti kauliuk\u0173.<\/h5>\n<h5>Laikymo s\u0105lygos:\u00a0Laikyti sausoje ir v\u0117sioje vietoje. Atidarius laikyti \u0161aldytuve.<\/h5>\n<h5>Maistin\u0117 vert\u0117 (100 g\/ml)<\/h5>\n<table>\n<tbody>\n<tr>\n<td>\n<h6>Energetin\u0117 vert\u0117<\/h6>\n<\/td>\n<td>\n<h6>598 kJ\u00a0\/\u00a0146 Kcal<\/h6>\n<\/td>\n<\/tr>\n<tr>\n<td>\n<h6>Riebalai<\/h6>\n<\/td>\n<td>\n<h6>14,2 gr<\/h6>\n<\/td>\n<\/tr>\n<tr>\n<td>\n<h6>So\u010diosios riebal\u0173 r\u016bg\u0161tys<\/h6>\n<\/td>\n<td>\n<h6>2,1 gr<\/h6>\n<\/td>\n<\/tr>\n<tr>\n<td>\n<h6>Angliavandeniai<\/h6>\n<\/td>\n<td>\n<h6>0 gr<\/h6>\n<\/td>\n<\/tr>\n<tr>\n<td>\n<h6>Cukrus<\/h6>\n<\/td>\n<td>\n<h6>0 gr<\/h6>\n<\/td>\n<\/tr>\n<tr>\n<td>\n<h6>Baltymai<\/h6>\n<\/td>\n<td>\n<h6>1,1 gr<\/h6>\n<\/td>\n<\/tr>\n<tr>\n<td>\n<h6>Druska<\/h6>\n<\/td>\n<td>\n<h6>3,7 gr<\/h6>\n<\/td>\n<\/tr>\n<\/tbody>\n<\/table>","protected":false},"excerpt":{"rendered":"<p>Coelsanus marinuotos alyvuog\u0117s 350 g Marinuotos \u017ealiosios alyvuog\u0117s be kauliuk\u0173. Grynasis kiekis 350 g. Grynasis alyvuogi\u0173 kiekis 140 g. Sudedamosios dalys:\u00a0vanduo, \u017ealiosios alyvuog\u0117s, druska, antioksidantas E300, r\u016bg\u0161tingum\u0105 reguliuojan\u010dios med\u017eiagos: (E330, E270). Be glitimo. Sud\u0117tyje gali b\u016bti kauliuk\u0173. Laikymo s\u0105lygos:\u00a0Laikyti sausoje ir v\u0117sioje vietoje. Atidarius laikyti \u0161aldytuve. Maistin\u0117 vert\u0117 (100 g\/ml) Energetin\u0117 vert\u0117 598 kJ\u00a0\/\u00a0146 Kcal&#8230;<\/p>","protected":false},"featured_media":25002,"template":"","meta":{"_acf_changed":false},"product_brand":[],"product_cat":[101,99],"product_tag":[],"class_list":{"0":"post-25001","1":"product","2":"type-product","3":"status-publish","4":"has-post-thumbnail","6":"product_cat-aliejus","7":"product_cat-uztepeles","8":"nt-post-class","9":"","10":"masonry-item","11":"col-lg-6","15":"excerpt-none","19":"first","20":"outofstock","21":"taxable","22":"shipping-taxable","23":"purchasable","24":"product-type-simple","25":"add-to-wishlist-after_add_to_cart"},"acf":[],"_links":{"self":[{"href":"https:\/\/chiaseklos.lt\/en\/wp-json\/wp\/v2\/product\/25001","targetHints":{"allow":["GET"]}}],"collection":[{"href":"https:\/\/chiaseklos.lt\/en\/wp-json\/wp\/v2\/product"}],"about":[{"href":"https:\/\/chiaseklos.lt\/en\/wp-json\/wp\/v2\/types\/product"}],"wp:featuredmedia":[{"embeddable":true,"href":"https:\/\/chiaseklos.lt\/en\/wp-json\/wp\/v2\/media\/25002"}],"wp:attachment":[{"href":"https:\/\/chiaseklos.lt\/en\/wp-json\/wp\/v2\/media?parent=25001"}],"wp:term":[{"taxonomy":"product_brand","embeddable":true,"href":"https:\/\/chiaseklos.lt\/en\/wp-json\/wp\/v2\/product_brand?post=25001"},{"taxonomy":"product_cat","embeddable":true,"href":"https:\/\/chiaseklos.lt\/en\/wp-json\/wp\/v2\/product_cat?post=25001"},{"taxonomy":"product_tag","embeddable":true,"href":"https:\/\/chiaseklos.lt\/en\/wp-json\/wp\/v2\/product_tag?post=25001"}],"curies":[{"name":"wp","href":"https:\/\/api.w.org\/{rel}","templated":true}]}}