{"id":24835,"date":"2023-12-15T10:59:39","date_gmt":"2023-12-15T10:59:39","guid":{"rendered":"https:\/\/chiaseklos.lt\/?post_type=product&#038;p=24835"},"modified":"2024-12-17T07:47:59","modified_gmt":"2024-12-17T07:47:59","slug":"ms-pienisko-sokolado-automobilis-69g","status":"publish","type":"product","link":"https:\/\/chiaseklos.lt\/en\/product\/ms-pienisko-sokolado-automobilis-69g\/","title":{"rendered":"M&#038;S Pieni\u0161ko \u0161okolado automobilis 69g"},"content":{"rendered":"<p>M&amp;S Pieni\u0161ko \u0161okolado automobilis 69g<\/p>\n<p>\u017daismingas automibilis dekoruotas eglute, pripildytas pieni\u0161k\u0173 \u0161okoladuk\u0173.<\/p>\n<p>Sudedamosios dalys: Cukrus, d\u017eiovintas nenugriebtas pienas, kakavos sviestas, kakavos mas\u0117, emulsiklis: lecitinai (soja), vanil\u0117s kvapioji med\u017eiaga, pieno \u0161okolade kakavos saus\u0173j\u0173 med\u017eiag\u0173 ne ma\u017eiau kaip 34%, pieno saus\u0173j\u0173 med\u017eiag\u0173 ne ma\u017eiau kaip 20%.<br \/>\nInformacija apie alergenus.\u00a0Sud\u0117tyje yra pieno, gali b\u016bti rie\u0161ut\u0173, gali b\u016bti \u017eem\u0117s rie\u0161ut\u0173, yra sojos<br \/>\nInformacija apie alergij\u0105: netinka tiems, kurie yra alergi\u0161ki rie\u0161utams ir \u017eem\u0117s rie\u0161utams.<br \/>\nTinka vegetarams<\/p>\n<p>Grynasis kiekis: 69g<\/p>\n<p>Kilm\u0117s \u0161alis: Did\u017eioji Britanija<\/p>\n<p>&nbsp;<\/p>","protected":false},"excerpt":{"rendered":"<p>M&amp;S Pieni\u0161ko \u0161okolado automobilis 69g \u017daismingas automibilis dekoruotas eglute, pripildytas pieni\u0161k\u0173 \u0161okoladuk\u0173. Sudedamosios dalys: Cukrus, d\u017eiovintas nenugriebtas pienas, kakavos sviestas, kakavos mas\u0117, emulsiklis: lecitinai (soja), vanil\u0117s kvapioji med\u017eiaga, pieno \u0161okolade kakavos saus\u0173j\u0173 med\u017eiag\u0173 ne ma\u017eiau kaip 34%, pieno saus\u0173j\u0173 med\u017eiag\u0173 ne ma\u017eiau kaip 20%. Informacija apie alergenus.\u00a0Sud\u0117tyje yra pieno, gali b\u016bti rie\u0161ut\u0173, gali b\u016bti \u017eem\u0117s&#8230;<\/p>","protected":false},"featured_media":24836,"template":"","meta":{"_acf_changed":false},"product_brand":[],"product_cat":[95],"product_tag":[],"class_list":{"0":"post-24835","1":"product","2":"type-product","3":"status-publish","4":"has-post-thumbnail","6":"product_cat-rinkiniai","7":"nt-post-class","8":"","9":"masonry-item","10":"col-lg-6","14":"excerpt-none","18":"first","19":"outofstock","20":"taxable","21":"shipping-taxable","22":"purchasable","23":"product-type-simple","24":"add-to-wishlist-after_add_to_cart"},"acf":[],"_links":{"self":[{"href":"https:\/\/chiaseklos.lt\/en\/wp-json\/wp\/v2\/product\/24835","targetHints":{"allow":["GET"]}}],"collection":[{"href":"https:\/\/chiaseklos.lt\/en\/wp-json\/wp\/v2\/product"}],"about":[{"href":"https:\/\/chiaseklos.lt\/en\/wp-json\/wp\/v2\/types\/product"}],"wp:featuredmedia":[{"embeddable":true,"href":"https:\/\/chiaseklos.lt\/en\/wp-json\/wp\/v2\/media\/24836"}],"wp:attachment":[{"href":"https:\/\/chiaseklos.lt\/en\/wp-json\/wp\/v2\/media?parent=24835"}],"wp:term":[{"taxonomy":"product_brand","embeddable":true,"href":"https:\/\/chiaseklos.lt\/en\/wp-json\/wp\/v2\/product_brand?post=24835"},{"taxonomy":"product_cat","embeddable":true,"href":"https:\/\/chiaseklos.lt\/en\/wp-json\/wp\/v2\/product_cat?post=24835"},{"taxonomy":"product_tag","embeddable":true,"href":"https:\/\/chiaseklos.lt\/en\/wp-json\/wp\/v2\/product_tag?post=24835"}],"curies":[{"name":"wp","href":"https:\/\/api.w.org\/{rel}","templated":true}]}}