{"id":24799,"date":"2023-12-13T14:11:00","date_gmt":"2023-12-13T14:11:00","guid":{"rendered":"https:\/\/chiaseklos.lt\/?post_type=product&#038;p=24799"},"modified":"2025-08-21T18:08:37","modified_gmt":"2025-08-21T18:08:37","slug":"baylis-harding-boudiore-cherry-blossom-luxury-pamper-tin-dovanu-rinkinys-4-daliu","status":"publish","type":"product","link":"https:\/\/chiaseklos.lt\/en\/product\/baylis-harding-boudiore-cherry-blossom-luxury-pamper-tin-dovanu-rinkinys-4-daliu\/","title":{"rendered":"Baylis &#038; Harding Boudiore Cherry Blossom Luxury Pamper Tin, dovan\u0173 rinkinys 4 dali\u0173"},"content":{"rendered":"<p>Baylis &amp; Harding Boudiore Cherry Blossom Luxury Pamper Tin, dovan\u0173 rinkinys 4 dali\u0173<\/p>\n<p>Malonaus aromato k\u016bno prie\u017ei\u016bros rinkinys supakuotas dailioje d\u0117\u017eut\u0117je.<\/p>\n<p><strong>Rinkin\u012f sudaro:\u00a0<\/strong><\/p>\n<p>50 ml du\u0161o kremas,<\/p>\n<p>50 ml k\u016bno sviestas,<\/p>\n<p>50 ml rank\u0173 kremas ir<\/p>\n<p>50 g muilas.<\/p>","protected":false},"excerpt":{"rendered":"<p>Baylis &amp; Harding Boudiore Cherry Blossom Luxury Pamper Tin, dovan\u0173 rinkinys 4 dali\u0173 Malonaus aromato k\u016bno prie\u017ei\u016bros rinkinys supakuotas dailioje d\u0117\u017eut\u0117je. Rinkin\u012f sudaro:\u00a0 50 ml du\u0161o kremas, 50 ml k\u016bno sviestas, 50 ml rank\u0173 kremas ir 50 g muilas.<\/p>","protected":false},"featured_media":24801,"template":"","meta":{"_acf_changed":false},"product_brand":[],"product_cat":[95],"product_tag":[],"class_list":{"0":"post-24799","1":"product","2":"type-product","3":"status-publish","4":"has-post-thumbnail","6":"product_cat-rinkiniai","7":"nt-post-class","8":"","9":"masonry-item","10":"col-lg-6","14":"excerpt-none","18":"first","19":"instock","20":"taxable","21":"shipping-taxable","22":"purchasable","23":"product-type-simple","24":"add-to-wishlist-after_add_to_cart"},"acf":[],"_links":{"self":[{"href":"https:\/\/chiaseklos.lt\/en\/wp-json\/wp\/v2\/product\/24799","targetHints":{"allow":["GET"]}}],"collection":[{"href":"https:\/\/chiaseklos.lt\/en\/wp-json\/wp\/v2\/product"}],"about":[{"href":"https:\/\/chiaseklos.lt\/en\/wp-json\/wp\/v2\/types\/product"}],"wp:featuredmedia":[{"embeddable":true,"href":"https:\/\/chiaseklos.lt\/en\/wp-json\/wp\/v2\/media\/24801"}],"wp:attachment":[{"href":"https:\/\/chiaseklos.lt\/en\/wp-json\/wp\/v2\/media?parent=24799"}],"wp:term":[{"taxonomy":"product_brand","embeddable":true,"href":"https:\/\/chiaseklos.lt\/en\/wp-json\/wp\/v2\/product_brand?post=24799"},{"taxonomy":"product_cat","embeddable":true,"href":"https:\/\/chiaseklos.lt\/en\/wp-json\/wp\/v2\/product_cat?post=24799"},{"taxonomy":"product_tag","embeddable":true,"href":"https:\/\/chiaseklos.lt\/en\/wp-json\/wp\/v2\/product_tag?post=24799"}],"curies":[{"name":"wp","href":"https:\/\/api.w.org\/{rel}","templated":true}]}}