{"id":24785,"date":"2023-12-12T14:24:18","date_gmt":"2023-12-12T14:24:18","guid":{"rendered":"https:\/\/chiaseklos.lt\/?post_type=product&#038;p=24785"},"modified":"2026-02-10T08:01:14","modified_gmt":"2026-02-10T08:01:14","slug":"baylis-harding-sweet-mandarin-grapefruit-kuno-prieziuros-rinkinys","status":"publish","type":"product","link":"https:\/\/chiaseklos.lt\/en\/product\/baylis-harding-sweet-mandarin-grapefruit-kuno-prieziuros-rinkinys\/","title":{"rendered":"Baylis &#038; Harding Sweet Mandarin &#038; Grapefruit k\u016bno prie\u017ei\u016bros rinkinys"},"content":{"rendered":"<p>Baylis &amp; Harding Sweet Mandarin &amp; Grapefruit k\u016bno prie\u017ei\u016bros rinkinys<\/p>\n<p>Tai malonus sald\u017ei\u0173j\u0173 mandarin\u0173 bei greipfrukt\u0173 aromat\u0173 rinkinys.<\/p>\n<p>Rinkin\u012f sudaro:<\/p>\n<p>gaivinamoji du\u0161o \u017eel\u0117 100 ml<\/p>\n<p>dr\u0117kinamasis k\u016bno losjonas 50 ml<\/p>\n<p>du\u0161o kremas 100 ml<\/p>\n<p>dr\u0117kinamasis rank\u0173 kremas 50 ml<\/p>\n<p>vonios druska 25 g<\/p>\n<p>prausimosi kempin\u0117 1 vnt.<\/p>","protected":false},"excerpt":{"rendered":"<p>Baylis &amp; Harding Sweet Mandarin &amp; Grapefruit k\u016bno prie\u017ei\u016bros rinkinys Tai malonus sald\u017ei\u0173j\u0173 mandarin\u0173 bei greipfrukt\u0173 aromat\u0173 rinkinys. Rinkin\u012f sudaro: gaivinamoji du\u0161o \u017eel\u0117 100 ml dr\u0117kinamasis k\u016bno losjonas 50 ml du\u0161o kremas 100 ml dr\u0117kinamasis rank\u0173 kremas 50 ml vonios druska 25 g prausimosi kempin\u0117 1 vnt.<\/p>","protected":false},"featured_media":24787,"template":"","meta":{"_acf_changed":false},"product_brand":[],"product_cat":[95],"product_tag":[],"class_list":{"0":"post-24785","1":"product","2":"type-product","3":"status-publish","4":"has-post-thumbnail","6":"product_cat-rinkiniai","7":"nt-post-class","8":"","9":"masonry-item","10":"col-lg-6","14":"excerpt-none","18":"first","19":"outofstock","20":"taxable","21":"shipping-taxable","22":"purchasable","23":"product-type-simple","24":"add-to-wishlist-after_add_to_cart"},"acf":[],"_links":{"self":[{"href":"https:\/\/chiaseklos.lt\/en\/wp-json\/wp\/v2\/product\/24785","targetHints":{"allow":["GET"]}}],"collection":[{"href":"https:\/\/chiaseklos.lt\/en\/wp-json\/wp\/v2\/product"}],"about":[{"href":"https:\/\/chiaseklos.lt\/en\/wp-json\/wp\/v2\/types\/product"}],"wp:featuredmedia":[{"embeddable":true,"href":"https:\/\/chiaseklos.lt\/en\/wp-json\/wp\/v2\/media\/24787"}],"wp:attachment":[{"href":"https:\/\/chiaseklos.lt\/en\/wp-json\/wp\/v2\/media?parent=24785"}],"wp:term":[{"taxonomy":"product_brand","embeddable":true,"href":"https:\/\/chiaseklos.lt\/en\/wp-json\/wp\/v2\/product_brand?post=24785"},{"taxonomy":"product_cat","embeddable":true,"href":"https:\/\/chiaseklos.lt\/en\/wp-json\/wp\/v2\/product_cat?post=24785"},{"taxonomy":"product_tag","embeddable":true,"href":"https:\/\/chiaseklos.lt\/en\/wp-json\/wp\/v2\/product_tag?post=24785"}],"curies":[{"name":"wp","href":"https:\/\/api.w.org\/{rel}","templated":true}]}}