{"id":24781,"date":"2023-12-12T14:16:15","date_gmt":"2023-12-12T14:16:15","guid":{"rendered":"https:\/\/chiaseklos.lt\/?post_type=product&#038;p=24781"},"modified":"2024-12-05T13:35:19","modified_gmt":"2024-12-05T13:35:19","slug":"baylis-harding-jojoba-vanilla-almond-oil-hand-cream-3x50ml-ranku-kremu-rinkinys","status":"publish","type":"product","link":"https:\/\/chiaseklos.lt\/en\/product\/baylis-harding-jojoba-vanilla-almond-oil-hand-cream-3x50ml-ranku-kremu-rinkinys\/","title":{"rendered":"Baylis &#038; Harding Jojoba Vanilla &#038; Almond Oil Hand Cream 3X50ml rank\u0173 krem\u0173 rinkinys"},"content":{"rendered":"<p>Baylis &amp; Harding Jojoba Vanilla &amp; Almond Oil Hand Cream 3X50ml rank\u0173 krem\u0173 rinkinys<\/p>\n<p>Tai prabangiai kolekcijai b\u016bdingi simondsij\u0173, sodrios vanil\u0117s ir sald\u017ei\u0173j\u0173 migdol\u0173 aliejaus mi\u0161iniai.<\/p>\n<p>Rinkin\u012f sudaro: 3X50ml rank\u0173 kremai<\/p>\n<p>&nbsp;<\/p>\n<p>&nbsp;<\/p>","protected":false},"excerpt":{"rendered":"<p>Baylis &amp; Harding Jojoba Vanilla &amp; Almond Oil Hand Cream 3X50ml rank\u0173 krem\u0173 rinkinys Tai prabangiai kolekcijai b\u016bdingi simondsij\u0173, sodrios vanil\u0117s ir sald\u017ei\u0173j\u0173 migdol\u0173 aliejaus mi\u0161iniai. Rinkin\u012f sudaro: 3X50ml rank\u0173 kremai &nbsp; &nbsp;<\/p>","protected":false},"featured_media":24784,"template":"","meta":{"_acf_changed":false},"product_brand":[],"product_cat":[88,95],"product_tag":[],"class_list":{"0":"post-24781","1":"product","2":"type-product","3":"status-publish","4":"has-post-thumbnail","6":"product_cat-naujiena","7":"product_cat-rinkiniai","8":"nt-post-class","9":"","10":"masonry-item","11":"col-lg-6","15":"excerpt-none","19":"first","20":"outofstock","21":"taxable","22":"shipping-taxable","23":"purchasable","24":"product-type-simple","25":"add-to-wishlist-after_add_to_cart"},"acf":[],"_links":{"self":[{"href":"https:\/\/chiaseklos.lt\/en\/wp-json\/wp\/v2\/product\/24781","targetHints":{"allow":["GET"]}}],"collection":[{"href":"https:\/\/chiaseklos.lt\/en\/wp-json\/wp\/v2\/product"}],"about":[{"href":"https:\/\/chiaseklos.lt\/en\/wp-json\/wp\/v2\/types\/product"}],"wp:featuredmedia":[{"embeddable":true,"href":"https:\/\/chiaseklos.lt\/en\/wp-json\/wp\/v2\/media\/24784"}],"wp:attachment":[{"href":"https:\/\/chiaseklos.lt\/en\/wp-json\/wp\/v2\/media?parent=24781"}],"wp:term":[{"taxonomy":"product_brand","embeddable":true,"href":"https:\/\/chiaseklos.lt\/en\/wp-json\/wp\/v2\/product_brand?post=24781"},{"taxonomy":"product_cat","embeddable":true,"href":"https:\/\/chiaseklos.lt\/en\/wp-json\/wp\/v2\/product_cat?post=24781"},{"taxonomy":"product_tag","embeddable":true,"href":"https:\/\/chiaseklos.lt\/en\/wp-json\/wp\/v2\/product_tag?post=24781"}],"curies":[{"name":"wp","href":"https:\/\/api.w.org\/{rel}","templated":true}]}}