{"id":24779,"date":"2023-12-12T14:07:26","date_gmt":"2023-12-12T14:07:26","guid":{"rendered":"https:\/\/chiaseklos.lt\/?post_type=product&#038;p=24779"},"modified":"2024-12-20T10:36:19","modified_gmt":"2024-12-20T10:36:19","slug":"baylis-harding-boudiore-cherry-blossom-3-x-50-ml-ranku-kremu-rinkinys","status":"publish","type":"product","link":"https:\/\/chiaseklos.lt\/en\/product\/baylis-harding-boudiore-cherry-blossom-3-x-50-ml-ranku-kremu-rinkinys\/","title":{"rendered":"Baylis &#038; Harding Boudiore Cherry Blossom, 3 x 50 ml rank\u0173 krem\u0173 rinkinys"},"content":{"rendered":"<p>Baylis &amp; Harding Boudiore Cherry Blossom, 3 x 50 ml rank\u0173 krem\u0173 rinkinys<\/p>\n<p>Tai prabangaus aromato rank\u0173 krem\u0173 rinkinys.<\/p>\n<p>Rinkin\u012f sudaro:\u00a03 vnt rank\u0173 kremai 50ml talpos<\/p>","protected":false},"excerpt":{"rendered":"<p>Baylis &amp; Harding Boudiore Cherry Blossom, 3 x 50 ml rank\u0173 krem\u0173 rinkinys Tai prabangaus aromato rank\u0173 krem\u0173 rinkinys. Rinkin\u012f sudaro:\u00a03 vnt rank\u0173 kremai 50ml talpos<\/p>","protected":false},"featured_media":24780,"template":"","meta":{"_acf_changed":false},"product_brand":[],"product_cat":[70],"product_tag":[],"class_list":{"0":"post-24779","1":"product","2":"type-product","3":"status-publish","4":"has-post-thumbnail","6":"product_cat-akcijos","7":"nt-post-class","8":"","9":"masonry-item","10":"col-lg-6","14":"excerpt-none","18":"first","19":"outofstock","20":"taxable","21":"shipping-taxable","22":"purchasable","23":"product-type-simple","24":"add-to-wishlist-after_add_to_cart"},"acf":[],"_links":{"self":[{"href":"https:\/\/chiaseklos.lt\/en\/wp-json\/wp\/v2\/product\/24779","targetHints":{"allow":["GET"]}}],"collection":[{"href":"https:\/\/chiaseklos.lt\/en\/wp-json\/wp\/v2\/product"}],"about":[{"href":"https:\/\/chiaseklos.lt\/en\/wp-json\/wp\/v2\/types\/product"}],"wp:featuredmedia":[{"embeddable":true,"href":"https:\/\/chiaseklos.lt\/en\/wp-json\/wp\/v2\/media\/24780"}],"wp:attachment":[{"href":"https:\/\/chiaseklos.lt\/en\/wp-json\/wp\/v2\/media?parent=24779"}],"wp:term":[{"taxonomy":"product_brand","embeddable":true,"href":"https:\/\/chiaseklos.lt\/en\/wp-json\/wp\/v2\/product_brand?post=24779"},{"taxonomy":"product_cat","embeddable":true,"href":"https:\/\/chiaseklos.lt\/en\/wp-json\/wp\/v2\/product_cat?post=24779"},{"taxonomy":"product_tag","embeddable":true,"href":"https:\/\/chiaseklos.lt\/en\/wp-json\/wp\/v2\/product_tag?post=24779"}],"curies":[{"name":"wp","href":"https:\/\/api.w.org\/{rel}","templated":true}]}}