{"id":24716,"date":"2023-12-20T09:47:23","date_gmt":"2023-12-20T09:47:23","guid":{"rendered":"https:\/\/chiaseklos.lt\/?post_type=product&#038;p=24716"},"modified":"2026-03-12T19:19:36","modified_gmt":"2026-03-12T19:19:36","slug":"kosmetikos-rinkinys-baylis-harding-the-fuzzy-duck-vyrams","status":"publish","type":"product","link":"https:\/\/chiaseklos.lt\/en\/product\/kosmetikos-rinkinys-baylis-harding-the-fuzzy-duck-vyrams\/","title":{"rendered":"Kosmetikos rinkinys Baylis &#038; Harding The Fuzzy Duck vyrams"},"content":{"rendered":"<h4 class=\"c-product__name\">Kosmetikos rinkinys Baylis &amp; Harding The Fuzzy Duck Refreshing Shower Gel vyrams<\/h4>\n<p>Sodrus ir energizuojantis bergamot\u0117s, kanapi\u0173 ir sandalmed\u017eio kvapas. Tinka veganams.<\/p>\n<p>\u0160\u012f\u00a0rinkin\u012f sudaro:<\/p>\n<p>buteliukas plauk\u0173 ir k\u016bno prausiklio &#8211; 300 ml<\/p>\n<p>buteliukas du\u0161o \u017eel\u0117 &#8211; 200 ml<\/p>\n<p>\u0161amp\u016bnas plaukams &#8211; 200ml ml.<\/p>","protected":false},"excerpt":{"rendered":"<p>Kosmetikos rinkinys Baylis &amp; Harding The Fuzzy Duck Refreshing Shower Gel vyrams Sodrus ir energizuojantis bergamot\u0117s, kanapi\u0173 ir sandalmed\u017eio kvapas. Tinka veganams. \u0160\u012f\u00a0rinkin\u012f sudaro: buteliukas plauk\u0173 ir k\u016bno prausiklio &#8211; 300 ml buteliukas du\u0161o \u017eel\u0117 &#8211; 200 ml \u0161amp\u016bnas plaukams &#8211; 200ml ml.<\/p>","protected":false},"featured_media":24895,"template":"","meta":{"_acf_changed":false},"product_brand":[],"product_cat":[95],"product_tag":[],"class_list":{"0":"post-24716","1":"product","2":"type-product","3":"status-publish","4":"has-post-thumbnail","6":"product_cat-rinkiniai","7":"nt-post-class","8":"","9":"masonry-item","10":"col-lg-6","14":"excerpt-none","18":"first","19":"outofstock","20":"taxable","21":"shipping-taxable","22":"purchasable","23":"product-type-simple","24":"add-to-wishlist-after_add_to_cart"},"acf":[],"_links":{"self":[{"href":"https:\/\/chiaseklos.lt\/en\/wp-json\/wp\/v2\/product\/24716","targetHints":{"allow":["GET"]}}],"collection":[{"href":"https:\/\/chiaseklos.lt\/en\/wp-json\/wp\/v2\/product"}],"about":[{"href":"https:\/\/chiaseklos.lt\/en\/wp-json\/wp\/v2\/types\/product"}],"wp:featuredmedia":[{"embeddable":true,"href":"https:\/\/chiaseklos.lt\/en\/wp-json\/wp\/v2\/media\/24895"}],"wp:attachment":[{"href":"https:\/\/chiaseklos.lt\/en\/wp-json\/wp\/v2\/media?parent=24716"}],"wp:term":[{"taxonomy":"product_brand","embeddable":true,"href":"https:\/\/chiaseklos.lt\/en\/wp-json\/wp\/v2\/product_brand?post=24716"},{"taxonomy":"product_cat","embeddable":true,"href":"https:\/\/chiaseklos.lt\/en\/wp-json\/wp\/v2\/product_cat?post=24716"},{"taxonomy":"product_tag","embeddable":true,"href":"https:\/\/chiaseklos.lt\/en\/wp-json\/wp\/v2\/product_tag?post=24716"}],"curies":[{"name":"wp","href":"https:\/\/api.w.org\/{rel}","templated":true}]}}