{"id":24708,"date":"2023-12-09T10:11:02","date_gmt":"2023-12-09T10:11:02","guid":{"rendered":"https:\/\/chiaseklos.lt\/?post_type=product&#038;p=24708"},"modified":"2025-12-11T19:11:58","modified_gmt":"2025-12-11T19:11:58","slug":"medaus-skanestas-su-saltalankio-uogomis","status":"publish","type":"product","link":"https:\/\/chiaseklos.lt\/en\/product\/medaus-skanestas-su-saltalankio-uogomis\/","title":{"rendered":"Medaus skan\u0117stas su \u0161altalankio uogomis"},"content":{"rendered":"<h1>Medaus skan\u0117stas su \u0161altalankio uogomis<\/h1>\n<p>Tai piev\u0173 \u017eied\u0173 medus ir \u0161altalanki\u0173 uogos. Puikus derinys.<\/p>\n<p>Tinka skanauti vien\u0105, ruo\u0161ti arbat\u0105, tepti ant skrebu\u010dio ar s\u016brio.<\/p>\n<p>Gamyboje nenaudojama joki\u0173 konservant\u0173, skonio stiprikli\u0173, dirbtini\u0173 saldikli\u0173\u00a0ar da\u017eikli\u0173.<\/p>\n<p>Nerekomenduojama vartoti asmenims, alergi\u0161kiems produkto sudedamosioms dalims.<\/p>\n<p><strong>Sudedamosios dalys: Medus 95%, \u0161al\u010diu d\u017eiovintos \u0161altalankio uogos 5%.<\/strong><\/p>\n<p><strong>Maistin\u0117 vert\u0117 (100 g)\u00a0<\/strong>Energin\u0117 vert\u0117 \u2013\u00a0336 kcal \/ 1405\u00a0kJ,\u00a0Riebalai \u2013 0,05 g,\u00a0i\u0161 kuri\u0173 so\u010di\u0173j\u0173 riebal\u0173 r\u016bg\u0161\u010di\u0173 \u2013 0,0 g,\u00a0Angliavandeniai \u2013 82,79 g, i\u0161 kuri\u0173 cukr\u0173 \u2013 82,79 g,\u00a0Baltymai \u2013 1,17\u00a0g,\u00a0Druska \u2013 0,0 g<\/p>\n<h5><strong>Laikymo s\u0105lygos:<\/strong>\u00a0Patartina laikyti sandariame stikliniame inde sausoje, tamsioje vietoje.<\/h5>\n<h5><strong>Gamintojas<\/strong>\u00a0\u2013 MB Greitos bit\u0117s.<\/h5>\n<h5><strong>Kilm\u0117s \u0161alis:\u00a0<\/strong>\u00a0Lietuva.<\/h5>","protected":false},"excerpt":{"rendered":"<p>Medaus skan\u0117stas su \u0161altalankio uogomis Tai piev\u0173 \u017eied\u0173 medus ir \u0161altalanki\u0173 uogos. Puikus derinys. Tinka skanauti vien\u0105, ruo\u0161ti arbat\u0105, tepti ant skrebu\u010dio ar s\u016brio. Gamyboje nenaudojama joki\u0173 konservant\u0173, skonio stiprikli\u0173, dirbtini\u0173 saldikli\u0173\u00a0ar da\u017eikli\u0173. Nerekomenduojama vartoti asmenims, alergi\u0161kiems produkto sudedamosioms dalims. Sudedamosios dalys: Medus 95%, \u0161al\u010diu d\u017eiovintos \u0161altalankio uogos 5%. Maistin\u0117 vert\u0117 (100 g)\u00a0Energin\u0117 vert\u0117 \u2013\u00a0336&#8230;<\/p>","protected":false},"featured_media":24712,"template":"","meta":{"_acf_changed":false},"product_brand":[],"product_cat":[110],"product_tag":[],"class_list":{"0":"post-24708","1":"product","2":"type-product","3":"status-publish","4":"has-post-thumbnail","6":"product_cat-medus-bei-jo-skanestai","7":"nt-post-class","8":"","9":"masonry-item","10":"col-lg-6","14":"excerpt-none","18":"first","19":"outofstock","20":"taxable","21":"shipping-taxable","22":"purchasable","23":"product-type-variable","24":"add-to-wishlist-after_add_to_cart"},"acf":[],"_links":{"self":[{"href":"https:\/\/chiaseklos.lt\/en\/wp-json\/wp\/v2\/product\/24708","targetHints":{"allow":["GET"]}}],"collection":[{"href":"https:\/\/chiaseklos.lt\/en\/wp-json\/wp\/v2\/product"}],"about":[{"href":"https:\/\/chiaseklos.lt\/en\/wp-json\/wp\/v2\/types\/product"}],"wp:featuredmedia":[{"embeddable":true,"href":"https:\/\/chiaseklos.lt\/en\/wp-json\/wp\/v2\/media\/24712"}],"wp:attachment":[{"href":"https:\/\/chiaseklos.lt\/en\/wp-json\/wp\/v2\/media?parent=24708"}],"wp:term":[{"taxonomy":"product_brand","embeddable":true,"href":"https:\/\/chiaseklos.lt\/en\/wp-json\/wp\/v2\/product_brand?post=24708"},{"taxonomy":"product_cat","embeddable":true,"href":"https:\/\/chiaseklos.lt\/en\/wp-json\/wp\/v2\/product_cat?post=24708"},{"taxonomy":"product_tag","embeddable":true,"href":"https:\/\/chiaseklos.lt\/en\/wp-json\/wp\/v2\/product_tag?post=24708"}],"curies":[{"name":"wp","href":"https:\/\/api.w.org\/{rel}","templated":true}]}}