{"id":24687,"date":"2023-12-09T09:21:43","date_gmt":"2023-12-09T09:21:43","guid":{"rendered":"https:\/\/chiaseklos.lt\/?post_type=product&#038;p=24687"},"modified":"2025-10-19T21:34:14","modified_gmt":"2025-10-19T21:34:14","slug":"medaus-skanestas-su-juodaisiais-serbentais","status":"publish","type":"product","link":"https:\/\/chiaseklos.lt\/en\/product\/medaus-skanestas-su-juodaisiais-serbentais\/","title":{"rendered":"Medaus skan\u0117stas su Juodaisiais serbentais"},"content":{"rendered":"<h1>Medaus skan\u0117stas su juodaisiais serbentais<\/h1>\n<p>Tai piev\u0173 \u017eied\u0173 medus ir juodieji serbentai. Puikus derinys.<\/p>\n<p>Tinka skanauti vien\u0105, ruo\u0161ti arbat\u0105, tepti ant skrebu\u010dio ar s\u016brio.<\/p>\n<p>Gamyboje nenaudojama joki\u0173 konservant\u0173, skonio stiprikli\u0173, dirbtini\u0173 saldikli\u0173\u00a0ar da\u017eikli\u0173.<\/p>\n<p>Nerekomenduojama vartoti asmenims, alergi\u0161kiems produkto sudedamosioms dalims.<\/p>\n<p><strong>Sudedamosios dalys: Piev\u0173 medus (95 proc.), \u0161al\u010diu d\u017eiovinti (liofilizuoti) juodieji serbentai (5 proc.)<\/strong><\/p>\n<p>Energin\u0117 vert\u0117 &#8211;\u00a01308 kJ \/\u00a0325 kcal\u00a0Riebalai &#8211; 0,01 g\u00a0i\u0161 kuri\u0173 so\u010di\u0173j\u0173 riebal\u0173 r\u016bg\u0161\u010di\u0173 &#8211; 0,0 g\u00a0Angliavandeniai &#8211;\u00a079,60 g<\/p>\n<p>i\u0161 kuri\u0173 cukr\u0173 &#8211; 79,60 g\u00a0Baltymai &#8211;\u00a00,5\u00a0g\u00a0Druska &#8211; 0,0 g<\/p>\n<h5><strong>Laikymo s\u0105lygos:<\/strong>\u00a0Patartina laikyti sandariame stikliniame inde sausoje, tamsioje vietoje.<\/h5>\n<h5><strong>Gamintojas<\/strong>\u00a0\u2013 MB Greitos bit\u0117s.<\/h5>\n<h5><strong>Kilm\u0117s \u0161alis:\u00a0<\/strong>\u00a0Lietuva.<\/h5>\n<h1><\/h1>","protected":false},"excerpt":{"rendered":"<p>Medaus skan\u0117stas su juodaisiais serbentais Tai piev\u0173 \u017eied\u0173 medus ir juodieji serbentai. Puikus derinys. Tinka skanauti vien\u0105, ruo\u0161ti arbat\u0105, tepti ant skrebu\u010dio ar s\u016brio. Gamyboje nenaudojama joki\u0173 konservant\u0173, skonio stiprikli\u0173, dirbtini\u0173 saldikli\u0173\u00a0ar da\u017eikli\u0173. Nerekomenduojama vartoti asmenims, alergi\u0161kiems produkto sudedamosioms dalims. Sudedamosios dalys: Piev\u0173 medus (95 proc.), \u0161al\u010diu d\u017eiovinti (liofilizuoti) juodieji serbentai (5 proc.) Energin\u0117 vert\u0117&#8230;<\/p>","protected":false},"featured_media":24688,"template":"","meta":{"_acf_changed":false},"product_brand":[],"product_cat":[110],"product_tag":[],"class_list":{"0":"post-24687","1":"product","2":"type-product","3":"status-publish","4":"has-post-thumbnail","6":"product_cat-medus-bei-jo-skanestai","7":"nt-post-class","8":"","9":"masonry-item","10":"col-lg-6","14":"excerpt-none","18":"first","19":"outofstock","20":"taxable","21":"shipping-taxable","22":"purchasable","23":"product-type-variable","24":"add-to-wishlist-after_add_to_cart"},"acf":[],"_links":{"self":[{"href":"https:\/\/chiaseklos.lt\/en\/wp-json\/wp\/v2\/product\/24687","targetHints":{"allow":["GET"]}}],"collection":[{"href":"https:\/\/chiaseklos.lt\/en\/wp-json\/wp\/v2\/product"}],"about":[{"href":"https:\/\/chiaseklos.lt\/en\/wp-json\/wp\/v2\/types\/product"}],"wp:featuredmedia":[{"embeddable":true,"href":"https:\/\/chiaseklos.lt\/en\/wp-json\/wp\/v2\/media\/24688"}],"wp:attachment":[{"href":"https:\/\/chiaseklos.lt\/en\/wp-json\/wp\/v2\/media?parent=24687"}],"wp:term":[{"taxonomy":"product_brand","embeddable":true,"href":"https:\/\/chiaseklos.lt\/en\/wp-json\/wp\/v2\/product_brand?post=24687"},{"taxonomy":"product_cat","embeddable":true,"href":"https:\/\/chiaseklos.lt\/en\/wp-json\/wp\/v2\/product_cat?post=24687"},{"taxonomy":"product_tag","embeddable":true,"href":"https:\/\/chiaseklos.lt\/en\/wp-json\/wp\/v2\/product_tag?post=24687"}],"curies":[{"name":"wp","href":"https:\/\/api.w.org\/{rel}","templated":true}]}}