{"id":24575,"date":"2023-11-30T09:18:23","date_gmt":"2023-11-30T09:18:23","guid":{"rendered":"https:\/\/chiaseklos.lt\/?post_type=product&#038;p=24575"},"modified":"2024-12-20T10:35:45","modified_gmt":"2024-12-20T10:35:45","slug":"kuno-prieziuros-baylis-harding-sweet-mandarin-grapefruit-3vnt","status":"publish","type":"product","link":"https:\/\/chiaseklos.lt\/en\/product\/kuno-prieziuros-baylis-harding-sweet-mandarin-grapefruit-3vnt\/","title":{"rendered":"K\u016bno prie\u017ei\u016bros Baylis &#038; Harding Sweet Mandarin &#038; Grapefruit 3vnt"},"content":{"rendered":"<h3>Baylis &amp; Harding Sweet Mandarin &amp; Grapefruit\u00a0k\u016bno prie\u017ei\u016bros rinkinys<\/h3>\n<p>Viskas, kad oda tapt\u0173 gra\u017ei, vienoje pakuot\u0117je. Kosmetikos rinkinys Baylis &amp; Harding Sweet Mandarin &amp; Grapefruit suteiks d\u017eiaugsmo jums arba kaip dovana prad\u017eiugins artimuosius.<\/p>\n<h5>dr\u0117kinamasis pienelis rankoms ir k\u016bnui 300 ml<\/h5>\n<h5>gaivinamoji du\u0161o \u017eel\u0117 300 ml<\/h5>\n<h5>du\u0161o kremas 300 ml<\/h5>\n<h5><\/h5>","protected":false},"excerpt":{"rendered":"<p>Baylis &amp; Harding Sweet Mandarin &amp; Grapefruit\u00a0k\u016bno prie\u017ei\u016bros rinkinys Viskas, kad oda tapt\u0173 gra\u017ei, vienoje pakuot\u0117je. Kosmetikos rinkinys Baylis &amp; Harding Sweet Mandarin &amp; Grapefruit suteiks d\u017eiaugsmo jums arba kaip dovana prad\u017eiugins artimuosius. dr\u0117kinamasis pienelis rankoms ir k\u016bnui 300 ml gaivinamoji du\u0161o \u017eel\u0117 300 ml du\u0161o kremas 300 ml<\/p>","protected":false},"featured_media":24576,"template":"","meta":{"_acf_changed":false},"product_brand":[],"product_cat":[70],"product_tag":[],"class_list":{"0":"post-24575","1":"product","2":"type-product","3":"status-publish","4":"has-post-thumbnail","6":"product_cat-akcijos","7":"nt-post-class","8":"","9":"masonry-item","10":"col-lg-6","14":"excerpt-none","18":"first","19":"outofstock","20":"taxable","21":"shipping-taxable","22":"purchasable","23":"product-type-simple","24":"add-to-wishlist-after_add_to_cart"},"acf":[],"_links":{"self":[{"href":"https:\/\/chiaseklos.lt\/en\/wp-json\/wp\/v2\/product\/24575","targetHints":{"allow":["GET"]}}],"collection":[{"href":"https:\/\/chiaseklos.lt\/en\/wp-json\/wp\/v2\/product"}],"about":[{"href":"https:\/\/chiaseklos.lt\/en\/wp-json\/wp\/v2\/types\/product"}],"wp:featuredmedia":[{"embeddable":true,"href":"https:\/\/chiaseklos.lt\/en\/wp-json\/wp\/v2\/media\/24576"}],"wp:attachment":[{"href":"https:\/\/chiaseklos.lt\/en\/wp-json\/wp\/v2\/media?parent=24575"}],"wp:term":[{"taxonomy":"product_brand","embeddable":true,"href":"https:\/\/chiaseklos.lt\/en\/wp-json\/wp\/v2\/product_brand?post=24575"},{"taxonomy":"product_cat","embeddable":true,"href":"https:\/\/chiaseklos.lt\/en\/wp-json\/wp\/v2\/product_cat?post=24575"},{"taxonomy":"product_tag","embeddable":true,"href":"https:\/\/chiaseklos.lt\/en\/wp-json\/wp\/v2\/product_tag?post=24575"}],"curies":[{"name":"wp","href":"https:\/\/api.w.org\/{rel}","templated":true}]}}