{"id":24560,"date":"2023-11-28T14:00:41","date_gmt":"2023-11-28T14:00:41","guid":{"rendered":"https:\/\/chiaseklos.lt\/?post_type=product&#038;p=24560"},"modified":"2026-01-08T11:54:43","modified_gmt":"2026-01-08T11:54:43","slug":"jaukaus-ziemojimo-100-g","status":"publish","type":"product","link":"https:\/\/chiaseklos.lt\/en\/product\/jaukaus-ziemojimo-100-g\/","title":{"rendered":"Jaukaus \u017eiemojimo 100 g"},"content":{"rendered":"<h4 class=\"product-details__product-title ec-header-h3\">Jaukaus \u017eiemojimo<\/h4>\n<p>Kafijos \u2013 taip prie\u0161kario Lietuvoje vadintos nat\u016bralios bekofein\u0117s kavos alternatyvos, nuo seno geriamos Ryt\u0173, Vidurio ir \u0160iaur\u0117s Europoje.<\/p>\n<p>Visos kavos skiriasi ne tik fitoterapiniu poveikiu organizmui, bet ir skoniu, kurio palet\u0117 kinta nuo sodraus kartumo iki jaukaus saldumo. Balinimas pienu padeda atskleisti poskonius, su\u0161velninti tanin\u0173 kartum\u0105, o recept\u0173 \u012fvairov\u0117 vilioja i\u0161m\u0117ginti m\u016bs\u0173 kafijas ir desert\u0173 gamybai.<\/p>\n<p>\u017daliava \u2013 kruop\u0161\u010diai perrinktos ir silpnai skrudintos \u0161aknys i\u0161 Lietuvos ir kaimynini\u0173 \u0161ali\u0173.<\/p>\n<p>Be kofeino, tinka veganams, vaikams \u2013 i\u0161rankiausiems, kiekvienas atras savo m\u0117gstam\u0105 skon\u012f.<\/p>\n<p><strong>Sudedamosios dalys:<\/strong><strong>\u00a0<\/strong>paprastojo \u0105\u017euolo (<em>Quercus robur<\/em>) gili\u0173 branduoliai 74 %, prieskoniai 26 %: Ceilono cinamonas, ciber\u017eol\u0117, imbieras, gvazdik\u0117lis, kardamonas, any\u017eius.<\/p>\n<p><strong>Skonis:\u00a0<\/strong>\u017eiemos jaukumui, Kal\u0117d\u0173 ryto d\u017eiaugsmui, gr\u012f\u017etan\u010dios saul\u0117s laukimui &#8211; \u012fmantraus skonio ir kvapo prieskonin\u0117 kava be kofeino \u0161ventiniam stalui ir prabangiai kasdienai.<\/p>","protected":false},"excerpt":{"rendered":"<p>Jaukaus \u017eiemojimo Kafijos \u2013 taip prie\u0161kario Lietuvoje vadintos nat\u016bralios bekofein\u0117s kavos alternatyvos, nuo seno geriamos Ryt\u0173, Vidurio ir \u0160iaur\u0117s Europoje. Visos kavos skiriasi ne tik fitoterapiniu poveikiu organizmui, bet ir skoniu, kurio palet\u0117 kinta nuo sodraus kartumo iki jaukaus saldumo. Balinimas pienu padeda atskleisti poskonius, su\u0161velninti tanin\u0173 kartum\u0105, o recept\u0173 \u012fvairov\u0117 vilioja i\u0161m\u0117ginti m\u016bs\u0173 kafijas&#8230;<\/p>","protected":false},"featured_media":24561,"template":"","meta":{"_acf_changed":false},"product_brand":[],"product_cat":[63],"product_tag":[],"class_list":{"0":"post-24560","1":"product","2":"type-product","3":"status-publish","4":"has-post-thumbnail","6":"product_cat-arbatos","7":"nt-post-class","8":"","9":"masonry-item","10":"col-lg-6","14":"excerpt-none","18":"first","19":"instock","20":"taxable","21":"shipping-taxable","22":"purchasable","23":"product-type-simple","24":"add-to-wishlist-after_add_to_cart"},"acf":[],"_links":{"self":[{"href":"https:\/\/chiaseklos.lt\/en\/wp-json\/wp\/v2\/product\/24560","targetHints":{"allow":["GET"]}}],"collection":[{"href":"https:\/\/chiaseklos.lt\/en\/wp-json\/wp\/v2\/product"}],"about":[{"href":"https:\/\/chiaseklos.lt\/en\/wp-json\/wp\/v2\/types\/product"}],"wp:featuredmedia":[{"embeddable":true,"href":"https:\/\/chiaseklos.lt\/en\/wp-json\/wp\/v2\/media\/24561"}],"wp:attachment":[{"href":"https:\/\/chiaseklos.lt\/en\/wp-json\/wp\/v2\/media?parent=24560"}],"wp:term":[{"taxonomy":"product_brand","embeddable":true,"href":"https:\/\/chiaseklos.lt\/en\/wp-json\/wp\/v2\/product_brand?post=24560"},{"taxonomy":"product_cat","embeddable":true,"href":"https:\/\/chiaseklos.lt\/en\/wp-json\/wp\/v2\/product_cat?post=24560"},{"taxonomy":"product_tag","embeddable":true,"href":"https:\/\/chiaseklos.lt\/en\/wp-json\/wp\/v2\/product_tag?post=24560"}],"curies":[{"name":"wp","href":"https:\/\/api.w.org\/{rel}","templated":true}]}}