{"id":24557,"date":"2023-11-28T13:56:35","date_gmt":"2023-11-28T13:56:35","guid":{"rendered":"https:\/\/chiaseklos.lt\/?post_type=product&#038;p=24557"},"modified":"2026-02-23T12:50:59","modified_gmt":"2026-02-23T12:50:59","slug":"kafija-100-g","status":"publish","type":"product","link":"https:\/\/chiaseklos.lt\/en\/product\/kafija-100-g\/","title":{"rendered":"Kafija 100 g"},"content":{"rendered":"<h1 class=\"product-details__product-title ec-header-h3\">Kafija<\/h1>\n<p>Kafijos \u2013 taip prie\u0161kario Lietuvoje vadintos nat\u016bralios bekofein\u0117s kavos alternatyvos, nuo seno geriamos Ryt\u0173, Vidurio ir \u0160iaur\u0117s Europoje.<\/p>\n<p>Visos kavos skiriasi ne tik fitoterapiniu poveikiu organizmui, bet ir skoniu, kurio palet\u0117 kinta nuo sodraus kartumo iki jaukaus saldumo. Balinimas pienu padeda atskleisti poskonius, su\u0161velninti tanin\u0173 kartum\u0105, o recept\u0173 \u012fvairov\u0117 vilioja i\u0161m\u0117ginti m\u016bs\u0173 kafijas ir desert\u0173 gamybai.<\/p>\n<p>\u017daliava \u2013 kruop\u0161\u010diai perrinktos ir silpnai skrudintos \u0161aknys i\u0161 Lietuvos ir kaimynini\u0173 \u0161ali\u0173.<\/p>\n<p>Be kofeino, tinka veganams, vaikams \u2013 i\u0161rankiausiems, kiekvienas atras savo m\u0117gstam\u0105 skon\u012f.<\/p>\n<p><strong>Sudedamosios dalys:<\/strong><strong>\u00a0<\/strong>itin \u0161velniai paskrudintos kiaulpien\u0117s (<em>Taraxacum officinale<\/em>), paprastosios cikorijos (<em>Cichorium intybus<\/em>) \u0161aknys ir did\u017eiosios varnal\u0117\u0161os (<em>Arctium lappa L.<\/em>) \u0161aknys, karamelinis mie\u017ei\u0173 salyklas.<\/p>\n<p><strong>Skonis:<\/strong>\u00a0i\u0161ie\u0161kota autentika &#8211; sant\u016bri lietuvi\u0161ka prabanga kavos puodelyje. Juodos duonos ir karamel\u0117s kvapnuma, kartaus \u0161okolado ir skrudint\u0173 rie\u0161ut\u0173 garduma byloja ne tik apie malonumus, bet ir apie sveikatos i\u0161mon\u0119. Ir nauj\u0105 b\u016bd\u0105 d\u017eiaugtis laime kasdienine.<\/p>","protected":false},"excerpt":{"rendered":"<p>Kafija Kafijos \u2013 taip prie\u0161kario Lietuvoje vadintos nat\u016bralios bekofein\u0117s kavos alternatyvos, nuo seno geriamos Ryt\u0173, Vidurio ir \u0160iaur\u0117s Europoje. Visos kavos skiriasi ne tik fitoterapiniu poveikiu organizmui, bet ir skoniu, kurio palet\u0117 kinta nuo sodraus kartumo iki jaukaus saldumo. Balinimas pienu padeda atskleisti poskonius, su\u0161velninti tanin\u0173 kartum\u0105, o recept\u0173 \u012fvairov\u0117 vilioja i\u0161m\u0117ginti m\u016bs\u0173 kafijas ir&#8230;<\/p>","protected":false},"featured_media":24558,"template":"","meta":{"_acf_changed":false},"product_brand":[],"product_cat":[63],"product_tag":[],"class_list":{"0":"post-24557","1":"product","2":"type-product","3":"status-publish","4":"has-post-thumbnail","6":"product_cat-arbatos","7":"nt-post-class","8":"","9":"masonry-item","10":"col-lg-6","14":"excerpt-none","18":"first","19":"instock","20":"taxable","21":"shipping-taxable","22":"purchasable","23":"product-type-simple","24":"add-to-wishlist-after_add_to_cart"},"acf":[],"_links":{"self":[{"href":"https:\/\/chiaseklos.lt\/en\/wp-json\/wp\/v2\/product\/24557","targetHints":{"allow":["GET"]}}],"collection":[{"href":"https:\/\/chiaseklos.lt\/en\/wp-json\/wp\/v2\/product"}],"about":[{"href":"https:\/\/chiaseklos.lt\/en\/wp-json\/wp\/v2\/types\/product"}],"wp:featuredmedia":[{"embeddable":true,"href":"https:\/\/chiaseklos.lt\/en\/wp-json\/wp\/v2\/media\/24558"}],"wp:attachment":[{"href":"https:\/\/chiaseklos.lt\/en\/wp-json\/wp\/v2\/media?parent=24557"}],"wp:term":[{"taxonomy":"product_brand","embeddable":true,"href":"https:\/\/chiaseklos.lt\/en\/wp-json\/wp\/v2\/product_brand?post=24557"},{"taxonomy":"product_cat","embeddable":true,"href":"https:\/\/chiaseklos.lt\/en\/wp-json\/wp\/v2\/product_cat?post=24557"},{"taxonomy":"product_tag","embeddable":true,"href":"https:\/\/chiaseklos.lt\/en\/wp-json\/wp\/v2\/product_tag?post=24557"}],"curies":[{"name":"wp","href":"https:\/\/api.w.org\/{rel}","templated":true}]}}