{"id":24455,"date":"2023-11-22T13:01:45","date_gmt":"2023-11-22T13:01:45","guid":{"rendered":"https:\/\/chiaseklos.lt\/?post_type=product&#038;p=24455"},"modified":"2025-10-08T11:53:50","modified_gmt":"2025-10-08T11:53:50","slug":"alyvuogiu-aliejus-su-rozmarinu-250ml","status":"publish","type":"product","link":"https:\/\/chiaseklos.lt\/en\/product\/alyvuogiu-aliejus-su-rozmarinu-250ml\/","title":{"rendered":"Alyvuogi\u0173 aliejus su rozmarinu 250ml"},"content":{"rendered":"<h4 class=\"product_title entry-title\">Alyvuogi\u0173 aliejus su rozmarinu<\/h4>\n<p>Alyvuogi\u0173 aliejus \u201ePhysis of Crete\u201d su sausais rozmarino lapeliais.<\/p>\n<p><strong>Maistin\u0117 vert\u0117:\u00a0<\/strong>100 ml: energin\u0117 vert\u0117: 125 Kcal\/ 518 kJ, Riebal\u0173 14 g, i\u0161 kuri\u0173: so\u010di\u0173j\u0173 riebal\u0173 r\u016bg\u0161\u010di\u0173 2 g, mononeso\u010di\u0173j\u0173 riebal\u0173 r\u016bg\u0161\u010di\u0173 11 g, polineso\u010di\u0173j\u0173 riebal\u0173 r\u016bg\u0161\u010di\u0173 1 g. Angliavandeni\u0173 0 g, i\u0161 kuri\u0173 cukrus \u2013 0 g, Baltym\u0173 \u2013 0 g, Druskos \u2013 0 g.<\/p>\n<p><strong>Laikymo s\u0105lygos:<\/strong>\u00a0laikyti sausoje ir v\u0117sioje vietoje, toliau nuo \u0161viesos ir kar\u0161\u010dio \u0161altini\u0173. Esant \u017eemesnei nei +7\u00ba C laipsni\u0173 temperat\u016brai, produkte gali atsirasti tir\u0161t\u0173 nuos\u0117d\u0173. Nuos\u0117dos i\u0161nyks auk\u0161tesn\u0117je nei 7\u00ba C temperat\u016broje. Tai nat\u016bralus procesas, ne\u012ftakojantis produkto kokyb\u0117s.<\/p>\n<p><strong>R\u016bg\u0161tingumas \u2013 0,8% max;<\/strong><\/p>\n<p><strong>Gamintojas:<\/strong>\u00a0\u201cPhysis of Crete\u201d by Asmarianakis Family<\/p>\n<p><strong>Kilm\u0117s \u0161alis:<\/strong> Graikija<\/p>","protected":false},"excerpt":{"rendered":"<p>Alyvuogi\u0173 aliejus su rozmarinu Alyvuogi\u0173 aliejus \u201ePhysis of Crete\u201d su sausais rozmarino lapeliais. Maistin\u0117 vert\u0117:\u00a0100 ml: energin\u0117 vert\u0117: 125 Kcal\/ 518 kJ, Riebal\u0173 14 g, i\u0161 kuri\u0173: so\u010di\u0173j\u0173 riebal\u0173 r\u016bg\u0161\u010di\u0173 2 g, mononeso\u010di\u0173j\u0173 riebal\u0173 r\u016bg\u0161\u010di\u0173 11 g, polineso\u010di\u0173j\u0173 riebal\u0173 r\u016bg\u0161\u010di\u0173 1 g. Angliavandeni\u0173 0 g, i\u0161 kuri\u0173 cukrus \u2013 0 g, Baltym\u0173 \u2013 0 g,&#8230;<\/p>","protected":false},"featured_media":24456,"template":"","meta":{"_acf_changed":false},"product_brand":[],"product_cat":[101],"product_tag":[],"class_list":{"0":"post-24455","1":"product","2":"type-product","3":"status-publish","4":"has-post-thumbnail","6":"product_cat-aliejus","7":"nt-post-class","8":"","9":"masonry-item","10":"col-lg-6","14":"excerpt-none","18":"first","19":"outofstock","20":"taxable","21":"shipping-taxable","22":"purchasable","23":"product-type-simple","24":"add-to-wishlist-after_add_to_cart"},"acf":[],"_links":{"self":[{"href":"https:\/\/chiaseklos.lt\/en\/wp-json\/wp\/v2\/product\/24455","targetHints":{"allow":["GET"]}}],"collection":[{"href":"https:\/\/chiaseklos.lt\/en\/wp-json\/wp\/v2\/product"}],"about":[{"href":"https:\/\/chiaseklos.lt\/en\/wp-json\/wp\/v2\/types\/product"}],"wp:featuredmedia":[{"embeddable":true,"href":"https:\/\/chiaseklos.lt\/en\/wp-json\/wp\/v2\/media\/24456"}],"wp:attachment":[{"href":"https:\/\/chiaseklos.lt\/en\/wp-json\/wp\/v2\/media?parent=24455"}],"wp:term":[{"taxonomy":"product_brand","embeddable":true,"href":"https:\/\/chiaseklos.lt\/en\/wp-json\/wp\/v2\/product_brand?post=24455"},{"taxonomy":"product_cat","embeddable":true,"href":"https:\/\/chiaseklos.lt\/en\/wp-json\/wp\/v2\/product_cat?post=24455"},{"taxonomy":"product_tag","embeddable":true,"href":"https:\/\/chiaseklos.lt\/en\/wp-json\/wp\/v2\/product_tag?post=24455"}],"curies":[{"name":"wp","href":"https:\/\/api.w.org\/{rel}","templated":true}]}}