{"id":24434,"date":"2023-11-21T13:20:00","date_gmt":"2023-11-21T13:20:00","guid":{"rendered":"https:\/\/chiaseklos.lt\/?post_type=product&#038;p=24434"},"modified":"2025-11-18T17:53:31","modified_gmt":"2025-11-18T17:53:31","slug":"lauzyti-kukuruzu-trapuciai-su-spirulina-500g","status":"publish","type":"product","link":"https:\/\/chiaseklos.lt\/en\/product\/lauzyti-kukuruzu-trapuciai-su-spirulina-500g\/","title":{"rendered":"Lau\u017eyti kukur\u016bz\u0173 trapu\u010diai su spirulina, 500g"},"content":{"rendered":"<h4>Lau\u017eyti kukur\u016bz\u0173 trapu\u010diai su spirulina<\/h4>\n<p>Skaidulini\u0173 med\u017eiag\u0173 \u0161altinis<\/p>\n<p>Melsvadumblis spirulina\u00a0&#8211; nat\u016bralus organizmo stiprintojas &#8211; antioksidant\u0173 ir amino r\u016bg\u0161\u010di\u0173 \u0161altinis, pakelia tonus\u0105, pa\u017eadina gyvybingum\u0105. Rekomenduojama svorio kontrolei &#8211; suteikia sotumo jausm\u0105.<\/p>\n<p><strong>Sudedamosios dalys<\/strong>:\u00a0kukur\u016bz\u0173 kruopos 96,5%, spirulina 1,9%, druska, raps\u0173 aliejus, emulsiklis raps\u0173 lecitinas.\u00a0Gali b\u016bti GLITIMO ir SEZAMO s\u0117kl\u0173\u00a0p\u0117dsak\u0173.<\/p>\n<p><strong>Maistin\u0117 vert\u0117 (100 g).<\/strong> energin\u0117 vert\u0117 1532 kJ\/ 363 kcal, riebalai 5,3 g, i\u0161 kuri\u0173 so\u010di\u0173j\u0173 riebal\u0173 r\u016bg\u0161\u010di\u0173 0,8 g, angliavandeniai 65,5 g, i\u0161 kuri\u0173 cukr\u0173 0,7 g, skaidulin\u0117s med\u017eiagos 7,1 g, baltymai 9,7 g, druska 1 g.<\/p>\n<p><strong>Laikymo s\u0105lygos<\/strong>: laikyti sausoje, v\u0117sioje vietoje. Atidarius pakuot\u0119 laikyti sandariai u\u017edaryt\u0105. Pagaminta Lietuvoje.<\/p>\n<p><strong>Kilm\u0117s \u0161alis<\/strong>: Lietuva<\/p>","protected":false},"excerpt":{"rendered":"<p>Lau\u017eyti kukur\u016bz\u0173 trapu\u010diai su spirulina Skaidulini\u0173 med\u017eiag\u0173 \u0161altinis Melsvadumblis spirulina\u00a0&#8211; nat\u016bralus organizmo stiprintojas &#8211; antioksidant\u0173 ir amino r\u016bg\u0161\u010di\u0173 \u0161altinis, pakelia tonus\u0105, pa\u017eadina gyvybingum\u0105. Rekomenduojama svorio kontrolei &#8211; suteikia sotumo jausm\u0105. Sudedamosios dalys:\u00a0kukur\u016bz\u0173 kruopos 96,5%, spirulina 1,9%, druska, raps\u0173 aliejus, emulsiklis raps\u0173 lecitinas.\u00a0Gali b\u016bti GLITIMO ir SEZAMO s\u0117kl\u0173\u00a0p\u0117dsak\u0173. Maistin\u0117 vert\u0117 (100 g). energin\u0117 vert\u0117 1532 kJ\/&#8230;<\/p>","protected":false},"featured_media":24436,"template":"","meta":{"_acf_changed":false},"product_brand":[],"product_cat":[70],"product_tag":[],"class_list":{"0":"post-24434","1":"product","2":"type-product","3":"status-publish","4":"has-post-thumbnail","6":"product_cat-akcijos","7":"nt-post-class","8":"","9":"masonry-item","10":"col-lg-6","14":"excerpt-none","18":"first","19":"outofstock","20":"taxable","21":"shipping-taxable","22":"purchasable","23":"product-type-simple","24":"add-to-wishlist-after_add_to_cart"},"acf":[],"_links":{"self":[{"href":"https:\/\/chiaseklos.lt\/en\/wp-json\/wp\/v2\/product\/24434","targetHints":{"allow":["GET"]}}],"collection":[{"href":"https:\/\/chiaseklos.lt\/en\/wp-json\/wp\/v2\/product"}],"about":[{"href":"https:\/\/chiaseklos.lt\/en\/wp-json\/wp\/v2\/types\/product"}],"wp:featuredmedia":[{"embeddable":true,"href":"https:\/\/chiaseklos.lt\/en\/wp-json\/wp\/v2\/media\/24436"}],"wp:attachment":[{"href":"https:\/\/chiaseklos.lt\/en\/wp-json\/wp\/v2\/media?parent=24434"}],"wp:term":[{"taxonomy":"product_brand","embeddable":true,"href":"https:\/\/chiaseklos.lt\/en\/wp-json\/wp\/v2\/product_brand?post=24434"},{"taxonomy":"product_cat","embeddable":true,"href":"https:\/\/chiaseklos.lt\/en\/wp-json\/wp\/v2\/product_cat?post=24434"},{"taxonomy":"product_tag","embeddable":true,"href":"https:\/\/chiaseklos.lt\/en\/wp-json\/wp\/v2\/product_tag?post=24434"}],"curies":[{"name":"wp","href":"https:\/\/api.w.org\/{rel}","templated":true}]}}