{"id":24429,"date":"2023-11-21T12:36:03","date_gmt":"2023-11-21T12:36:03","guid":{"rendered":"https:\/\/chiaseklos.lt\/?post_type=product&#038;p=24429"},"modified":"2026-04-17T11:12:06","modified_gmt":"2026-04-17T11:12:06","slug":"kukuruzu-trapuciai-ustukiu-malunas-120-g","status":"publish","type":"product","link":"https:\/\/chiaseklos.lt\/en\/product\/kukuruzu-trapuciai-ustukiu-malunas-120-g\/","title":{"rendered":"Kukur\u016bz\u0173 trapu\u010diai USTUKI\u0172 MAL\u016aNAS, 120 g"},"content":{"rendered":"<h4 class=\"name\">Kukur\u016bz\u0173 trapu\u010diai USTUKI\u0172 MAL\u016aNAS<\/h4>\n<p>Pilno gr\u016bdo produktas. Daug skaidulini\u0173 med\u017eiag\u0173. Ma\u017eai so\u010di\u0173j\u0173 riebal\u0173. Tinka vegetarams ir veganams.<\/p>\n<p><strong>Sudedamosios dalys: <\/strong>kukur\u016bz\u0173 kruopos 98 %, druska,\u00a0raps\u0173 aliejus, raps\u0173 lecitinas. G<span style=\"font-size: 14.4px;\">ali b\u016bti GLITIMO ir SEZAMO p\u0117dsak\u0173<\/span><\/p>\n<p>Laikymo s\u0105lygos: Ma\u017eiausia leistina laikymo temperatura: 0\u00b0 C Did\u017eiausia leistina laikymo temperatura: 22\u00b0 C<\/p>\n<p><strong>Maistin\u0117 vert\u0117 (100 g).<\/strong>\u00a0Energija 1535 kJ\/ 364 kcal, riebalai 5,6 g, i\u0161 j\u0173 so\u010di\u0173j\u0173 riebal\u0173 0,8 g, angliavandeniai 65,6 g, i\u0161 j\u0173 cukr\u0173 0,6 g, skaidulin\u0117s med\u017eiagos 7,1g, baltymai 9,2g, druska 1,2 g.<\/p>\n<p>Kilm\u0117s \u0161alis: Lietuva<\/p>","protected":false},"excerpt":{"rendered":"<p>Kukur\u016bz\u0173 trapu\u010diai USTUKI\u0172 MAL\u016aNAS Pilno gr\u016bdo produktas. Daug skaidulini\u0173 med\u017eiag\u0173. Ma\u017eai so\u010di\u0173j\u0173 riebal\u0173. Tinka vegetarams ir veganams. Sudedamosios dalys: kukur\u016bz\u0173 kruopos 98 %, druska,\u00a0raps\u0173 aliejus, raps\u0173 lecitinas. Gali b\u016bti GLITIMO ir SEZAMO p\u0117dsak\u0173 Laikymo s\u0105lygos: Ma\u017eiausia leistina laikymo temperatura: 0\u00b0 C Did\u017eiausia leistina laikymo temperatura: 22\u00b0 C Maistin\u0117 vert\u0117 (100 g).\u00a0Energija 1535 kJ\/ 364 kcal,&#8230;<\/p>","protected":false},"featured_media":24430,"template":"","meta":{"_acf_changed":false},"product_brand":[],"product_cat":[70],"product_tag":[],"class_list":{"0":"post-24429","1":"product","2":"type-product","3":"status-publish","4":"has-post-thumbnail","6":"product_cat-akcijos","7":"nt-post-class","8":"","9":"masonry-item","10":"col-lg-6","14":"excerpt-none","18":"first","19":"outofstock","20":"taxable","21":"shipping-taxable","22":"purchasable","23":"product-type-simple","24":"add-to-wishlist-after_add_to_cart"},"acf":[],"_links":{"self":[{"href":"https:\/\/chiaseklos.lt\/en\/wp-json\/wp\/v2\/product\/24429","targetHints":{"allow":["GET"]}}],"collection":[{"href":"https:\/\/chiaseklos.lt\/en\/wp-json\/wp\/v2\/product"}],"about":[{"href":"https:\/\/chiaseklos.lt\/en\/wp-json\/wp\/v2\/types\/product"}],"wp:featuredmedia":[{"embeddable":true,"href":"https:\/\/chiaseklos.lt\/en\/wp-json\/wp\/v2\/media\/24430"}],"wp:attachment":[{"href":"https:\/\/chiaseklos.lt\/en\/wp-json\/wp\/v2\/media?parent=24429"}],"wp:term":[{"taxonomy":"product_brand","embeddable":true,"href":"https:\/\/chiaseklos.lt\/en\/wp-json\/wp\/v2\/product_brand?post=24429"},{"taxonomy":"product_cat","embeddable":true,"href":"https:\/\/chiaseklos.lt\/en\/wp-json\/wp\/v2\/product_cat?post=24429"},{"taxonomy":"product_tag","embeddable":true,"href":"https:\/\/chiaseklos.lt\/en\/wp-json\/wp\/v2\/product_tag?post=24429"}],"curies":[{"name":"wp","href":"https:\/\/api.w.org\/{rel}","templated":true}]}}