{"id":24426,"date":"2023-11-21T13:31:57","date_gmt":"2023-11-21T13:31:57","guid":{"rendered":"https:\/\/chiaseklos.lt\/?post_type=product&#038;p=24426"},"modified":"2025-11-18T17:53:09","modified_gmt":"2025-11-18T17:53:09","slug":"lauzyti-kukuruzu-trapuciai-su-kakaviniu-glaistu-400g","status":"publish","type":"product","link":"https:\/\/chiaseklos.lt\/en\/product\/lauzyti-kukuruzu-trapuciai-su-kakaviniu-glaistu-400g\/","title":{"rendered":"Lau\u017eyti kukur\u016bz\u0173 trapu\u010diai su kakaviniu glaistu, 400g"},"content":{"rendered":"<h4>Lau\u017eyti kukur\u016bz\u0173 trapu\u010diai su kakaviniu glaistu<\/h4>\n<div class=\"elementor-element elementor-element-21ce8933 elementor-widget elementor-widget-text-editor\" data-id=\"21ce8933\" data-element_type=\"widget\" data-widget_type=\"text-editor.default\">\n<div class=\"elementor-widget-container\">\n<div class=\"elementor-text-editor elementor-clearfix\">\n<p>Nekepta riebaluose\u00a0Tinka vegetarams<\/p>\n<\/div>\n<\/div>\n<\/div>\n<div class=\"elementor-element elementor-element-8be5e17 elementor-widget elementor-widget-text-editor\" data-id=\"8be5e17\" data-element_type=\"widget\" data-widget_type=\"text-editor.default\">\n<div class=\"elementor-widget-container\">\n<div class=\"elementor-text-editor elementor-clearfix\">\n<p><strong>Sudedamosios dalys.\u00a0<\/strong>Kukur\u016bz\u0173 trapu\u010diai 55% (kukur\u016bzai 98,2%, druska, raps\u0173 aliejus),\u00a0pieninio \u0161okolado skonio glaistas 45% (cukrus, augaliniai riebalai (palmi\u0173 branduoli\u0173, palmi\u0173), PIENO milteliai, kakavos milteliai su suma\u017eintu kakavos kiekiu (10%), emulsiklis raps\u0173 lecitinas, mang\u0173 kvapioji med\u017eiaga, vanilinas).<\/p>\n<p><strong>Maistin\u0117 vert\u0117 (100 g).<\/strong>\u00a0Energija 1882 kJ\/ 450 kcal, riebalai 17,8 g, i\u0161 j\u0173 so\u010di\u0173j\u0173 riebal\u0173 12.9 g, angliavandeniai 63.5 g, i\u0161 j\u0173 cukr\u0173 26,6 g, skaidulin\u0117s med\u017eiagos 4 g, baltymai 6,5 g, druska 0,64 g.\u00a0Gali b\u016bti glitimo. kiau\u0161ini\u0173 produkt\u0173, rie\u0161ut\u0173, \u017eem\u0117s rie\u0161ut\u0173, sezamo p\u0117dsak\u0173.<\/p>\n<\/div>\n<\/div>\n<\/div>\n<p>&nbsp;<\/p>","protected":false},"excerpt":{"rendered":"<p>Lau\u017eyti kukur\u016bz\u0173 trapu\u010diai su kakaviniu glaistu Nekepta riebaluose\u00a0Tinka vegetarams Sudedamosios dalys.\u00a0Kukur\u016bz\u0173 trapu\u010diai 55% (kukur\u016bzai 98,2%, druska, raps\u0173 aliejus),\u00a0pieninio \u0161okolado skonio glaistas 45% (cukrus, augaliniai riebalai (palmi\u0173 branduoli\u0173, palmi\u0173), PIENO milteliai, kakavos milteliai su suma\u017eintu kakavos kiekiu (10%), emulsiklis raps\u0173 lecitinas, mang\u0173 kvapioji med\u017eiaga, vanilinas). Maistin\u0117 vert\u0117 (100 g).\u00a0Energija 1882 kJ\/ 450 kcal, riebalai 17,8 g,&#8230;<\/p>","protected":false},"featured_media":24438,"template":"","meta":{"_acf_changed":false},"product_brand":[],"product_cat":[70],"product_tag":[],"class_list":{"0":"post-24426","1":"product","2":"type-product","3":"status-publish","4":"has-post-thumbnail","6":"product_cat-akcijos","7":"nt-post-class","8":"","9":"masonry-item","10":"col-lg-6","14":"excerpt-none","18":"first","19":"outofstock","20":"taxable","21":"shipping-taxable","22":"purchasable","23":"product-type-simple","24":"add-to-wishlist-after_add_to_cart"},"acf":[],"_links":{"self":[{"href":"https:\/\/chiaseklos.lt\/en\/wp-json\/wp\/v2\/product\/24426","targetHints":{"allow":["GET"]}}],"collection":[{"href":"https:\/\/chiaseklos.lt\/en\/wp-json\/wp\/v2\/product"}],"about":[{"href":"https:\/\/chiaseklos.lt\/en\/wp-json\/wp\/v2\/types\/product"}],"wp:featuredmedia":[{"embeddable":true,"href":"https:\/\/chiaseklos.lt\/en\/wp-json\/wp\/v2\/media\/24438"}],"wp:attachment":[{"href":"https:\/\/chiaseklos.lt\/en\/wp-json\/wp\/v2\/media?parent=24426"}],"wp:term":[{"taxonomy":"product_brand","embeddable":true,"href":"https:\/\/chiaseklos.lt\/en\/wp-json\/wp\/v2\/product_brand?post=24426"},{"taxonomy":"product_cat","embeddable":true,"href":"https:\/\/chiaseklos.lt\/en\/wp-json\/wp\/v2\/product_cat?post=24426"},{"taxonomy":"product_tag","embeddable":true,"href":"https:\/\/chiaseklos.lt\/en\/wp-json\/wp\/v2\/product_tag?post=24426"}],"curies":[{"name":"wp","href":"https:\/\/api.w.org\/{rel}","templated":true}]}}