{"id":24376,"date":"2023-11-18T13:01:41","date_gmt":"2023-11-18T13:01:41","guid":{"rendered":"https:\/\/chiaseklos.lt\/?post_type=product&#038;p=24376"},"modified":"2025-01-27T11:23:27","modified_gmt":"2025-01-27T11:23:27","slug":"maltas-muskato-riesutas","status":"publish","type":"product","link":"https:\/\/chiaseklos.lt\/en\/product\/maltas-muskato-riesutas\/","title":{"rendered":"Maltas muskato rie\u0161utas"},"content":{"rendered":"<h4>Maltas muskato rie\u0161utas<\/h4>\n<div id=\"description\">\n<p>Naudojamas uogien\u0117ms, g\u0117rimams, kompotams, arbatai, kavai bei sald\u017ei\u0173 puding\u0173, krem\u0173, saldumyn\u0173, kepini\u0173, led\u0173, var\u0161k\u0117s patiekal\u0173 ruo\u0161imui. Muskatas puikiai dera su bulv\u0117mis, naudojamas pomidor\u0173 sul\u010di\u0173 ir pada\u017e\u0173 gardinimui.<\/p>\n<p><strong>Laikymo s\u0105lygos:<\/strong>\u00a0laikyti sausoje, v\u0117sioje, tamsioje vietoje.<\/p>\n<p>Kilm\u0117s \u0161alis: Indonezija<\/p>\n<\/div>\n<h3><strong style=\"color: #555555; font-size: 14.4px;\">Sudedamosios dalys:<\/strong><span style=\"color: #555555; font-size: 14.4px;\">\u00a0maltas muskato rie\u0161utas.<\/span><\/h3>\n<p>&nbsp;<\/p>","protected":false},"excerpt":{"rendered":"<p>Maltas muskato rie\u0161utas Naudojamas uogien\u0117ms, g\u0117rimams, kompotams, arbatai, kavai bei sald\u017ei\u0173 puding\u0173, krem\u0173, saldumyn\u0173, kepini\u0173, led\u0173, var\u0161k\u0117s patiekal\u0173 ruo\u0161imui. Muskatas puikiai dera su bulv\u0117mis, naudojamas pomidor\u0173 sul\u010di\u0173 ir pada\u017e\u0173 gardinimui. Laikymo s\u0105lygos:\u00a0laikyti sausoje, v\u0117sioje, tamsioje vietoje. Kilm\u0117s \u0161alis: Indonezija Sudedamosios dalys:\u00a0maltas muskato rie\u0161utas. &nbsp;<\/p>","protected":false},"featured_media":24386,"template":"","meta":{"_acf_changed":false},"product_brand":[],"product_cat":[88,68],"product_tag":[],"class_list":{"0":"post-24376","1":"product","2":"type-product","3":"status-publish","4":"has-post-thumbnail","6":"product_cat-naujiena","7":"product_cat-prieskoniai","8":"nt-post-class","9":"","10":"masonry-item","11":"col-lg-6","15":"excerpt-none","19":"first","20":"instock","21":"taxable","22":"shipping-taxable","23":"purchasable","24":"product-type-variable","25":"add-to-wishlist-after_add_to_cart"},"acf":[],"_links":{"self":[{"href":"https:\/\/chiaseklos.lt\/en\/wp-json\/wp\/v2\/product\/24376","targetHints":{"allow":["GET"]}}],"collection":[{"href":"https:\/\/chiaseklos.lt\/en\/wp-json\/wp\/v2\/product"}],"about":[{"href":"https:\/\/chiaseklos.lt\/en\/wp-json\/wp\/v2\/types\/product"}],"wp:featuredmedia":[{"embeddable":true,"href":"https:\/\/chiaseklos.lt\/en\/wp-json\/wp\/v2\/media\/24386"}],"wp:attachment":[{"href":"https:\/\/chiaseklos.lt\/en\/wp-json\/wp\/v2\/media?parent=24376"}],"wp:term":[{"taxonomy":"product_brand","embeddable":true,"href":"https:\/\/chiaseklos.lt\/en\/wp-json\/wp\/v2\/product_brand?post=24376"},{"taxonomy":"product_cat","embeddable":true,"href":"https:\/\/chiaseklos.lt\/en\/wp-json\/wp\/v2\/product_cat?post=24376"},{"taxonomy":"product_tag","embeddable":true,"href":"https:\/\/chiaseklos.lt\/en\/wp-json\/wp\/v2\/product_tag?post=24376"}],"curies":[{"name":"wp","href":"https:\/\/api.w.org\/{rel}","templated":true}]}}