{"id":23978,"date":"2023-11-17T13:58:46","date_gmt":"2023-11-17T13:58:46","guid":{"rendered":"https:\/\/chiaseklos.lt\/?post_type=product&#038;p=23978"},"modified":"2026-02-06T10:07:38","modified_gmt":"2026-02-06T10:07:38","slug":"traskus-kepinti-svogunai","status":"publish","type":"product","link":"https:\/\/chiaseklos.lt\/en\/product\/traskus-kepinti-svogunai\/","title":{"rendered":"Tra\u0161k\u016bs kepinti svog\u016bnai"},"content":{"rendered":"<p class=\"b-product-info--title\">Tra\u0161k\u016bs kepinti svog\u016bnai<\/p>\n<p>Kepinti d\u017eiovinti svog\u016bnai tinka kaip pagardas tro\u0161kiniams, sriuboms, picoms, salotoms.<\/p>\n<p>Sudedamosios dalys:\u00a0Svog\u016bnai (73%), palmi\u0173 aliejus, KVIETINIAI miltai, druska. Produkte yra\u00a0<strong>glitimo<\/strong>\u00a0turin\u010di\u0173\u00a0<strong>jav\u0173<\/strong>.<\/p>\n<p>Laikyti sausoje vietoje. Atidarius laikyti sandariame inde. Laikymo temperat\u016bra: nuo 0\u00b0C iki 25\u00b0C.<\/p>\n<p>Kilm\u0117s \u0161alis: Lenkija<\/p>","protected":false},"excerpt":{"rendered":"<p>Tra\u0161k\u016bs kepinti svog\u016bnai Kepinti d\u017eiovinti svog\u016bnai tinka kaip pagardas tro\u0161kiniams, sriuboms, picoms, salotoms. Sudedamosios dalys:\u00a0Svog\u016bnai (73%), palmi\u0173 aliejus, KVIETINIAI miltai, druska. Produkte yra\u00a0glitimo\u00a0turin\u010di\u0173\u00a0jav\u0173. Laikyti sausoje vietoje. Atidarius laikyti sandariame inde. Laikymo temperat\u016bra: nuo 0\u00b0C iki 25\u00b0C. Kilm\u0117s \u0161alis: Lenkija<\/p>","protected":false},"featured_media":24372,"template":"","meta":{"_acf_changed":false},"product_brand":[],"product_cat":[68],"product_tag":[],"class_list":{"0":"post-23978","1":"product","2":"type-product","3":"status-publish","4":"has-post-thumbnail","6":"product_cat-prieskoniai","7":"nt-post-class","8":"","9":"masonry-item","10":"col-lg-6","14":"excerpt-none","18":"first","19":"instock","20":"taxable","21":"shipping-taxable","22":"purchasable","23":"product-type-variable","24":"add-to-wishlist-after_add_to_cart"},"acf":[],"_links":{"self":[{"href":"https:\/\/chiaseklos.lt\/en\/wp-json\/wp\/v2\/product\/23978","targetHints":{"allow":["GET"]}}],"collection":[{"href":"https:\/\/chiaseklos.lt\/en\/wp-json\/wp\/v2\/product"}],"about":[{"href":"https:\/\/chiaseklos.lt\/en\/wp-json\/wp\/v2\/types\/product"}],"wp:featuredmedia":[{"embeddable":true,"href":"https:\/\/chiaseklos.lt\/en\/wp-json\/wp\/v2\/media\/24372"}],"wp:attachment":[{"href":"https:\/\/chiaseklos.lt\/en\/wp-json\/wp\/v2\/media?parent=23978"}],"wp:term":[{"taxonomy":"product_brand","embeddable":true,"href":"https:\/\/chiaseklos.lt\/en\/wp-json\/wp\/v2\/product_brand?post=23978"},{"taxonomy":"product_cat","embeddable":true,"href":"https:\/\/chiaseklos.lt\/en\/wp-json\/wp\/v2\/product_cat?post=23978"},{"taxonomy":"product_tag","embeddable":true,"href":"https:\/\/chiaseklos.lt\/en\/wp-json\/wp\/v2\/product_tag?post=23978"}],"curies":[{"name":"wp","href":"https:\/\/api.w.org\/{rel}","templated":true}]}}