{"id":23971,"date":"2023-10-10T11:29:20","date_gmt":"2023-10-10T11:29:20","guid":{"rendered":"https:\/\/chiaseklos.lt\/?post_type=product&#038;p=23971"},"modified":"2025-12-28T10:19:45","modified_gmt":"2025-12-28T10:19:45","slug":"pistaciju-branduoliai","status":"publish","type":"product","link":"https:\/\/chiaseklos.lt\/en\/product\/pistaciju-branduoliai\/","title":{"rendered":"Pistacij\u0173 BRANDUOLIAI"},"content":{"rendered":"<p>Pistacij\u0173 branduoliai<\/p>\n<p>Luk\u0161tentos pistacijos arba tiesiog pistacij\u0173 branduoliai &#8211; patog\u016bs valgyti vienus. Itin skanu gardinti salotas, desertus, \u017euvies ar m\u0117sos patiekalus.<\/p>\n<p>Energin\u0117 ir maistin\u0117 vert\u0117 100 g: 620 kcal\/2594 kJ, riebal\u0173 45,4 g, i\u0161 kuri\u0173 so\u010di\u0173j\u0173 riebal\u0173 r\u016bg\u0161\u010di\u0173 5,5 g, angliavandeni\u0173 27,5 g, i\u0161 kuri\u0173 cukr\u0173 7,6 g, baltym\u0173 20,3 g, druskos 0,01 g.<\/p>\n<p>Sudedamosios dalys: pistacij\u0173 RIE\u0160UT\u0172 branduoliai. Sud\u0117tyje yra RIE\u0160UT\u0172.<\/p>\n<p>Kilm\u0117s \u0161alis: JAV<\/p>\n<p>Laikyti sausoje, \u0161varioje ir v\u0117sioje vietoje. Laikymo temperat\u016bra: nuo 0\u00b0C iki 20\u00b0C.<\/p>","protected":false},"excerpt":{"rendered":"<p>Pistacij\u0173 branduoliai Luk\u0161tentos pistacijos arba tiesiog pistacij\u0173 branduoliai &#8211; patog\u016bs valgyti vienus. Itin skanu gardinti salotas, desertus, \u017euvies ar m\u0117sos patiekalus. Energin\u0117 ir maistin\u0117 vert\u0117 100 g: 620 kcal\/2594 kJ, riebal\u0173 45,4 g, i\u0161 kuri\u0173 so\u010di\u0173j\u0173 riebal\u0173 r\u016bg\u0161\u010di\u0173 5,5 g, angliavandeni\u0173 27,5 g, i\u0161 kuri\u0173 cukr\u0173 7,6 g, baltym\u0173 20,3 g, druskos 0,01 g. Sudedamosios&#8230;<\/p>","protected":false},"featured_media":23972,"template":"","meta":{"_acf_changed":false},"product_brand":[],"product_cat":[61],"product_tag":[],"class_list":{"0":"post-23971","1":"product","2":"type-product","3":"status-publish","4":"has-post-thumbnail","6":"product_cat-riesutai","7":"nt-post-class","8":"","9":"masonry-item","10":"col-lg-6","14":"excerpt-none","18":"first","19":"instock","20":"taxable","21":"shipping-taxable","22":"purchasable","23":"product-type-variable","24":"add-to-wishlist-after_add_to_cart"},"acf":[],"_links":{"self":[{"href":"https:\/\/chiaseklos.lt\/en\/wp-json\/wp\/v2\/product\/23971","targetHints":{"allow":["GET"]}}],"collection":[{"href":"https:\/\/chiaseklos.lt\/en\/wp-json\/wp\/v2\/product"}],"about":[{"href":"https:\/\/chiaseklos.lt\/en\/wp-json\/wp\/v2\/types\/product"}],"wp:featuredmedia":[{"embeddable":true,"href":"https:\/\/chiaseklos.lt\/en\/wp-json\/wp\/v2\/media\/23972"}],"wp:attachment":[{"href":"https:\/\/chiaseklos.lt\/en\/wp-json\/wp\/v2\/media?parent=23971"}],"wp:term":[{"taxonomy":"product_brand","embeddable":true,"href":"https:\/\/chiaseklos.lt\/en\/wp-json\/wp\/v2\/product_brand?post=23971"},{"taxonomy":"product_cat","embeddable":true,"href":"https:\/\/chiaseklos.lt\/en\/wp-json\/wp\/v2\/product_cat?post=23971"},{"taxonomy":"product_tag","embeddable":true,"href":"https:\/\/chiaseklos.lt\/en\/wp-json\/wp\/v2\/product_tag?post=23971"}],"curies":[{"name":"wp","href":"https:\/\/api.w.org\/{rel}","templated":true}]}}