{"id":23964,"date":"2023-10-10T09:56:28","date_gmt":"2023-10-10T09:56:28","guid":{"rendered":"https:\/\/chiaseklos.lt\/?post_type=product&#038;p=23964"},"modified":"2025-09-02T08:30:24","modified_gmt":"2025-09-02T08:30:24","slug":"kardamono-seklos","status":"publish","type":"product","link":"https:\/\/chiaseklos.lt\/en\/product\/kardamono-seklos\/","title":{"rendered":"Kardamono s\u0117klos"},"content":{"rendered":"<p>Kardamono s\u0117klos<\/p>\n<p>Kardamono skonis bei kvapas ry\u0161kus, aitrokas, maloniai \u0161ildantis.<\/p>\n<p>Ryt\u0173 \u0161alyse juo m\u0117gsta skaninti kav\u0105, arbat\u0105, kitus g\u0117rimus.<\/p>\n<p>Kardamonai suteikia nepakartojam\u0105 skon\u012f sausainiams, meduoliams, pyragams ir pyragai\u010diams.\u00a0Taip pat kardamono s\u0117klas naudoja ir kitiems patiekalams gardinti:<\/p>\n<p>sriubai, pada\u017eams, ry\u017eiams, dar\u017eov\u0117ms, ank\u0161tiniams, \u017euviai, pauk\u0161tienai ir kitokiai m\u0117sai.<\/p>\n<p>Kardamonas naudojamas tiek sald\u017eiuose, tiek pikanti\u0161kuose patiekaluose.<\/p>\n<p>Sudedamosios dalys: kardamonas 100%<\/p>\n<p>Kilm\u0117s \u0161alis: Gvatemala<\/p>\n<p>Laikyti v\u0117sioje vietoje.<\/p>","protected":false},"excerpt":{"rendered":"<p>Kardamono s\u0117klos Kardamono skonis bei kvapas ry\u0161kus, aitrokas, maloniai \u0161ildantis. Ryt\u0173 \u0161alyse juo m\u0117gsta skaninti kav\u0105, arbat\u0105, kitus g\u0117rimus. Kardamonai suteikia nepakartojam\u0105 skon\u012f sausainiams, meduoliams, pyragams ir pyragai\u010diams.\u00a0Taip pat kardamono s\u0117klas naudoja ir kitiems patiekalams gardinti: sriubai, pada\u017eams, ry\u017eiams, dar\u017eov\u0117ms, ank\u0161tiniams, \u017euviai, pauk\u0161tienai ir kitokiai m\u0117sai. Kardamonas naudojamas tiek sald\u017eiuose, tiek pikanti\u0161kuose patiekaluose. Sudedamosios dalys:&#8230;<\/p>","protected":false},"featured_media":23965,"template":"","meta":{"_acf_changed":false},"product_brand":[],"product_cat":[68,63],"product_tag":[],"class_list":{"0":"post-23964","1":"product","2":"type-product","3":"status-publish","4":"has-post-thumbnail","6":"product_cat-prieskoniai","7":"product_cat-arbatos","8":"nt-post-class","9":"","10":"masonry-item","11":"col-lg-6","15":"excerpt-none","19":"first","20":"instock","21":"taxable","22":"shipping-taxable","23":"purchasable","24":"product-type-variable","25":"add-to-wishlist-after_add_to_cart"},"acf":[],"_links":{"self":[{"href":"https:\/\/chiaseklos.lt\/en\/wp-json\/wp\/v2\/product\/23964","targetHints":{"allow":["GET"]}}],"collection":[{"href":"https:\/\/chiaseklos.lt\/en\/wp-json\/wp\/v2\/product"}],"about":[{"href":"https:\/\/chiaseklos.lt\/en\/wp-json\/wp\/v2\/types\/product"}],"wp:featuredmedia":[{"embeddable":true,"href":"https:\/\/chiaseklos.lt\/en\/wp-json\/wp\/v2\/media\/23965"}],"wp:attachment":[{"href":"https:\/\/chiaseklos.lt\/en\/wp-json\/wp\/v2\/media?parent=23964"}],"wp:term":[{"taxonomy":"product_brand","embeddable":true,"href":"https:\/\/chiaseklos.lt\/en\/wp-json\/wp\/v2\/product_brand?post=23964"},{"taxonomy":"product_cat","embeddable":true,"href":"https:\/\/chiaseklos.lt\/en\/wp-json\/wp\/v2\/product_cat?post=23964"},{"taxonomy":"product_tag","embeddable":true,"href":"https:\/\/chiaseklos.lt\/en\/wp-json\/wp\/v2\/product_tag?post=23964"}],"curies":[{"name":"wp","href":"https:\/\/api.w.org\/{rel}","templated":true}]}}