{"id":23911,"date":"2023-10-05T11:48:17","date_gmt":"2023-10-05T11:48:17","guid":{"rendered":"https:\/\/chiaseklos.lt\/?post_type=product&#038;p=23911"},"modified":"2024-03-15T12:14:42","modified_gmt":"2024-03-15T12:14:42","slug":"malta-kajeno-paprika-100g","status":"publish","type":"product","link":"https:\/\/chiaseklos.lt\/en\/product\/malta-kajeno-paprika-100g\/","title":{"rendered":"Malta Kajeno paprika 100g"},"content":{"rendered":"<p>Malta Kajeno paprika 100g<\/p>\n<p>Kajeno paprikos suteikia patiekalams a\u0161trumo, ta\u010diau \u0161iek tiek \u0161velnesnio nei aitrioji paprika \u010dili. Be \u0161io prieskonio ne\u012fsivaizduojama daugelio Azijos \u0161ali\u0173 virtuv\u0117, tod\u0117l jis puikiai tinka gaminant kinieti\u0161kus ar tailandieti\u0161kus patiekalus. Taip pat kajeno paprikos naudojamos gaminant aitri\u0173j\u0173 paprik\u0173 pastas ir pada\u017eus, salotoms, sriuboms, \u017euvies ir m\u0117sos patiekalams gardinti.<\/p>\n<p>Sudedamosios dalys: Kajeno paprika 100%<\/p>\n<p>Kilm\u0117s \u0161alis: Ispanija<\/p>\n<p>Laikymo s\u0105lygos: sausoje, tamsioje vietoje. Laikymo temperat\u016bra: nuo 18\u00b0C iki 25\u00b0C.<\/p>\n<p>&nbsp;<\/p>","protected":false},"excerpt":{"rendered":"<p>Malta Kajeno paprika 100g Kajeno paprikos suteikia patiekalams a\u0161trumo, ta\u010diau \u0161iek tiek \u0161velnesnio nei aitrioji paprika \u010dili. Be \u0161io prieskonio ne\u012fsivaizduojama daugelio Azijos \u0161ali\u0173 virtuv\u0117, tod\u0117l jis puikiai tinka gaminant kinieti\u0161kus ar tailandieti\u0161kus patiekalus. Taip pat kajeno paprikos naudojamos gaminant aitri\u0173j\u0173 paprik\u0173 pastas ir pada\u017eus, salotoms, sriuboms, \u017euvies ir m\u0117sos patiekalams gardinti. Sudedamosios dalys: Kajeno&#8230;<\/p>","protected":false},"featured_media":23913,"template":"","meta":{"_acf_changed":false},"product_brand":[],"product_cat":[88,68],"product_tag":[],"class_list":{"0":"post-23911","1":"product","2":"type-product","3":"status-publish","4":"has-post-thumbnail","6":"product_cat-naujiena","7":"product_cat-prieskoniai","8":"nt-post-class","9":"","10":"masonry-item","11":"col-lg-6","15":"excerpt-none","19":"first","20":"instock","21":"taxable","22":"shipping-taxable","23":"purchasable","24":"product-type-simple","25":"add-to-wishlist-after_add_to_cart"},"acf":[],"_links":{"self":[{"href":"https:\/\/chiaseklos.lt\/en\/wp-json\/wp\/v2\/product\/23911","targetHints":{"allow":["GET"]}}],"collection":[{"href":"https:\/\/chiaseklos.lt\/en\/wp-json\/wp\/v2\/product"}],"about":[{"href":"https:\/\/chiaseklos.lt\/en\/wp-json\/wp\/v2\/types\/product"}],"wp:featuredmedia":[{"embeddable":true,"href":"https:\/\/chiaseklos.lt\/en\/wp-json\/wp\/v2\/media\/23913"}],"wp:attachment":[{"href":"https:\/\/chiaseklos.lt\/en\/wp-json\/wp\/v2\/media?parent=23911"}],"wp:term":[{"taxonomy":"product_brand","embeddable":true,"href":"https:\/\/chiaseklos.lt\/en\/wp-json\/wp\/v2\/product_brand?post=23911"},{"taxonomy":"product_cat","embeddable":true,"href":"https:\/\/chiaseklos.lt\/en\/wp-json\/wp\/v2\/product_cat?post=23911"},{"taxonomy":"product_tag","embeddable":true,"href":"https:\/\/chiaseklos.lt\/en\/wp-json\/wp\/v2\/product_tag?post=23911"}],"curies":[{"name":"wp","href":"https:\/\/api.w.org\/{rel}","templated":true}]}}