{"id":23893,"date":"2023-10-04T11:12:57","date_gmt":"2023-10-04T11:12:57","guid":{"rendered":"https:\/\/chiaseklos.lt\/?post_type=product&#038;p=23893"},"modified":"2025-11-18T17:54:01","modified_gmt":"2025-11-18T17:54:01","slug":"avinzirniu-trapukai-surio-ir-svogunu-skonio-90g","status":"publish","type":"product","link":"https:\/\/chiaseklos.lt\/en\/product\/avinzirniu-trapukai-surio-ir-svogunu-skonio-90g\/","title":{"rendered":"Avin\u017eirni\u0173 trapukai s\u016brio ir svog\u016bn\u0173 skonio, 90g"},"content":{"rendered":"<p>Avin\u017eirni\u0173 trapukai s\u016brio ir svog\u016bn\u0173 skonio, 90g<\/p>\n<p>Nekepta riebaluose.<\/p>\n<p>Ma\u017eai so\u010di\u0173j\u0173 riebal\u0173.<\/p>\n<p>Tinka vegetarams ir veganams<\/p>\n<p><strong>Sudedamosios dalys:\u00a0<\/strong>avin\u017eirni\u0173 trapukai* 82% (avin\u017eirni\u0173 miltai(38%), ry\u017ei\u0173 miltai, bulvi\u0173 dribsniai, bulvi\u0173 krakmolas, kukur\u016bz\u0173 krakmolas, druska, antioksidantas raps\u0173 lecitinas), raps\u0173 aliejus, s\u016brio ir svog\u016bn\u0173 skonio prieskoniai 8% (pieno i\u0161r\u016bg\u0173 milteliai, druska, cukrus, pieno milteliai, mieli\u0173 ekstraktas, svog\u016bnai, s\u016brio milteliai, dekstroz\u0117 (kukur\u016bz\u0173),\u00a0 r\u016bg\u0161tingum\u0105 reguliuojanti med\u017eiaga (pieno r\u016bg\u0161tis,citrin\u0173 r\u016bg\u0161tis), prieskoniai, kvapiosios med\u017eiagos, prieskoni\u0173 ekstraktas (paprika)). Gali b\u016bt\u0173 GLITIMO, SALIER\u0172 p\u0117dsak\u0173.<\/p>\n<p><strong>Grynasis kiekis<\/strong>: 90g<\/p>\n<p><strong>Kilm\u0117s \u0161alis:<\/strong>\u00a0Lietuva<\/p>","protected":false},"excerpt":{"rendered":"<p>Avin\u017eirni\u0173 trapukai s\u016brio ir svog\u016bn\u0173 skonio, 90g Nekepta riebaluose. Ma\u017eai so\u010di\u0173j\u0173 riebal\u0173. Tinka vegetarams ir veganams Sudedamosios dalys:\u00a0avin\u017eirni\u0173 trapukai* 82% (avin\u017eirni\u0173 miltai(38%), ry\u017ei\u0173 miltai, bulvi\u0173 dribsniai, bulvi\u0173 krakmolas, kukur\u016bz\u0173 krakmolas, druska, antioksidantas raps\u0173 lecitinas), raps\u0173 aliejus, s\u016brio ir svog\u016bn\u0173 skonio prieskoniai 8% (pieno i\u0161r\u016bg\u0173 milteliai, druska, cukrus, pieno milteliai, mieli\u0173 ekstraktas, svog\u016bnai, s\u016brio milteliai, dekstroz\u0117&#8230;<\/p>","protected":false},"featured_media":23894,"template":"","meta":{"_acf_changed":false},"product_brand":[],"product_cat":[70],"product_tag":[],"class_list":{"0":"post-23893","1":"product","2":"type-product","3":"status-publish","4":"has-post-thumbnail","6":"product_cat-akcijos","7":"nt-post-class","8":"","9":"masonry-item","10":"col-lg-6","14":"excerpt-none","18":"first","19":"outofstock","20":"taxable","21":"shipping-taxable","22":"purchasable","23":"product-type-simple","24":"add-to-wishlist-after_add_to_cart"},"acf":[],"_links":{"self":[{"href":"https:\/\/chiaseklos.lt\/en\/wp-json\/wp\/v2\/product\/23893","targetHints":{"allow":["GET"]}}],"collection":[{"href":"https:\/\/chiaseklos.lt\/en\/wp-json\/wp\/v2\/product"}],"about":[{"href":"https:\/\/chiaseklos.lt\/en\/wp-json\/wp\/v2\/types\/product"}],"wp:featuredmedia":[{"embeddable":true,"href":"https:\/\/chiaseklos.lt\/en\/wp-json\/wp\/v2\/media\/23894"}],"wp:attachment":[{"href":"https:\/\/chiaseklos.lt\/en\/wp-json\/wp\/v2\/media?parent=23893"}],"wp:term":[{"taxonomy":"product_brand","embeddable":true,"href":"https:\/\/chiaseklos.lt\/en\/wp-json\/wp\/v2\/product_brand?post=23893"},{"taxonomy":"product_cat","embeddable":true,"href":"https:\/\/chiaseklos.lt\/en\/wp-json\/wp\/v2\/product_cat?post=23893"},{"taxonomy":"product_tag","embeddable":true,"href":"https:\/\/chiaseklos.lt\/en\/wp-json\/wp\/v2\/product_tag?post=23893"}],"curies":[{"name":"wp","href":"https:\/\/api.w.org\/{rel}","templated":true}]}}