{"id":23823,"date":"2023-09-27T10:42:06","date_gmt":"2023-09-27T10:42:06","guid":{"rendered":"https:\/\/chiaseklos.lt\/?post_type=product&#038;p=23823"},"modified":"2025-07-10T09:28:00","modified_gmt":"2025-07-10T09:28:00","slug":"aviziniai-dribsniai","status":"publish","type":"product","link":"https:\/\/chiaseklos.lt\/en\/product\/aviziniai-dribsniai\/","title":{"rendered":"Avi\u017einiai dribsniai"},"content":{"rendered":"<p>Avi\u017einiai dribsniai<\/p>\n<p>Avi\u017einiai dribsniai yra nat\u016bralaus, \u0161velnaus skonio, tod\u0117l tiks tiek saldiems, tiek pikanti\u0161keims patiekalams gaminti. Puikiai tinka ko\u0161\u0117ms, kepamos duonos te\u0161lai, sausainiams ar pyragams kepti. \u012eberkite avi\u017eini\u0173 dribsni\u0173 \u012f smulkint\u0105 m\u0117s\u0105 ir i\u0161kepsite labai sultingus ir purius kotletus.<\/p>\n<p>Sudedamosios dalys: vis\u0173 gr\u016bdo dali\u0173\u00a0avi\u017einiai\u00a0dribsniai. Produkte yra\u00a0<strong>glitimo<\/strong>\u00a0turin\u010di\u0173<strong>\u00a0jav\u0173<\/strong>.<\/p>\n<p>Laikymo s\u0105lygos: laikyti sausoje, \u0161varioje ir v\u0117sioje vietoje. Laikymo temperat\u016bra: nuo 0\u00b0C iki 20\u00b0C<\/p>\n<p>Kilm\u0117s \u0161alis: Lietuva<\/p>\n<p>Maistingumas 100 g produkto :Energetin\u0117 vert\u0117 \u2013 1975 Kj\/396 Kcal Riebalai \u2013 7,6g, i\u0161 j\u0173 so\u010diosios riebal\u0173 r\u016bg\u0161tys \u2013 1,25g\u00a0Angliavandeniai \u2013 68,5 g, i\u0161 j\u0173 cukrus \u2013 1,3g\u00a0Skaidulin\u0117s med\u017eiagos \u2013 9,1g<br \/>\nBaltymai \u2013 13,5g, Natris \u2013 0,02 mg.<\/p>","protected":false},"excerpt":{"rendered":"<p>Avi\u017einiai dribsniai Avi\u017einiai dribsniai yra nat\u016bralaus, \u0161velnaus skonio, tod\u0117l tiks tiek saldiems, tiek pikanti\u0161keims patiekalams gaminti. Puikiai tinka ko\u0161\u0117ms, kepamos duonos te\u0161lai, sausainiams ar pyragams kepti. \u012eberkite avi\u017eini\u0173 dribsni\u0173 \u012f smulkint\u0105 m\u0117s\u0105 ir i\u0161kepsite labai sultingus ir purius kotletus. Sudedamosios dalys: vis\u0173 gr\u016bdo dali\u0173\u00a0avi\u017einiai\u00a0dribsniai. Produkte yra\u00a0glitimo\u00a0turin\u010di\u0173\u00a0jav\u0173. Laikymo s\u0105lygos: laikyti sausoje, \u0161varioje ir v\u0117sioje vietoje. Laikymo&#8230;<\/p>","protected":false},"featured_media":25010,"template":"","meta":{"_acf_changed":false},"product_brand":[],"product_cat":[100],"product_tag":[],"class_list":{"0":"post-23823","1":"product","2":"type-product","3":"status-publish","4":"has-post-thumbnail","6":"product_cat-kruopos","7":"nt-post-class","8":"","9":"masonry-item","10":"col-lg-6","14":"excerpt-none","18":"first","19":"instock","20":"taxable","21":"shipping-taxable","22":"purchasable","23":"product-type-variable","24":"add-to-wishlist-after_add_to_cart"},"acf":[],"_links":{"self":[{"href":"https:\/\/chiaseklos.lt\/en\/wp-json\/wp\/v2\/product\/23823","targetHints":{"allow":["GET"]}}],"collection":[{"href":"https:\/\/chiaseklos.lt\/en\/wp-json\/wp\/v2\/product"}],"about":[{"href":"https:\/\/chiaseklos.lt\/en\/wp-json\/wp\/v2\/types\/product"}],"wp:featuredmedia":[{"embeddable":true,"href":"https:\/\/chiaseklos.lt\/en\/wp-json\/wp\/v2\/media\/25010"}],"wp:attachment":[{"href":"https:\/\/chiaseklos.lt\/en\/wp-json\/wp\/v2\/media?parent=23823"}],"wp:term":[{"taxonomy":"product_brand","embeddable":true,"href":"https:\/\/chiaseklos.lt\/en\/wp-json\/wp\/v2\/product_brand?post=23823"},{"taxonomy":"product_cat","embeddable":true,"href":"https:\/\/chiaseklos.lt\/en\/wp-json\/wp\/v2\/product_cat?post=23823"},{"taxonomy":"product_tag","embeddable":true,"href":"https:\/\/chiaseklos.lt\/en\/wp-json\/wp\/v2\/product_tag?post=23823"}],"curies":[{"name":"wp","href":"https:\/\/api.w.org\/{rel}","templated":true}]}}