{"id":23760,"date":"2023-09-21T09:02:40","date_gmt":"2023-09-21T09:02:40","guid":{"rendered":"https:\/\/chiaseklos.lt\/?post_type=product&#038;p=23760"},"modified":"2026-04-09T06:34:58","modified_gmt":"2026-04-09T06:34:58","slug":"datules-mazafati-sviezios-su-kaulu-550-g","status":"publish","type":"product","link":"https:\/\/chiaseklos.lt\/en\/product\/datules-mazafati-sviezios-su-kaulu-550-g\/","title":{"rendered":"Datul\u0117s Mazafati (\u0160vie\u017eios, su kaulu) 550 g"},"content":{"rendered":"<h4 data-section-id=\"15b7jwf\" data-start=\"191\" data-end=\"238\">Datul\u0117s Mazafati (\u0160vie\u017eios, su kaulu) \u2013 550 g<\/h4>\n<h4 data-section-id=\"v8rky3\" data-start=\"240\" data-end=\"288\">Nat\u016braliai sald\u017eios \u0161vie\u017eios datul\u0117s Mazafati<\/h4>\n<p data-section-id=\"15b7jwf\" data-start=\"191\" data-end=\"238\">Datul\u0117s Mazafati\u00a0 \u2013 tai \u0161vie\u017eios, mink\u0161tos ir nat\u016braliai sald\u017eios datul\u0117s, kurios tiesiog tirpsta burnoje. Jos yra vienos i\u0161 vertingiausi\u0173 ir populiariausi\u0173 datuli\u0173 r\u016b\u0161i\u0173 pasaulyje d\u0117l savo mink\u0161tos tekst\u016bros, sodraus skonio ir nat\u016bralios saldumo koncentracijos. \u0160ios datul\u0117s idealiai tinka tiek kaip sveikas u\u017ekandis, tiek kaip ingredientas desertams, kokteiliams ar \u012fvairiems kepiniams.<\/p>\n<p data-start=\"679\" data-end=\"927\">\u0160vie\u017eios Mazafati datul\u0117s yra i\u0161laikiusios savo nat\u016brali\u0105 dr\u0117gm\u0119, tod\u0117l j\u0173 skonis yra intensyvus, o tekst\u016bra \u2013 mink\u0161ta ir maloniai lipni. Tai produktas, kuris gali suteikti energijos bet kuriuo dienos metu ir patikti tiek suaugusiems, tiek vaikams.<\/p>\n<hr data-start=\"929\" data-end=\"932\" \/>\n<h4 data-section-id=\"sbaj4\" data-start=\"934\" data-end=\"952\">Naudojimo b\u016bdai<\/h4>\n<p data-start=\"954\" data-end=\"1009\">Datul\u0117s Mazafati gali b\u016bti naudojamos \u012fvairiais b\u016bdais:<\/p>\n<ul data-start=\"1011\" data-end=\"1241\">\n<li data-section-id=\"13wxqc\" data-start=\"1011\" data-end=\"1047\">\n<p data-start=\"1013\" data-end=\"1047\">Tiesiog vartojamos kaip u\u017ekandis<\/p>\n<\/li>\n<li data-section-id=\"nisrjp\" data-start=\"1048\" data-end=\"1087\">\n<p data-start=\"1050\" data-end=\"1087\">Dedamos \u012f vaisi\u0173 salotas ar jogurt\u0105<\/p>\n<\/li>\n<li data-section-id=\"1ar0yaa\" data-start=\"1088\" data-end=\"1139\">\n<p data-start=\"1090\" data-end=\"1139\">Naudojamos desert\u0173, keksiuk\u0173 ar pyrag\u0173 gamyboje<\/p>\n<\/li>\n<li data-section-id=\"61yabh\" data-start=\"1140\" data-end=\"1185\">\n<p data-start=\"1142\" data-end=\"1185\">Derinamos su rie\u0161utais, s\u0117klomis ar s\u016briu<\/p>\n<\/li>\n<li data-section-id=\"wqwg70\" data-start=\"1186\" data-end=\"1241\">\n<p data-start=\"1188\" data-end=\"1241\">\u012etraukiamos \u012f sveikatingumo ar energijos baton\u0117lius<\/p>\n<\/li>\n<\/ul>\n<p data-start=\"1243\" data-end=\"1447\">D\u0117l savo nat\u016braliai saldaus skonio \u0161ios datul\u0117s gali pakeisti prid\u0117tin\u012f cukr\u0173 \u012fvairiuose receptuose. Jos puikiai dera tiek su sald\u017eiais, tiek su s\u016briais patiekalais, suteikdamos ypating\u0105 aromat\u0105 ir skon\u012f.<\/p>\n<hr data-start=\"1449\" data-end=\"1452\" \/>\n<h4 data-section-id=\"1nxe5cd\" data-start=\"1454\" data-end=\"1480\">Sud\u0117tis ir maistingumas<\/h4>\n<p data-start=\"1482\" data-end=\"1540\"><strong data-start=\"1482\" data-end=\"1505\">Sudedamosios dalys:<\/strong><br data-start=\"1505\" data-end=\"1508\" \/>\u0160vie\u017eios datul\u0117s su kauliukais<\/p>\n<p data-start=\"1542\" data-end=\"1578\"><strong data-start=\"1542\" data-end=\"1576\">Produkto maistingumas (100 g):<\/strong><\/p>\n<ul data-start=\"1579\" data-end=\"1750\">\n<li data-section-id=\"1vaqx7k\" data-start=\"1579\" data-end=\"1617\">\n<p data-start=\"1581\" data-end=\"1617\">Energin\u0117 vert\u0117: 1273 kJ \/ 304 kcal<\/p>\n<\/li>\n<li data-section-id=\"xb30cc\" data-start=\"1618\" data-end=\"1635\">\n<p data-start=\"1620\" data-end=\"1635\">Riebalai: 0 g<\/p>\n<\/li>\n<li data-section-id=\"12bq7lw\" data-start=\"1636\" data-end=\"1666\">\n<p data-start=\"1638\" data-end=\"1666\">I\u0161 j\u0173 so\u010di\u0173j\u0173 riebal\u0173: 0 g<\/p>\n<\/li>\n<li data-section-id=\"1o45i08\" data-start=\"1667\" data-end=\"1692\">\n<p data-start=\"1669\" data-end=\"1692\">Angliavandeniai: 35 g<\/p>\n<\/li>\n<li data-section-id=\"1s1i2qg\" data-start=\"1693\" data-end=\"1714\">\n<p data-start=\"1695\" data-end=\"1714\">I\u0161 j\u0173 cukr\u0173: 33 g<\/p>\n<\/li>\n<li data-section-id=\"1xqxrbs\" data-start=\"1715\" data-end=\"1734\">\n<p data-start=\"1717\" data-end=\"1734\">Baltymai: 1,7 g<\/p>\n<\/li>\n<li data-section-id=\"1cxhxkv\" data-start=\"1735\" data-end=\"1750\">\n<p data-start=\"1737\" data-end=\"1750\">Druska: 0 g<\/p>\n<\/li>\n<\/ul>\n<p data-start=\"1752\" data-end=\"1955\">Datul\u0117s Mazafati yra nat\u016braliai sald\u017eios, be prid\u0117tinio cukraus ar kit\u0173 pried\u0173. Jos suteikia greit\u0105 energijos \u0161altin\u012f ir yra puikus u\u017ekandis prie\u0161 treniruot\u0119 ar per dien\u0105, kai reikia greito pasisotinimo.<\/p>\n<hr data-start=\"1957\" data-end=\"1960\" \/>\n<h4 data-section-id=\"12g7ucm\" data-start=\"1962\" data-end=\"1989\">Laikymo s\u0105lygos ir kilm\u0117<\/h4>\n<p data-start=\"1991\" data-end=\"2019\"><strong data-start=\"1991\" data-end=\"2011\">Grynasis kiekis:<\/strong> 550 g<\/p>\n<p data-start=\"2021\" data-end=\"2047\"><strong data-start=\"2021\" data-end=\"2038\">Kilm\u0117s \u0161alis:<\/strong> Iranas<\/p>\n<p data-start=\"2049\" data-end=\"2289\"><strong data-start=\"2049\" data-end=\"2069\">Laikymo s\u0105lygos:<\/strong><br data-start=\"2069\" data-end=\"2072\" \/>Laikyti sausoje ir v\u0117sioje vietoje. Rekomenduojama laikyti \u0161aldytuve, kad i\u0161laikytum\u0117te \u0161vie\u017eum\u0105, tekst\u016br\u0105 ir skon\u012f. Laikymo temperat\u016bra ir s\u0105lygos u\u017etikrina, kad datul\u0117s i\u0161likt\u0173 mink\u0161tos ir aromatingos ilgesn\u012f laik\u0105.<\/p>","protected":false},"excerpt":{"rendered":"<p>Datul\u0117s Mazafati (\u0160vie\u017eios, su kaulu) \u2013 550 g Nat\u016braliai sald\u017eios \u0161vie\u017eios datul\u0117s Mazafati Datul\u0117s Mazafati\u00a0 \u2013 tai \u0161vie\u017eios, mink\u0161tos ir nat\u016braliai sald\u017eios datul\u0117s, kurios tiesiog tirpsta burnoje. Jos yra vienos i\u0161 vertingiausi\u0173 ir populiariausi\u0173 datuli\u0173 r\u016b\u0161i\u0173 pasaulyje d\u0117l savo mink\u0161tos tekst\u016bros, sodraus skonio ir nat\u016bralios saldumo koncentracijos. \u0160ios datul\u0117s idealiai tinka tiek kaip sveikas u\u017ekandis,&#8230;<\/p>","protected":false},"featured_media":25009,"template":"","meta":{"_acf_changed":false},"product_brand":[],"product_cat":[42],"product_tag":[],"class_list":{"0":"post-23760","1":"product","2":"type-product","3":"status-publish","4":"has-post-thumbnail","6":"product_cat-dziovinti-vaisiai-uogos","7":"nt-post-class","8":"","9":"masonry-item","10":"col-lg-6","14":"excerpt-none","18":"first","19":"instock","20":"taxable","21":"shipping-taxable","22":"purchasable","23":"product-type-simple","24":"add-to-wishlist-after_add_to_cart"},"acf":[],"_links":{"self":[{"href":"https:\/\/chiaseklos.lt\/en\/wp-json\/wp\/v2\/product\/23760","targetHints":{"allow":["GET"]}}],"collection":[{"href":"https:\/\/chiaseklos.lt\/en\/wp-json\/wp\/v2\/product"}],"about":[{"href":"https:\/\/chiaseklos.lt\/en\/wp-json\/wp\/v2\/types\/product"}],"wp:featuredmedia":[{"embeddable":true,"href":"https:\/\/chiaseklos.lt\/en\/wp-json\/wp\/v2\/media\/25009"}],"wp:attachment":[{"href":"https:\/\/chiaseklos.lt\/en\/wp-json\/wp\/v2\/media?parent=23760"}],"wp:term":[{"taxonomy":"product_brand","embeddable":true,"href":"https:\/\/chiaseklos.lt\/en\/wp-json\/wp\/v2\/product_brand?post=23760"},{"taxonomy":"product_cat","embeddable":true,"href":"https:\/\/chiaseklos.lt\/en\/wp-json\/wp\/v2\/product_cat?post=23760"},{"taxonomy":"product_tag","embeddable":true,"href":"https:\/\/chiaseklos.lt\/en\/wp-json\/wp\/v2\/product_tag?post=23760"}],"curies":[{"name":"wp","href":"https:\/\/api.w.org\/{rel}","templated":true}]}}