{"id":23749,"date":"2023-09-20T12:40:33","date_gmt":"2023-09-20T12:40:33","guid":{"rendered":"https:\/\/chiaseklos.lt\/?post_type=product&#038;p=23749"},"modified":"2025-11-18T17:55:07","modified_gmt":"2025-11-18T17:55:07","slug":"mini-bulviu-trapuciai-su-burokeliais-70g","status":"publish","type":"product","link":"https:\/\/chiaseklos.lt\/en\/product\/mini-bulviu-trapuciai-su-burokeliais-70g\/","title":{"rendered":"MINI BULVI\u0172 TRAPU\u010cIAI SU BUROK\u0116LIAIS 70g"},"content":{"rendered":"<p class=\"product_title entry-title elementor-heading-title elementor-size-default\"><strong>MINI BULVI\u0172 TRAPU\u010cIAI SU BUROK\u0116LIAIS 70g<\/strong><\/p>\n<p class=\"docData;DOCY;v5;2695;BQiAAgAAEYQCAAAGiAIAAAP5BwAABQcIAAAAAAAAAAAAAAAAAAAAAAAAAAAAAAAAAAAAAAAAAAAAAAAAAAAAAAAAAAAAAAAAAAAAAAAAAAAAAAAAAAAAAAAAAAAAAAAAAAAAAAAAAAAAAAAAAAAAAAAAAAAAAAAAAAAAAAAAAAAAAAAAAAAAAAAAAAAAAAAAAAAAAAAAAAAAAAAAAAAAAAAAAAAAAAAAAAAAAAAAAAAAAAAAAAAAAAAAAAAAAAAAAAAAAAAAAAAAAAAAAAAAAAAAAAAAAAAAAAAAAAAAAAAAAAAAAAAAAAAAAAAAAAAAAAAAAAAAAAAAAAAAAAAAAAAAAAAAAAAAAAAAAAAAAAAAAAAAAAAAAAAAAAAAAAAAAAAAAAAAAAAAAAAAAAAAAAAAAAAAAAAAAAAAAAAAAAAAAAAAAAAAAAAAAAAAAAAAAAAAAAAAAAAAAAAAAAAAAAAAAAAAAAAAAAAAAAAAAAAAAAAAAAAAAAAAAAAAAAAAAAAAAAAAAAAAAAAAAAAAAAAAAAAAAAAAAAAAAAAAAAAAAAAAAAAAAAAAAAAAAAAAAAAAAAAAAAAAAAAAAAAAAAAAAAAAAAAAAAAAAAAAAAAAAAAAAAAAAAAAAAAAAAAAAAAAAAAAAAAAAAAAAAAAAAAAAAAAAAAAAAAAAAAAAAAAAAAAAAAAAAAAAAAAAAAAAAAAAAAAAAAAAAAAAAAAAAAAAAAAAAAAAAAAAAAAAAAAAAAAAAAAAAAAAAAAAAAAAAAAAAAAAAAAAAAAAAAAAAAAAAAAAAAAAAAAAAAAAAAAAAAAAAAAAAAAAAAAAAAAAAAAAAAAAAAAAAAAAAAAAAAAAAAAAAAAbQUAAABoBQAAASQAAAAVBgYAAAA2ADAAMwABBgAAAAAJBgAAAAAaBgAAAAAbBgAAAAACOgUAAAXvAAAAAQAAAAAI5QAAAADgAAAATgBlAGsAZQBwAHQAYQAgAHIAaQBlAGIAYQBsAHUAbwBzAGUALAAgAG0AYQB+AWEAaQAgAHIAaQBlAGIAYQBsAHMBLAAgAG0AYQB+AWEAaQAgAHMAbwANAWkAcwFqAHMBIAByAGkAZQBiAGEAbABzASwAIABiAGEAbAB0AHkAbQBzASAAYQFhAGwAdABpAG4AaQBzACwAIABkAGEAdQBnACAAcwBrAGEAaQBkAHUAbABpAG4AaQBzASAAbQBlAGQAfgFpAGEAZwBzASwAIAB0AGkAbgBrAGEAIAB2AGUAZwAFDwIAAAEAAAAACAUCAAAAAAIAAGUAdABhAHIAYQBtAHMALgAgAFMAdQBkAGUAZABhAG0AbwBzAGkAbwBzACAAZABhAGwAeQBzACAAaQByACAAYQBsAGUAcgBnAGUAbgBhAGkAOgAgAGQAZQBoAGkAZAByAGEAdAB1AG8AdABvAHMAIABiAHUAbAB2ABcBcwAgACgANAAyAC0ANAA2ACUAKQAsACAAYgB1AGwAdgBpAHMBIABrAHIAYQBrAG0AbwBsAGEAcwAsACAAcgB5AH4BaQBzASAAbQBpAGwAdABhAGkALAAgAGIAdQByAG8AawAXAWwAaQBhAGkAIAAoADEANQAlACkALAAgAHMAdgBvAGcAawFuAHMBIABtAGkAbAB0AGUAbABpAGEAaQAsACAAZAByAHUAcwBrAGEALAAgAGEAbgB0AGkAbwBrAHMAaQBkAGEAbgB0AGEAcwAgAHIAYQBwAHMAcwEgAGwAZQBjAGkAdABpAG4AYQBzAC4AIABQAHIAbwBkAHUAawB0AGUAIABlAHMAYQBuAHQAeQBzACAAYQBsAGUAcgBnAGUAbgBhAGkAOgAgAGcAYQBsAGkAIABiAGsBdABpACAAZwBsAGkAdABpAG0AbwAgAGkAcgAgAHMAZQB6AGEAbQBvACAAcwAXAWsAbABzASAAcAAXAWQAcwBhAGsAcwEuACAAUAByAG8ABQ8CAAABAAAAAAgFAgAAAAACAABkAHUAawB0AG8AIABtAGEAaQBzAHQAaQBuAGcAdQBtAGEAcwAgACgAMQAwADAAIABnACkAOgAgAEUAbgBlAHIAZwBpAG4AFwEgAHYAZQByAHQAFwEgADEANAA0ADEAIABrAEoALwAzADMAOQAgAGsAYwBhAGwALgAsACAAcgBpAGUAYgBhAGwAYQBpACAAMAAsADgAIABnAC4ALAAgAGkAYQEgAGoAcwEgAHMAbwANAWkAcwFqAHMBIAByAGkAZQBiAGEAbABzASAAMAAsADMAIABnAC4ALAAgAGEAbgBnAGwAaQBhAHYAYQBuAGQAZQBuAGkAYQBpACAANwA4ACwAOAAgAGcALgAsACAAaQBhASAAagBzASAAYwB1AGsAcgBzASAAOQAsADQAIABnAC4AKgAsACAAcwBrAGEAaQBkAHUAbABpAG4AFwFzACAAbQBlAGQAfgFpAGEAZwBvAHMAIAA2ACwAMgAgAGcALgAsACAAYgBhAGwAdAB5AG0AYQBpACAAMQA0ACwAMQAgAGcALgAsACAAZAByAHUAcwBrAGEAIAAxACwAMwAgAGcALgAgACoAUAByAG8AZAB1AGsAdABvACAAcwB1AGQAFwF0AHkAagBlACAAeQByAGEAIABuAGEAdABrAXIAYQBsAGkAcwEgAGMAdQBrAHIAcwEuAAUKAAAAAQAAAAAIAAAAAAUKAAAAAQAAAAAIAAAAAAoAAAAAAAAAABEAAAAAfAIAAAAtAAAAAQYAAAAACQYbAAAAJwQUAQAACwEBHAEAKAQAAAAAHQEAKQTIAAAAGwYAAAAAAUsAAAAoAQcpAQcqAQcrAQUTAQEIBBYAAAAWBBYAAAAZBgoAAABlAG4ALQBVAFMAGgYKAAAAYQByAC0AUwBBABsGCgAAAGUAbgAtAFUAUwAC9QEAAADwAQAAAQYAAAA2ADAAMwACGAAAAE4AbwByAG0AYQBsACAAKABXAGUAYgApAAkBAAAAAwMGAAAANQA5ADgACwQAAABjAAAADQEAAAABDgEAAAABBbkAAAAAAQABAQACAQADAQAEBg4AAABDAGEAbABpAGIAcgBpAAUGDgAAAEMAYQBsAGkAYgByAGkABwYOAAAAQwBhAGwAaQBiAHIAaQAqAQcIBBYAAAAKAQAMAQAmBAAAAAAPAQAQAQARAQAnBAAAAAAUAQAVAQAWBBYAAAAXAQAYAQAZBgoAAABsAHQALQBMAFQAGgYKAAAAYQByAC0AUwBBABsGCgAAAGwAdAAtAEwAVAAcBgIAAAAAAB4BAAbfAAAAAAEAAQYSAAAAJAQAAAAAJQQAAAAAJgQAAAAABQEBBgEABwEACAEACQYbAAAAJwTwAAAACwEBHAEBKARkAAAAHQEBKQRkAAAADgYIAAAAAAEBAQP\/\/\/8ZAQEbBn0AAAAAFAAAAAADAAAABQQAAAAABgQEAAAAAwEAARQAAAAAAwAAAAUEAAAAAAYEBAAAAAMBAAIUAAAAAAMAAAAFBAAAAAAGBAQAAAADAQADFAAAAAADAAAABQQAAAAABgQEAAAAAwEACxQAAAAAAwAAAAUEAAAAAAYEBAAAAAMBACwBAA==\">Nekepta riebaluose, ma\u017eai riebal\u0173, ma\u017eai so\u010di\u0173j\u0173 riebal\u0173, baltym\u0173 \u0161altinis, daug skaidulini\u0173 med\u017eiag\u0173, tinka vegetarams.<\/p>\n<p class=\"docData;DOCY;v5;2695;BQiAAgAAEYQCAAAGiAIAAAP5BwAABQcIAAAAAAAAAAAAAAAAAAAAAAAAAAAAAAAAAAAAAAAAAAAAAAAAAAAAAAAAAAAAAAAAAAAAAAAAAAAAAAAAAAAAAAAAAAAAAAAAAAAAAAAAAAAAAAAAAAAAAAAAAAAAAAAAAAAAAAAAAAAAAAAAAAAAAAAAAAAAAAAAAAAAAAAAAAAAAAAAAAAAAAAAAAAAAAAAAAAAAAAAAAAAAAAAAAAAAAAAAAAAAAAAAAAAAAAAAAAAAAAAAAAAAAAAAAAAAAAAAAAAAAAAAAAAAAAAAAAAAAAAAAAAAAAAAAAAAAAAAAAAAAAAAAAAAAAAAAAAAAAAAAAAAAAAAAAAAAAAAAAAAAAAAAAAAAAAAAAAAAAAAAAAAAAAAAAAAAAAAAAAAAAAAAAAAAAAAAAAAAAAAAAAAAAAAAAAAAAAAAAAAAAAAAAAAAAAAAAAAAAAAAAAAAAAAAAAAAAAAAAAAAAAAAAAAAAAAAAAAAAAAAAAAAAAAAAAAAAAAAAAAAAAAAAAAAAAAAAAAAAAAAAAAAAAAAAAAAAAAAAAAAAAAAAAAAAAAAAAAAAAAAAAAAAAAAAAAAAAAAAAAAAAAAAAAAAAAAAAAAAAAAAAAAAAAAAAAAAAAAAAAAAAAAAAAAAAAAAAAAAAAAAAAAAAAAAAAAAAAAAAAAAAAAAAAAAAAAAAAAAAAAAAAAAAAAAAAAAAAAAAAAAAAAAAAAAAAAAAAAAAAAAAAAAAAAAAAAAAAAAAAAAAAAAAAAAAAAAAAAAAAAAAAAAAAAAAAAAAAAAAAAAAAAAAAAAAAAAAAAAAAAAAAAAAAAAAAAAAAAAAAAAAAAAAAAAAbQUAAABoBQAAASQAAAAVBgYAAAA2ADAAMwABBgAAAAAJBgAAAAAaBgAAAAAbBgAAAAACOgUAAAXvAAAAAQAAAAAI5QAAAADgAAAATgBlAGsAZQBwAHQAYQAgAHIAaQBlAGIAYQBsAHUAbwBzAGUALAAgAG0AYQB+AWEAaQAgAHIAaQBlAGIAYQBsAHMBLAAgAG0AYQB+AWEAaQAgAHMAbwANAWkAcwFqAHMBIAByAGkAZQBiAGEAbABzASwAIABiAGEAbAB0AHkAbQBzASAAYQFhAGwAdABpAG4AaQBzACwAIABkAGEAdQBnACAAcwBrAGEAaQBkAHUAbABpAG4AaQBzASAAbQBlAGQAfgFpAGEAZwBzASwAIAB0AGkAbgBrAGEAIAB2AGUAZwAFDwIAAAEAAAAACAUCAAAAAAIAAGUAdABhAHIAYQBtAHMALgAgAFMAdQBkAGUAZABhAG0AbwBzAGkAbwBzACAAZABhAGwAeQBzACAAaQByACAAYQBsAGUAcgBnAGUAbgBhAGkAOgAgAGQAZQBoAGkAZAByAGEAdAB1AG8AdABvAHMAIABiAHUAbAB2ABcBcwAgACgANAAyAC0ANAA2ACUAKQAsACAAYgB1AGwAdgBpAHMBIABrAHIAYQBrAG0AbwBsAGEAcwAsACAAcgB5AH4BaQBzASAAbQBpAGwAdABhAGkALAAgAGIAdQByAG8AawAXAWwAaQBhAGkAIAAoADEANQAlACkALAAgAHMAdgBvAGcAawFuAHMBIABtAGkAbAB0AGUAbABpAGEAaQAsACAAZAByAHUAcwBrAGEALAAgAGEAbgB0AGkAbwBrAHMAaQBkAGEAbgB0AGEAcwAgAHIAYQBwAHMAcwEgAGwAZQBjAGkAdABpAG4AYQBzAC4AIABQAHIAbwBkAHUAawB0AGUAIABlAHMAYQBuAHQAeQBzACAAYQBsAGUAcgBnAGUAbgBhAGkAOgAgAGcAYQBsAGkAIABiAGsBdABpACAAZwBsAGkAdABpAG0AbwAgAGkAcgAgAHMAZQB6AGEAbQBvACAAcwAXAWsAbABzASAAcAAXAWQAcwBhAGsAcwEuACAAUAByAG8ABQ8CAAABAAAAAAgFAgAAAAACAABkAHUAawB0AG8AIABtAGEAaQBzAHQAaQBuAGcAdQBtAGEAcwAgACgAMQAwADAAIABnACkAOgAgAEUAbgBlAHIAZwBpAG4AFwEgAHYAZQByAHQAFwEgADEANAA0ADEAIABrAEoALwAzADMAOQAgAGsAYwBhAGwALgAsACAAcgBpAGUAYgBhAGwAYQBpACAAMAAsADgAIABnAC4ALAAgAGkAYQEgAGoAcwEgAHMAbwANAWkAcwFqAHMBIAByAGkAZQBiAGEAbABzASAAMAAsADMAIABnAC4ALAAgAGEAbgBnAGwAaQBhAHYAYQBuAGQAZQBuAGkAYQBpACAANwA4ACwAOAAgAGcALgAsACAAaQBhASAAagBzASAAYwB1AGsAcgBzASAAOQAsADQAIABnAC4AKgAsACAAcwBrAGEAaQBkAHUAbABpAG4AFwFzACAAbQBlAGQAfgFpAGEAZwBvAHMAIAA2ACwAMgAgAGcALgAsACAAYgBhAGwAdAB5AG0AYQBpACAAMQA0ACwAMQAgAGcALgAsACAAZAByAHUAcwBrAGEAIAAxACwAMwAgAGcALgAgACoAUAByAG8AZAB1AGsAdABvACAAcwB1AGQAFwF0AHkAagBlACAAeQByAGEAIABuAGEAdABrAXIAYQBsAGkAcwEgAGMAdQBrAHIAcwEuAAUKAAAAAQAAAAAIAAAAAAUKAAAAAQAAAAAIAAAAAAoAAAAAAAAAABEAAAAAfAIAAAAtAAAAAQYAAAAACQYbAAAAJwQUAQAACwEBHAEAKAQAAAAAHQEAKQTIAAAAGwYAAAAAAUsAAAAoAQcpAQcqAQcrAQUTAQEIBBYAAAAWBBYAAAAZBgoAAABlAG4ALQBVAFMAGgYKAAAAYQByAC0AUwBBABsGCgAAAGUAbgAtAFUAUwAC9QEAAADwAQAAAQYAAAA2ADAAMwACGAAAAE4AbwByAG0AYQBsACAAKABXAGUAYgApAAkBAAAAAwMGAAAANQA5ADgACwQAAABjAAAADQEAAAABDgEAAAABBbkAAAAAAQABAQACAQADAQAEBg4AAABDAGEAbABpAGIAcgBpAAUGDgAAAEMAYQBsAGkAYgByAGkABwYOAAAAQwBhAGwAaQBiAHIAaQAqAQcIBBYAAAAKAQAMAQAmBAAAAAAPAQAQAQARAQAnBAAAAAAUAQAVAQAWBBYAAAAXAQAYAQAZBgoAAABsAHQALQBMAFQAGgYKAAAAYQByAC0AUwBBABsGCgAAAGwAdAAtAEwAVAAcBgIAAAAAAB4BAAbfAAAAAAEAAQYSAAAAJAQAAAAAJQQAAAAAJgQAAAAABQEBBgEABwEACAEACQYbAAAAJwTwAAAACwEBHAEBKARkAAAAHQEBKQRkAAAADgYIAAAAAAEBAQP\/\/\/8ZAQEbBn0AAAAAFAAAAAADAAAABQQAAAAABgQEAAAAAwEAARQAAAAAAwAAAAUEAAAAAAYEBAAAAAMBAAIUAAAAAAMAAAAFBAAAAAAGBAQAAAADAQADFAAAAAADAAAABQQAAAAABgQEAAAAAwEACxQAAAAAAwAAAAUEAAAAAAYEBAAAAAMBACwBAA==\"><strong>Sudedamosios dalys ir alergenai:<\/strong>\u00a0dehidratuotos bulv\u0117s (42-46%), bulvi\u0173 krakmolas, ry\u017ei\u0173 miltai, burok\u0117liai (15%), svog\u016bn\u0173 milteliai, druska, antioksidantas raps\u0173 lecitinas. Produkte esantys alergenai: gali b\u016bti glitimo ir sezamo s\u0117kl\u0173 p\u0117dsak\u0173.<\/p>\n<p class=\"docData;DOCY;v5;2695;BQiAAgAAEYQCAAAGiAIAAAP5BwAABQcIAAAAAAAAAAAAAAAAAAAAAAAAAAAAAAAAAAAAAAAAAAAAAAAAAAAAAAAAAAAAAAAAAAAAAAAAAAAAAAAAAAAAAAAAAAAAAAAAAAAAAAAAAAAAAAAAAAAAAAAAAAAAAAAAAAAAAAAAAAAAAAAAAAAAAAAAAAAAAAAAAAAAAAAAAAAAAAAAAAAAAAAAAAAAAAAAAAAAAAAAAAAAAAAAAAAAAAAAAAAAAAAAAAAAAAAAAAAAAAAAAAAAAAAAAAAAAAAAAAAAAAAAAAAAAAAAAAAAAAAAAAAAAAAAAAAAAAAAAAAAAAAAAAAAAAAAAAAAAAAAAAAAAAAAAAAAAAAAAAAAAAAAAAAAAAAAAAAAAAAAAAAAAAAAAAAAAAAAAAAAAAAAAAAAAAAAAAAAAAAAAAAAAAAAAAAAAAAAAAAAAAAAAAAAAAAAAAAAAAAAAAAAAAAAAAAAAAAAAAAAAAAAAAAAAAAAAAAAAAAAAAAAAAAAAAAAAAAAAAAAAAAAAAAAAAAAAAAAAAAAAAAAAAAAAAAAAAAAAAAAAAAAAAAAAAAAAAAAAAAAAAAAAAAAAAAAAAAAAAAAAAAAAAAAAAAAAAAAAAAAAAAAAAAAAAAAAAAAAAAAAAAAAAAAAAAAAAAAAAAAAAAAAAAAAAAAAAAAAAAAAAAAAAAAAAAAAAAAAAAAAAAAAAAAAAAAAAAAAAAAAAAAAAAAAAAAAAAAAAAAAAAAAAAAAAAAAAAAAAAAAAAAAAAAAAAAAAAAAAAAAAAAAAAAAAAAAAAAAAAAAAAAAAAAAAAAAAAAAAAAAAAAAAAAAAAAAAAAAAAAAAAAAAAAAAAAbQUAAABoBQAAASQAAAAVBgYAAAA2ADAAMwABBgAAAAAJBgAAAAAaBgAAAAAbBgAAAAACOgUAAAXvAAAAAQAAAAAI5QAAAADgAAAATgBlAGsAZQBwAHQAYQAgAHIAaQBlAGIAYQBsAHUAbwBzAGUALAAgAG0AYQB+AWEAaQAgAHIAaQBlAGIAYQBsAHMBLAAgAG0AYQB+AWEAaQAgAHMAbwANAWkAcwFqAHMBIAByAGkAZQBiAGEAbABzASwAIABiAGEAbAB0AHkAbQBzASAAYQFhAGwAdABpAG4AaQBzACwAIABkAGEAdQBnACAAcwBrAGEAaQBkAHUAbABpAG4AaQBzASAAbQBlAGQAfgFpAGEAZwBzASwAIAB0AGkAbgBrAGEAIAB2AGUAZwAFDwIAAAEAAAAACAUCAAAAAAIAAGUAdABhAHIAYQBtAHMALgAgAFMAdQBkAGUAZABhAG0AbwBzAGkAbwBzACAAZABhAGwAeQBzACAAaQByACAAYQBsAGUAcgBnAGUAbgBhAGkAOgAgAGQAZQBoAGkAZAByAGEAdAB1AG8AdABvAHMAIABiAHUAbAB2ABcBcwAgACgANAAyAC0ANAA2ACUAKQAsACAAYgB1AGwAdgBpAHMBIABrAHIAYQBrAG0AbwBsAGEAcwAsACAAcgB5AH4BaQBzASAAbQBpAGwAdABhAGkALAAgAGIAdQByAG8AawAXAWwAaQBhAGkAIAAoADEANQAlACkALAAgAHMAdgBvAGcAawFuAHMBIABtAGkAbAB0AGUAbABpAGEAaQAsACAAZAByAHUAcwBrAGEALAAgAGEAbgB0AGkAbwBrAHMAaQBkAGEAbgB0AGEAcwAgAHIAYQBwAHMAcwEgAGwAZQBjAGkAdABpAG4AYQBzAC4AIABQAHIAbwBkAHUAawB0AGUAIABlAHMAYQBuAHQAeQBzACAAYQBsAGUAcgBnAGUAbgBhAGkAOgAgAGcAYQBsAGkAIABiAGsBdABpACAAZwBsAGkAdABpAG0AbwAgAGkAcgAgAHMAZQB6AGEAbQBvACAAcwAXAWsAbABzASAAcAAXAWQAcwBhAGsAcwEuACAAUAByAG8ABQ8CAAABAAAAAAgFAgAAAAACAABkAHUAawB0AG8AIABtAGEAaQBzAHQAaQBuAGcAdQBtAGEAcwAgACgAMQAwADAAIABnACkAOgAgAEUAbgBlAHIAZwBpAG4AFwEgAHYAZQByAHQAFwEgADEANAA0ADEAIABrAEoALwAzADMAOQAgAGsAYwBhAGwALgAsACAAcgBpAGUAYgBhAGwAYQBpACAAMAAsADgAIABnAC4ALAAgAGkAYQEgAGoAcwEgAHMAbwANAWkAcwFqAHMBIAByAGkAZQBiAGEAbABzASAAMAAsADMAIABnAC4ALAAgAGEAbgBnAGwAaQBhAHYAYQBuAGQAZQBuAGkAYQBpACAANwA4ACwAOAAgAGcALgAsACAAaQBhASAAagBzASAAYwB1AGsAcgBzASAAOQAsADQAIABnAC4AKgAsACAAcwBrAGEAaQBkAHUAbABpAG4AFwFzACAAbQBlAGQAfgFpAGEAZwBvAHMAIAA2ACwAMgAgAGcALgAsACAAYgBhAGwAdAB5AG0AYQBpACAAMQA0ACwAMQAgAGcALgAsACAAZAByAHUAcwBrAGEAIAAxACwAMwAgAGcALgAgACoAUAByAG8AZAB1AGsAdABvACAAcwB1AGQAFwF0AHkAagBlACAAeQByAGEAIABuAGEAdABrAXIAYQBsAGkAcwEgAGMAdQBrAHIAcwEuAAUKAAAAAQAAAAAIAAAAAAUKAAAAAQAAAAAIAAAAAAoAAAAAAAAAABEAAAAAfAIAAAAtAAAAAQYAAAAACQYbAAAAJwQUAQAACwEBHAEAKAQAAAAAHQEAKQTIAAAAGwYAAAAAAUsAAAAoAQcpAQcqAQcrAQUTAQEIBBYAAAAWBBYAAAAZBgoAAABlAG4ALQBVAFMAGgYKAAAAYQByAC0AUwBBABsGCgAAAGUAbgAtAFUAUwAC9QEAAADwAQAAAQYAAAA2ADAAMwACGAAAAE4AbwByAG0AYQBsACAAKABXAGUAYgApAAkBAAAAAwMGAAAANQA5ADgACwQAAABjAAAADQEAAAABDgEAAAABBbkAAAAAAQABAQACAQADAQAEBg4AAABDAGEAbABpAGIAcgBpAAUGDgAAAEMAYQBsAGkAYgByAGkABwYOAAAAQwBhAGwAaQBiAHIAaQAqAQcIBBYAAAAKAQAMAQAmBAAAAAAPAQAQAQARAQAnBAAAAAAUAQAVAQAWBBYAAAAXAQAYAQAZBgoAAABsAHQALQBMAFQAGgYKAAAAYQByAC0AUwBBABsGCgAAAGwAdAAtAEwAVAAcBgIAAAAAAB4BAAbfAAAAAAEAAQYSAAAAJAQAAAAAJQQAAAAAJgQAAAAABQEBBgEABwEACAEACQYbAAAAJwTwAAAACwEBHAEBKARkAAAAHQEBKQRkAAAADgYIAAAAAAEBAQP\/\/\/8ZAQEbBn0AAAAAFAAAAAADAAAABQQAAAAABgQEAAAAAwEAARQAAAAAAwAAAAUEAAAAAAYEBAAAAAMBAAIUAAAAAAMAAAAFBAAAAAAGBAQAAAADAQADFAAAAAADAAAABQQAAAAABgQEAAAAAwEACxQAAAAAAwAAAAUEAAAAAAYEBAAAAAMBACwBAA==\"><strong>Produkto maistingumas (100 g):<\/strong>\u00a0energin\u0117 vert\u0117 1441 kJ\/339 kcal., riebalai 0,8 g., i\u0161 j\u0173 so\u010di\u0173j\u0173 riebal\u0173 0,3 g., angliavandeniai 78,8 g., i\u0161 j\u0173 cukr\u0173 9,4 g.*, skaidulin\u0117s med\u017eiagos 6,2 g., baltymai 14,1 g., druska 1,3 g.<\/p>\n<p class=\"docData;DOCY;v5;2695;BQiAAgAAEYQCAAAGiAIAAAP5BwAABQcIAAAAAAAAAAAAAAAAAAAAAAAAAAAAAAAAAAAAAAAAAAAAAAAAAAAAAAAAAAAAAAAAAAAAAAAAAAAAAAAAAAAAAAAAAAAAAAAAAAAAAAAAAAAAAAAAAAAAAAAAAAAAAAAAAAAAAAAAAAAAAAAAAAAAAAAAAAAAAAAAAAAAAAAAAAAAAAAAAAAAAAAAAAAAAAAAAAAAAAAAAAAAAAAAAAAAAAAAAAAAAAAAAAAAAAAAAAAAAAAAAAAAAAAAAAAAAAAAAAAAAAAAAAAAAAAAAAAAAAAAAAAAAAAAAAAAAAAAAAAAAAAAAAAAAAAAAAAAAAAAAAAAAAAAAAAAAAAAAAAAAAAAAAAAAAAAAAAAAAAAAAAAAAAAAAAAAAAAAAAAAAAAAAAAAAAAAAAAAAAAAAAAAAAAAAAAAAAAAAAAAAAAAAAAAAAAAAAAAAAAAAAAAAAAAAAAAAAAAAAAAAAAAAAAAAAAAAAAAAAAAAAAAAAAAAAAAAAAAAAAAAAAAAAAAAAAAAAAAAAAAAAAAAAAAAAAAAAAAAAAAAAAAAAAAAAAAAAAAAAAAAAAAAAAAAAAAAAAAAAAAAAAAAAAAAAAAAAAAAAAAAAAAAAAAAAAAAAAAAAAAAAAAAAAAAAAAAAAAAAAAAAAAAAAAAAAAAAAAAAAAAAAAAAAAAAAAAAAAAAAAAAAAAAAAAAAAAAAAAAAAAAAAAAAAAAAAAAAAAAAAAAAAAAAAAAAAAAAAAAAAAAAAAAAAAAAAAAAAAAAAAAAAAAAAAAAAAAAAAAAAAAAAAAAAAAAAAAAAAAAAAAAAAAAAAAAAAAAAAAAAAAAAAAAAAAAbQUAAABoBQAAASQAAAAVBgYAAAA2ADAAMwABBgAAAAAJBgAAAAAaBgAAAAAbBgAAAAACOgUAAAXvAAAAAQAAAAAI5QAAAADgAAAATgBlAGsAZQBwAHQAYQAgAHIAaQBlAGIAYQBsAHUAbwBzAGUALAAgAG0AYQB+AWEAaQAgAHIAaQBlAGIAYQBsAHMBLAAgAG0AYQB+AWEAaQAgAHMAbwANAWkAcwFqAHMBIAByAGkAZQBiAGEAbABzASwAIABiAGEAbAB0AHkAbQBzASAAYQFhAGwAdABpAG4AaQBzACwAIABkAGEAdQBnACAAcwBrAGEAaQBkAHUAbABpAG4AaQBzASAAbQBlAGQAfgFpAGEAZwBzASwAIAB0AGkAbgBrAGEAIAB2AGUAZwAFDwIAAAEAAAAACAUCAAAAAAIAAGUAdABhAHIAYQBtAHMALgAgAFMAdQBkAGUAZABhAG0AbwBzAGkAbwBzACAAZABhAGwAeQBzACAAaQByACAAYQBsAGUAcgBnAGUAbgBhAGkAOgAgAGQAZQBoAGkAZAByAGEAdAB1AG8AdABvAHMAIABiAHUAbAB2ABcBcwAgACgANAAyAC0ANAA2ACUAKQAsACAAYgB1AGwAdgBpAHMBIABrAHIAYQBrAG0AbwBsAGEAcwAsACAAcgB5AH4BaQBzASAAbQBpAGwAdABhAGkALAAgAGIAdQByAG8AawAXAWwAaQBhAGkAIAAoADEANQAlACkALAAgAHMAdgBvAGcAawFuAHMBIABtAGkAbAB0AGUAbABpAGEAaQAsACAAZAByAHUAcwBrAGEALAAgAGEAbgB0AGkAbwBrAHMAaQBkAGEAbgB0AGEAcwAgAHIAYQBwAHMAcwEgAGwAZQBjAGkAdABpAG4AYQBzAC4AIABQAHIAbwBkAHUAawB0AGUAIABlAHMAYQBuAHQAeQBzACAAYQBsAGUAcgBnAGUAbgBhAGkAOgAgAGcAYQBsAGkAIABiAGsBdABpACAAZwBsAGkAdABpAG0AbwAgAGkAcgAgAHMAZQB6AGEAbQBvACAAcwAXAWsAbABzASAAcAAXAWQAcwBhAGsAcwEuACAAUAByAG8ABQ8CAAABAAAAAAgFAgAAAAACAABkAHUAawB0AG8AIABtAGEAaQBzAHQAaQBuAGcAdQBtAGEAcwAgACgAMQAwADAAIABnACkAOgAgAEUAbgBlAHIAZwBpAG4AFwEgAHYAZQByAHQAFwEgADEANAA0ADEAIABrAEoALwAzADMAOQAgAGsAYwBhAGwALgAsACAAcgBpAGUAYgBhAGwAYQBpACAAMAAsADgAIABnAC4ALAAgAGkAYQEgAGoAcwEgAHMAbwANAWkAcwFqAHMBIAByAGkAZQBiAGEAbABzASAAMAAsADMAIABnAC4ALAAgAGEAbgBnAGwAaQBhAHYAYQBuAGQAZQBuAGkAYQBpACAANwA4ACwAOAAgAGcALgAsACAAaQBhASAAagBzASAAYwB1AGsAcgBzASAAOQAsADQAIABnAC4AKgAsACAAcwBrAGEAaQBkAHUAbABpAG4AFwFzACAAbQBlAGQAfgFpAGEAZwBvAHMAIAA2ACwAMgAgAGcALgAsACAAYgBhAGwAdAB5AG0AYQBpACAAMQA0ACwAMQAgAGcALgAsACAAZAByAHUAcwBrAGEAIAAxACwAMwAgAGcALgAgACoAUAByAG8AZAB1AGsAdABvACAAcwB1AGQAFwF0AHkAagBlACAAeQByAGEAIABuAGEAdABrAXIAYQBsAGkAcwEgAGMAdQBrAHIAcwEuAAUKAAAAAQAAAAAIAAAAAAUKAAAAAQAAAAAIAAAAAAoAAAAAAAAAABEAAAAAfAIAAAAtAAAAAQYAAAAACQYbAAAAJwQUAQAACwEBHAEAKAQAAAAAHQEAKQTIAAAAGwYAAAAAAUsAAAAoAQcpAQcqAQcrAQUTAQEIBBYAAAAWBBYAAAAZBgoAAABlAG4ALQBVAFMAGgYKAAAAYQByAC0AUwBBABsGCgAAAGUAbgAtAFUAUwAC9QEAAADwAQAAAQYAAAA2ADAAMwACGAAAAE4AbwByAG0AYQBsACAAKABXAGUAYgApAAkBAAAAAwMGAAAANQA5ADgACwQAAABjAAAADQEAAAABDgEAAAABBbkAAAAAAQABAQACAQADAQAEBg4AAABDAGEAbABpAGIAcgBpAAUGDgAAAEMAYQBsAGkAYgByAGkABwYOAAAAQwBhAGwAaQBiAHIAaQAqAQcIBBYAAAAKAQAMAQAmBAAAAAAPAQAQAQARAQAnBAAAAAAUAQAVAQAWBBYAAAAXAQAYAQAZBgoAAABsAHQALQBMAFQAGgYKAAAAYQByAC0AUwBBABsGCgAAAGwAdAAtAEwAVAAcBgIAAAAAAB4BAAbfAAAAAAEAAQYSAAAAJAQAAAAAJQQAAAAAJgQAAAAABQEBBgEABwEACAEACQYbAAAAJwTwAAAACwEBHAEBKARkAAAAHQEBKQRkAAAADgYIAAAAAAEBAQP\/\/\/8ZAQEbBn0AAAAAFAAAAAADAAAABQQAAAAABgQEAAAAAwEAARQAAAAAAwAAAAUEAAAAAAYEBAAAAAMBAAIUAAAAAAMAAAAFBAAAAAAGBAQAAAADAQADFAAAAAADAAAABQQAAAAABgQEAAAAAwEACxQAAAAAAwAAAAUEAAAAAAYEBAAAAAMBACwBAA==\">*Produkto sud\u0117tyje yra nat\u016brali\u0173 cukr\u0173.<\/p>\n<p><strong>Grynasis kiekis:<\/strong> 70g<\/p>\n<p><strong>Kilm\u0117s \u0161alis:<\/strong> Lietuva<\/p>","protected":false},"excerpt":{"rendered":"<p>MINI BULVI\u0172 TRAPU\u010cIAI SU BUROK\u0116LIAIS 70g Nekepta riebaluose, ma\u017eai riebal\u0173, ma\u017eai so\u010di\u0173j\u0173 riebal\u0173, baltym\u0173 \u0161altinis, daug skaidulini\u0173 med\u017eiag\u0173, tinka vegetarams. Sudedamosios dalys ir alergenai:\u00a0dehidratuotos bulv\u0117s (42-46%), bulvi\u0173 krakmolas, ry\u017ei\u0173 miltai, burok\u0117liai (15%), svog\u016bn\u0173 milteliai, druska, antioksidantas raps\u0173 lecitinas. Produkte esantys alergenai: gali b\u016bti glitimo ir sezamo s\u0117kl\u0173 p\u0117dsak\u0173. Produkto maistingumas (100 g):\u00a0energin\u0117 vert\u0117 1441 kJ\/339&#8230;<\/p>","protected":false},"featured_media":23750,"template":"","meta":{"_acf_changed":false},"product_brand":[],"product_cat":[70],"product_tag":[],"class_list":{"0":"post-23749","1":"product","2":"type-product","3":"status-publish","4":"has-post-thumbnail","6":"product_cat-akcijos","7":"nt-post-class","8":"","9":"masonry-item","10":"col-lg-6","14":"excerpt-none","18":"first","19":"outofstock","20":"taxable","21":"shipping-taxable","22":"purchasable","23":"product-type-simple","24":"add-to-wishlist-after_add_to_cart"},"acf":[],"_links":{"self":[{"href":"https:\/\/chiaseklos.lt\/en\/wp-json\/wp\/v2\/product\/23749","targetHints":{"allow":["GET"]}}],"collection":[{"href":"https:\/\/chiaseklos.lt\/en\/wp-json\/wp\/v2\/product"}],"about":[{"href":"https:\/\/chiaseklos.lt\/en\/wp-json\/wp\/v2\/types\/product"}],"wp:featuredmedia":[{"embeddable":true,"href":"https:\/\/chiaseklos.lt\/en\/wp-json\/wp\/v2\/media\/23750"}],"wp:attachment":[{"href":"https:\/\/chiaseklos.lt\/en\/wp-json\/wp\/v2\/media?parent=23749"}],"wp:term":[{"taxonomy":"product_brand","embeddable":true,"href":"https:\/\/chiaseklos.lt\/en\/wp-json\/wp\/v2\/product_brand?post=23749"},{"taxonomy":"product_cat","embeddable":true,"href":"https:\/\/chiaseklos.lt\/en\/wp-json\/wp\/v2\/product_cat?post=23749"},{"taxonomy":"product_tag","embeddable":true,"href":"https:\/\/chiaseklos.lt\/en\/wp-json\/wp\/v2\/product_tag?post=23749"}],"curies":[{"name":"wp","href":"https:\/\/api.w.org\/{rel}","templated":true}]}}