{"id":23746,"date":"2023-09-20T12:34:38","date_gmt":"2023-09-20T12:34:38","guid":{"rendered":"https:\/\/chiaseklos.lt\/?post_type=product&#038;p=23746"},"modified":"2025-11-18T18:02:49","modified_gmt":"2025-11-18T18:02:49","slug":"mini-avinzirniu-trapuciai-70g","status":"publish","type":"product","link":"https:\/\/chiaseklos.lt\/en\/product\/mini-avinzirniu-trapuciai-70g\/","title":{"rendered":"MINI AVIN\u017dIRNI\u0172 TRAPU\u010cIAI 70g"},"content":{"rendered":"<p><strong>MINI AVIN\u017dIRNI\u0172 TRAPU\u010cIAI 70g<\/strong><\/p>\n<p class=\"docData;DOCY;v5;2874;BQiAAgAAEYQCAAAGiAIAAAOsCAAABboIAAAAAAAAAAAAAAAAAAAAAAAAAAAAAAAAAAAAAAAAAAAAAAAAAAAAAAAAAAAAAAAAAAAAAAAAAAAAAAAAAAAAAAAAAAAAAAAAAAAAAAAAAAAAAAAAAAAAAAAAAAAAAAAAAAAAAAAAAAAAAAAAAAAAAAAAAAAAAAAAAAAAAAAAAAAAAAAAAAAAAAAAAAAAAAAAAAAAAAAAAAAAAAAAAAAAAAAAAAAAAAAAAAAAAAAAAAAAAAAAAAAAAAAAAAAAAAAAAAAAAAAAAAAAAAAAAAAAAAAAAAAAAAAAAAAAAAAAAAAAAAAAAAAAAAAAAAAAAAAAAAAAAAAAAAAAAAAAAAAAAAAAAAAAAAAAAAAAAAAAAAAAAAAAAAAAAAAAAAAAAAAAAAAAAAAAAAAAAAAAAAAAAAAAAAAAAAAAAAAAAAAAAAAAAAAAAAAAAAAAAAAAAAAAAAAAAAAAAAAAAAAAAAAAAAAAAAAAAAAAAAAAAAAAAAAAAAAAAAAAAAAAAAAAAAAAAAAAAAAAAAAAAAAAAAAAAAAAAAAAAAAAAAAAAAAAAAAAAAAAAAAAAAAAAAAAAAAAAAAAAAAAAAAAAAAAAAAAAAAAAAAAAAAAAAAAAAAAAAAAAAAAAAAAAAAAAAAAAAAAAAAAAAAAAAAAAAAAAAAAAAAAAAAAAAAAAAAAAAAAAAAAAAAAAAAAAAAAAAAAAAAAAAAAAAAAAAAAAAAAAAAAAAAAAAAAAAAAAAAAAAAAAAAAAAAAAAAAAAAAAAAAAAAAAAAAAAAAAAAAAAAAAAAAAAAAAAAAAAAAAAAAAAAAAAAAAAAAAAAAAAAAAAAAAAAAIAYAAABoBQAAASQAAAAVBgYAAAA2ADAAMwABBgAAAAAJBgAAAAAaBgAAAAAbBgAAAAACOgUAAAXvAAAAAQAAAAAI5QAAAADgAAAATgBlAGsAZQBwAHQAYQAgAHIAaQBlAGIAYQBsAHUAbwBzAGUALAAgAGQAYQB1AGcAIABzAGsAYQBpAGQAdQBsAGkAbgBpAHMBIABtAGUAZAB+AWkAYQBnAHMBLAAgAG0AYQB+AWEAaQAgAHIAaQBlAGIAYQBsAHMBLAAgAG0AYQB+AWEAaQAgAHMAbwANAWkAcwFqAHMBIAByAGkAZQBiAGEAbABzASwAIABiAGEAbAB0AHkAbQBzASAAYQFhAGwAdABpAG4AaQBzACwAIAB0AGkAbgBrAGEAIAB2AGUAZwAFDwIAAAEAAAAACAUCAAAAAAIAAGUAdABhAHIAYQBtAHMALgAgAFMAdQBkAGUAZABhAG0AbwBzAGkAbwBzACAAZABhAGwAeQBzACAAaQByACAAYQBsAGUAcgBnAGUAbgBhAGkAOgAgAGEAdgBpAG4AfgFpAHIAbgBpAHMBIABtAGkAbAB0AGEAaQAgACgAMwA3ACUAKQAsACAAcgB5AH4BaQBzASAAbQBpAGwAdABhAGkALAAgAGQAZQBoAGkAZAByAGEAdAB1AG8AdABvAHMAIABiAHUAbAB2ABcBcwAsACAAYgB1AGwAdgBpAHMBIABrAHIAYQBrAG0AbwBsAGEAcwAsACAAawB1AGsAdQByAGsBegBzASAAawByAGEAawBtAG8AbABhAHMALAAgAGQAcgB1AHMAawBhACwAIABzAHYAbwBnAGsBbgBzASAAbQBpAGwAdABlAGwAaQBhAGkALAAgAA0BZQBzAG4AYQBrAG8AIABtAGkAbAB0AGUAbABpAGEAaQAsACAAYQBuAHQAaQBvAGsAcwBpAGQAYQBuAHQAYQBzACAAcgBhAHAAcwBzASAAbABlAGMAaQB0AGkAbgBhAHMALgAgAFAAcgBvAGQAdQBrAHQAZQAgAGUAcwBhAG4AdAB5AHMAIABhAGwAZQByAGcAZQBuAGEAaQA6ACAAZwBhAGwAaQAgAGIAawF0AGkABQ8CAAABAAAAAAgFAgAAAAACAAAgAGcAbABpAHQAaQBtAG8AIABpAHIAIABzAGUAegBhAG0AbwAgAHMAFwFrAGwAcwEgAHAAFwFkAHMAYQBrAGEAaQAuACAAUAByAG8AZAB1AGsAdABvACAAbQBhAGkAcwB0AGkAbgBnAHUAbQBhAHMAIAAoADEAMAAwACAAZwApADoAIABFAG4AZQByAGcAaQBuABcBIAB2AGUAcgB0ABcBIAAxADUAMQAzACAAawBKAC8AIAAzADUANwAgAGsAYwBhAGwALgAsACAAcgBpAGUAYgBhAGwAYQBpACAAMgAsADMAIABnAC4ALAAgAGkAYQEgAGoAcwEgAHMAbwANAWkAcwFqAHMBIAByAGkAZQBiAGEAbABzASAAMAAsADMAIABnAC4ALAAgAGEAbgBnAGwAaQBhAHYAYQBuAGQAZQBuAGkAYQBpACAANwAxACwANAAgAGcALgAsACAAaQBhASAAagBzASAAYwB1AGsAcgBzASAAMQAsADkAIABnAC4AKgAsACAAcwBrAGEAaQBkAHUAbABpAG4AFwFzACAAbQBlAGQAfgFpAGEAZwBvAHMAIAA2ACwANAAgAGcALgAsACAAYgBhAGwAdAB5AG0AYQBpACAAMQAyACwANgAgAGcALgAsACAAZAByAHUAcwBrAGEAIAAxACwANAAgAGcALgAgAAUKAAAAAQAAAAAIAAAAAAUKAAAAAQAAAAAIAAAAAACuAAAAASQAAAAVBgYAAAA2ADAAMwABBgAAAAAJBgAAAAAaBgAAAAAbBgAAAAACgAAAAAVdAAAAAQAAAAAIUwAAAABOAAAAKgBQAHIAbwBkAHUAawB0AG8AIABzAHUAZAAXAXQAeQBqAGUAIAB5AHIAYQAgAG4AYQB0AGsBcgBhAGwAaQBzASAAYwB1AGsAcgBzAS4ABQoAAAABAAAAAAgAAAAABQoAAAABAAAAAAgAAAAACgAAAAAAAAAAEQAAAAB8AgAAAC0AAAABBgAAAAAJBhsAAAAnBBQBAAALAQEcAQAoBAAAAAAdAQApBMgAAAAbBgAAAAABSwAAACgBBykBByoBBysBBRMBAQgEFgAAABYEFgAAABkGCgAAAGUAbgAtAFUAUwAaBgoAAABhAHIALQBTAEEAGwYKAAAAZQBuAC0AVQBTAAL1AQAAAPABAAABBgAAADYAMAAzAAIYAAAATgBvAHIAbQBhAGwAIAAoAFcAZQBiACkACQEAAAADAwYAAAA1ADkAOAALBAAAAGMAAAANAQAAAAEOAQAAAAEFuQAAAAABAAEBAAIBAAMBAAQGDgAAAEMAYQBsAGkAYgByAGkABQYOAAAAQwBhAGwAaQBiAHIAaQAHBg4AAABDAGEAbABpAGIAcgBpACoBBwgEFgAAAAoBAAwBACYEAAAAAA8BABABABEBACcEAAAAABQBABUBABYEFgAAABcBABgBABkGCgAAAGwAdAAtAEwAVAAaBgoAAABhAHIALQBTAEEAGwYKAAAAbAB0AC0ATABUABwGAgAAAAAAHgEABt8AAAAAAQABBhIAAAAkBAAAAAAlBAAAAAAmBAAAAAAFAQEGAQAHAQAIAQAJBhsAAAAnBPAAAAALAQEcAQEoBGQAAAAdAQEpBGQAAAAOBggAAAAAAQEBA\/\/\/\/xkBARsGfQAAAAAUAAAAAAMAAAAFBAAAAAAGBAQAAAADAQABFAAAAAADAAAABQQAAAAABgQEAAAAAwEAAhQAAAAAAwAAAAUEAAAAAAYEBAAAAAMBAAMUAAAAAAMAAAAFBAAAAAAGBAQAAAADAQALFAAAAAADAAAABQQAAAAABgQEAAAAAwEALAEA\">Nekepta riebaluose, daug skaidulini\u0173 med\u017eiag\u0173, ma\u017eai riebal\u0173, ma\u017eai so\u010di\u0173j\u0173 riebal\u0173, baltym\u0173 \u0161altinis, tinka vegetarams.<\/p>\n<p class=\"docData;DOCY;v5;2874;BQiAAgAAEYQCAAAGiAIAAAOsCAAABboIAAAAAAAAAAAAAAAAAAAAAAAAAAAAAAAAAAAAAAAAAAAAAAAAAAAAAAAAAAAAAAAAAAAAAAAAAAAAAAAAAAAAAAAAAAAAAAAAAAAAAAAAAAAAAAAAAAAAAAAAAAAAAAAAAAAAAAAAAAAAAAAAAAAAAAAAAAAAAAAAAAAAAAAAAAAAAAAAAAAAAAAAAAAAAAAAAAAAAAAAAAAAAAAAAAAAAAAAAAAAAAAAAAAAAAAAAAAAAAAAAAAAAAAAAAAAAAAAAAAAAAAAAAAAAAAAAAAAAAAAAAAAAAAAAAAAAAAAAAAAAAAAAAAAAAAAAAAAAAAAAAAAAAAAAAAAAAAAAAAAAAAAAAAAAAAAAAAAAAAAAAAAAAAAAAAAAAAAAAAAAAAAAAAAAAAAAAAAAAAAAAAAAAAAAAAAAAAAAAAAAAAAAAAAAAAAAAAAAAAAAAAAAAAAAAAAAAAAAAAAAAAAAAAAAAAAAAAAAAAAAAAAAAAAAAAAAAAAAAAAAAAAAAAAAAAAAAAAAAAAAAAAAAAAAAAAAAAAAAAAAAAAAAAAAAAAAAAAAAAAAAAAAAAAAAAAAAAAAAAAAAAAAAAAAAAAAAAAAAAAAAAAAAAAAAAAAAAAAAAAAAAAAAAAAAAAAAAAAAAAAAAAAAAAAAAAAAAAAAAAAAAAAAAAAAAAAAAAAAAAAAAAAAAAAAAAAAAAAAAAAAAAAAAAAAAAAAAAAAAAAAAAAAAAAAAAAAAAAAAAAAAAAAAAAAAAAAAAAAAAAAAAAAAAAAAAAAAAAAAAAAAAAAAAAAAAAAAAAAAAAAAAAAAAAAAAAAAAAAAAAAAAAAAAAAAAIAYAAABoBQAAASQAAAAVBgYAAAA2ADAAMwABBgAAAAAJBgAAAAAaBgAAAAAbBgAAAAACOgUAAAXvAAAAAQAAAAAI5QAAAADgAAAATgBlAGsAZQBwAHQAYQAgAHIAaQBlAGIAYQBsAHUAbwBzAGUALAAgAGQAYQB1AGcAIABzAGsAYQBpAGQAdQBsAGkAbgBpAHMBIABtAGUAZAB+AWkAYQBnAHMBLAAgAG0AYQB+AWEAaQAgAHIAaQBlAGIAYQBsAHMBLAAgAG0AYQB+AWEAaQAgAHMAbwANAWkAcwFqAHMBIAByAGkAZQBiAGEAbABzASwAIABiAGEAbAB0AHkAbQBzASAAYQFhAGwAdABpAG4AaQBzACwAIAB0AGkAbgBrAGEAIAB2AGUAZwAFDwIAAAEAAAAACAUCAAAAAAIAAGUAdABhAHIAYQBtAHMALgAgAFMAdQBkAGUAZABhAG0AbwBzAGkAbwBzACAAZABhAGwAeQBzACAAaQByACAAYQBsAGUAcgBnAGUAbgBhAGkAOgAgAGEAdgBpAG4AfgFpAHIAbgBpAHMBIABtAGkAbAB0AGEAaQAgACgAMwA3ACUAKQAsACAAcgB5AH4BaQBzASAAbQBpAGwAdABhAGkALAAgAGQAZQBoAGkAZAByAGEAdAB1AG8AdABvAHMAIABiAHUAbAB2ABcBcwAsACAAYgB1AGwAdgBpAHMBIABrAHIAYQBrAG0AbwBsAGEAcwAsACAAawB1AGsAdQByAGsBegBzASAAawByAGEAawBtAG8AbABhAHMALAAgAGQAcgB1AHMAawBhACwAIABzAHYAbwBnAGsBbgBzASAAbQBpAGwAdABlAGwAaQBhAGkALAAgAA0BZQBzAG4AYQBrAG8AIABtAGkAbAB0AGUAbABpAGEAaQAsACAAYQBuAHQAaQBvAGsAcwBpAGQAYQBuAHQAYQBzACAAcgBhAHAAcwBzASAAbABlAGMAaQB0AGkAbgBhAHMALgAgAFAAcgBvAGQAdQBrAHQAZQAgAGUAcwBhAG4AdAB5AHMAIABhAGwAZQByAGcAZQBuAGEAaQA6ACAAZwBhAGwAaQAgAGIAawF0AGkABQ8CAAABAAAAAAgFAgAAAAACAAAgAGcAbABpAHQAaQBtAG8AIABpAHIAIABzAGUAegBhAG0AbwAgAHMAFwFrAGwAcwEgAHAAFwFkAHMAYQBrAGEAaQAuACAAUAByAG8AZAB1AGsAdABvACAAbQBhAGkAcwB0AGkAbgBnAHUAbQBhAHMAIAAoADEAMAAwACAAZwApADoAIABFAG4AZQByAGcAaQBuABcBIAB2AGUAcgB0ABcBIAAxADUAMQAzACAAawBKAC8AIAAzADUANwAgAGsAYwBhAGwALgAsACAAcgBpAGUAYgBhAGwAYQBpACAAMgAsADMAIABnAC4ALAAgAGkAYQEgAGoAcwEgAHMAbwANAWkAcwFqAHMBIAByAGkAZQBiAGEAbABzASAAMAAsADMAIABnAC4ALAAgAGEAbgBnAGwAaQBhAHYAYQBuAGQAZQBuAGkAYQBpACAANwAxACwANAAgAGcALgAsACAAaQBhASAAagBzASAAYwB1AGsAcgBzASAAMQAsADkAIABnAC4AKgAsACAAcwBrAGEAaQBkAHUAbABpAG4AFwFzACAAbQBlAGQAfgFpAGEAZwBvAHMAIAA2ACwANAAgAGcALgAsACAAYgBhAGwAdAB5AG0AYQBpACAAMQAyACwANgAgAGcALgAsACAAZAByAHUAcwBrAGEAIAAxACwANAAgAGcALgAgAAUKAAAAAQAAAAAIAAAAAAUKAAAAAQAAAAAIAAAAAACuAAAAASQAAAAVBgYAAAA2ADAAMwABBgAAAAAJBgAAAAAaBgAAAAAbBgAAAAACgAAAAAVdAAAAAQAAAAAIUwAAAABOAAAAKgBQAHIAbwBkAHUAawB0AG8AIABzAHUAZAAXAXQAeQBqAGUAIAB5AHIAYQAgAG4AYQB0AGsBcgBhAGwAaQBzASAAYwB1AGsAcgBzAS4ABQoAAAABAAAAAAgAAAAABQoAAAABAAAAAAgAAAAACgAAAAAAAAAAEQAAAAB8AgAAAC0AAAABBgAAAAAJBhsAAAAnBBQBAAALAQEcAQAoBAAAAAAdAQApBMgAAAAbBgAAAAABSwAAACgBBykBByoBBysBBRMBAQgEFgAAABYEFgAAABkGCgAAAGUAbgAtAFUAUwAaBgoAAABhAHIALQBTAEEAGwYKAAAAZQBuAC0AVQBTAAL1AQAAAPABAAABBgAAADYAMAAzAAIYAAAATgBvAHIAbQBhAGwAIAAoAFcAZQBiACkACQEAAAADAwYAAAA1ADkAOAALBAAAAGMAAAANAQAAAAEOAQAAAAEFuQAAAAABAAEBAAIBAAMBAAQGDgAAAEMAYQBsAGkAYgByAGkABQYOAAAAQwBhAGwAaQBiAHIAaQAHBg4AAABDAGEAbABpAGIAcgBpACoBBwgEFgAAAAoBAAwBACYEAAAAAA8BABABABEBACcEAAAAABQBABUBABYEFgAAABcBABgBABkGCgAAAGwAdAAtAEwAVAAaBgoAAABhAHIALQBTAEEAGwYKAAAAbAB0AC0ATABUABwGAgAAAAAAHgEABt8AAAAAAQABBhIAAAAkBAAAAAAlBAAAAAAmBAAAAAAFAQEGAQAHAQAIAQAJBhsAAAAnBPAAAAALAQEcAQEoBGQAAAAdAQEpBGQAAAAOBggAAAAAAQEBA\/\/\/\/xkBARsGfQAAAAAUAAAAAAMAAAAFBAAAAAAGBAQAAAADAQABFAAAAAADAAAABQQAAAAABgQEAAAAAwEAAhQAAAAAAwAAAAUEAAAAAAYEBAAAAAMBAAMUAAAAAAMAAAAFBAAAAAAGBAQAAAADAQALFAAAAAADAAAABQQAAAAABgQEAAAAAwEALAEA\"><strong>Sudedamosios dalys ir alergenai:<\/strong>\u00a0avin\u017eirni\u0173 miltai (37%), ry\u017ei\u0173 miltai, dehidratuotos bulv\u0117s, bulvi\u0173 krakmolas, kukur\u016bz\u0173 krakmolas, druska, svog\u016bn\u0173 milteliai, \u010desnako milteliai, antioksidantas raps\u0173 lecitinas. Produkte esantys alergenai: gali b\u016btiglitimo ir sezamo s\u0117kl\u0173 p\u0117dsakai.<\/p>\n<p class=\"docData;DOCY;v5;2874;BQiAAgAAEYQCAAAGiAIAAAOsCAAABboIAAAAAAAAAAAAAAAAAAAAAAAAAAAAAAAAAAAAAAAAAAAAAAAAAAAAAAAAAAAAAAAAAAAAAAAAAAAAAAAAAAAAAAAAAAAAAAAAAAAAAAAAAAAAAAAAAAAAAAAAAAAAAAAAAAAAAAAAAAAAAAAAAAAAAAAAAAAAAAAAAAAAAAAAAAAAAAAAAAAAAAAAAAAAAAAAAAAAAAAAAAAAAAAAAAAAAAAAAAAAAAAAAAAAAAAAAAAAAAAAAAAAAAAAAAAAAAAAAAAAAAAAAAAAAAAAAAAAAAAAAAAAAAAAAAAAAAAAAAAAAAAAAAAAAAAAAAAAAAAAAAAAAAAAAAAAAAAAAAAAAAAAAAAAAAAAAAAAAAAAAAAAAAAAAAAAAAAAAAAAAAAAAAAAAAAAAAAAAAAAAAAAAAAAAAAAAAAAAAAAAAAAAAAAAAAAAAAAAAAAAAAAAAAAAAAAAAAAAAAAAAAAAAAAAAAAAAAAAAAAAAAAAAAAAAAAAAAAAAAAAAAAAAAAAAAAAAAAAAAAAAAAAAAAAAAAAAAAAAAAAAAAAAAAAAAAAAAAAAAAAAAAAAAAAAAAAAAAAAAAAAAAAAAAAAAAAAAAAAAAAAAAAAAAAAAAAAAAAAAAAAAAAAAAAAAAAAAAAAAAAAAAAAAAAAAAAAAAAAAAAAAAAAAAAAAAAAAAAAAAAAAAAAAAAAAAAAAAAAAAAAAAAAAAAAAAAAAAAAAAAAAAAAAAAAAAAAAAAAAAAAAAAAAAAAAAAAAAAAAAAAAAAAAAAAAAAAAAAAAAAAAAAAAAAAAAAAAAAAAAAAAAAAAAAAAAAAAAAAAAAAAAAAAAAAAAIAYAAABoBQAAASQAAAAVBgYAAAA2ADAAMwABBgAAAAAJBgAAAAAaBgAAAAAbBgAAAAACOgUAAAXvAAAAAQAAAAAI5QAAAADgAAAATgBlAGsAZQBwAHQAYQAgAHIAaQBlAGIAYQBsAHUAbwBzAGUALAAgAGQAYQB1AGcAIABzAGsAYQBpAGQAdQBsAGkAbgBpAHMBIABtAGUAZAB+AWkAYQBnAHMBLAAgAG0AYQB+AWEAaQAgAHIAaQBlAGIAYQBsAHMBLAAgAG0AYQB+AWEAaQAgAHMAbwANAWkAcwFqAHMBIAByAGkAZQBiAGEAbABzASwAIABiAGEAbAB0AHkAbQBzASAAYQFhAGwAdABpAG4AaQBzACwAIAB0AGkAbgBrAGEAIAB2AGUAZwAFDwIAAAEAAAAACAUCAAAAAAIAAGUAdABhAHIAYQBtAHMALgAgAFMAdQBkAGUAZABhAG0AbwBzAGkAbwBzACAAZABhAGwAeQBzACAAaQByACAAYQBsAGUAcgBnAGUAbgBhAGkAOgAgAGEAdgBpAG4AfgFpAHIAbgBpAHMBIABtAGkAbAB0AGEAaQAgACgAMwA3ACUAKQAsACAAcgB5AH4BaQBzASAAbQBpAGwAdABhAGkALAAgAGQAZQBoAGkAZAByAGEAdAB1AG8AdABvAHMAIABiAHUAbAB2ABcBcwAsACAAYgB1AGwAdgBpAHMBIABrAHIAYQBrAG0AbwBsAGEAcwAsACAAawB1AGsAdQByAGsBegBzASAAawByAGEAawBtAG8AbABhAHMALAAgAGQAcgB1AHMAawBhACwAIABzAHYAbwBnAGsBbgBzASAAbQBpAGwAdABlAGwAaQBhAGkALAAgAA0BZQBzAG4AYQBrAG8AIABtAGkAbAB0AGUAbABpAGEAaQAsACAAYQBuAHQAaQBvAGsAcwBpAGQAYQBuAHQAYQBzACAAcgBhAHAAcwBzASAAbABlAGMAaQB0AGkAbgBhAHMALgAgAFAAcgBvAGQAdQBrAHQAZQAgAGUAcwBhAG4AdAB5AHMAIABhAGwAZQByAGcAZQBuAGEAaQA6ACAAZwBhAGwAaQAgAGIAawF0AGkABQ8CAAABAAAAAAgFAgAAAAACAAAgAGcAbABpAHQAaQBtAG8AIABpAHIAIABzAGUAegBhAG0AbwAgAHMAFwFrAGwAcwEgAHAAFwFkAHMAYQBrAGEAaQAuACAAUAByAG8AZAB1AGsAdABvACAAbQBhAGkAcwB0AGkAbgBnAHUAbQBhAHMAIAAoADEAMAAwACAAZwApADoAIABFAG4AZQByAGcAaQBuABcBIAB2AGUAcgB0ABcBIAAxADUAMQAzACAAawBKAC8AIAAzADUANwAgAGsAYwBhAGwALgAsACAAcgBpAGUAYgBhAGwAYQBpACAAMgAsADMAIABnAC4ALAAgAGkAYQEgAGoAcwEgAHMAbwANAWkAcwFqAHMBIAByAGkAZQBiAGEAbABzASAAMAAsADMAIABnAC4ALAAgAGEAbgBnAGwAaQBhAHYAYQBuAGQAZQBuAGkAYQBpACAANwAxACwANAAgAGcALgAsACAAaQBhASAAagBzASAAYwB1AGsAcgBzASAAMQAsADkAIABnAC4AKgAsACAAcwBrAGEAaQBkAHUAbABpAG4AFwFzACAAbQBlAGQAfgFpAGEAZwBvAHMAIAA2ACwANAAgAGcALgAsACAAYgBhAGwAdAB5AG0AYQBpACAAMQAyACwANgAgAGcALgAsACAAZAByAHUAcwBrAGEAIAAxACwANAAgAGcALgAgAAUKAAAAAQAAAAAIAAAAAAUKAAAAAQAAAAAIAAAAAACuAAAAASQAAAAVBgYAAAA2ADAAMwABBgAAAAAJBgAAAAAaBgAAAAAbBgAAAAACgAAAAAVdAAAAAQAAAAAIUwAAAABOAAAAKgBQAHIAbwBkAHUAawB0AG8AIABzAHUAZAAXAXQAeQBqAGUAIAB5AHIAYQAgAG4AYQB0AGsBcgBhAGwAaQBzASAAYwB1AGsAcgBzAS4ABQoAAAABAAAAAAgAAAAABQoAAAABAAAAAAgAAAAACgAAAAAAAAAAEQAAAAB8AgAAAC0AAAABBgAAAAAJBhsAAAAnBBQBAAALAQEcAQAoBAAAAAAdAQApBMgAAAAbBgAAAAABSwAAACgBBykBByoBBysBBRMBAQgEFgAAABYEFgAAABkGCgAAAGUAbgAtAFUAUwAaBgoAAABhAHIALQBTAEEAGwYKAAAAZQBuAC0AVQBTAAL1AQAAAPABAAABBgAAADYAMAAzAAIYAAAATgBvAHIAbQBhAGwAIAAoAFcAZQBiACkACQEAAAADAwYAAAA1ADkAOAALBAAAAGMAAAANAQAAAAEOAQAAAAEFuQAAAAABAAEBAAIBAAMBAAQGDgAAAEMAYQBsAGkAYgByAGkABQYOAAAAQwBhAGwAaQBiAHIAaQAHBg4AAABDAGEAbABpAGIAcgBpACoBBwgEFgAAAAoBAAwBACYEAAAAAA8BABABABEBACcEAAAAABQBABUBABYEFgAAABcBABgBABkGCgAAAGwAdAAtAEwAVAAaBgoAAABhAHIALQBTAEEAGwYKAAAAbAB0AC0ATABUABwGAgAAAAAAHgEABt8AAAAAAQABBhIAAAAkBAAAAAAlBAAAAAAmBAAAAAAFAQEGAQAHAQAIAQAJBhsAAAAnBPAAAAALAQEcAQEoBGQAAAAdAQEpBGQAAAAOBggAAAAAAQEBA\/\/\/\/xkBARsGfQAAAAAUAAAAAAMAAAAFBAAAAAAGBAQAAAADAQABFAAAAAADAAAABQQAAAAABgQEAAAAAwEAAhQAAAAAAwAAAAUEAAAAAAYEBAAAAAMBAAMUAAAAAAMAAAAFBAAAAAAGBAQAAAADAQALFAAAAAADAAAABQQAAAAABgQEAAAAAwEALAEA\"><strong>Produkto maistingumas (100 g):<\/strong>\u00a0energin\u0117 vert\u0117 1513 kJ\/ 357 kcal., riebalai 2,3 g., i\u0161 j\u0173 so\u010di\u0173j\u0173 riebal\u0173 0,3 g., angliavandeniai 71,4 g., i\u0161 j\u0173 cukr\u0173 1,9 g.*, skaidulin\u0117s med\u017eiagos 6,4 g., baltymai 12,6 g., druska 1,4 g.<\/p>\n<p>*Produkto sud\u0117tyje yra nat\u016brali\u0173 cukr\u0173.<\/p>\n<p><strong>Grynasis kiekis:<\/strong> 70g<\/p>\n<p><strong>Kilm\u0117s \u0161alis<\/strong>: Lietuva<\/p>\n<p>&nbsp;<\/p>","protected":false},"excerpt":{"rendered":"<p>MINI AVIN\u017dIRNI\u0172 TRAPU\u010cIAI 70g Nekepta riebaluose, daug skaidulini\u0173 med\u017eiag\u0173, ma\u017eai riebal\u0173, ma\u017eai so\u010di\u0173j\u0173 riebal\u0173, baltym\u0173 \u0161altinis, tinka vegetarams. Sudedamosios dalys ir alergenai:\u00a0avin\u017eirni\u0173 miltai (37%), ry\u017ei\u0173 miltai, dehidratuotos bulv\u0117s, bulvi\u0173 krakmolas, kukur\u016bz\u0173 krakmolas, druska, svog\u016bn\u0173 milteliai, \u010desnako milteliai, antioksidantas raps\u0173 lecitinas. Produkte esantys alergenai: gali b\u016btiglitimo ir sezamo s\u0117kl\u0173 p\u0117dsakai. Produkto maistingumas (100 g):\u00a0energin\u0117 vert\u0117 1513&#8230;<\/p>","protected":false},"featured_media":23747,"template":"","meta":{"_acf_changed":false},"product_brand":[],"product_cat":[70],"product_tag":[],"class_list":{"0":"post-23746","1":"product","2":"type-product","3":"status-publish","4":"has-post-thumbnail","6":"product_cat-akcijos","7":"nt-post-class","8":"","9":"masonry-item","10":"col-lg-6","14":"excerpt-none","18":"first","19":"outofstock","20":"taxable","21":"shipping-taxable","22":"purchasable","23":"product-type-simple","24":"add-to-wishlist-after_add_to_cart"},"acf":[],"_links":{"self":[{"href":"https:\/\/chiaseklos.lt\/en\/wp-json\/wp\/v2\/product\/23746","targetHints":{"allow":["GET"]}}],"collection":[{"href":"https:\/\/chiaseklos.lt\/en\/wp-json\/wp\/v2\/product"}],"about":[{"href":"https:\/\/chiaseklos.lt\/en\/wp-json\/wp\/v2\/types\/product"}],"wp:featuredmedia":[{"embeddable":true,"href":"https:\/\/chiaseklos.lt\/en\/wp-json\/wp\/v2\/media\/23747"}],"wp:attachment":[{"href":"https:\/\/chiaseklos.lt\/en\/wp-json\/wp\/v2\/media?parent=23746"}],"wp:term":[{"taxonomy":"product_brand","embeddable":true,"href":"https:\/\/chiaseklos.lt\/en\/wp-json\/wp\/v2\/product_brand?post=23746"},{"taxonomy":"product_cat","embeddable":true,"href":"https:\/\/chiaseklos.lt\/en\/wp-json\/wp\/v2\/product_cat?post=23746"},{"taxonomy":"product_tag","embeddable":true,"href":"https:\/\/chiaseklos.lt\/en\/wp-json\/wp\/v2\/product_tag?post=23746"}],"curies":[{"name":"wp","href":"https:\/\/api.w.org\/{rel}","templated":true}]}}