{"id":23743,"date":"2023-09-22T09:23:06","date_gmt":"2023-09-22T09:23:06","guid":{"rendered":"https:\/\/chiaseklos.lt\/?post_type=product&#038;p=23743"},"modified":"2025-11-18T18:00:52","modified_gmt":"2025-11-18T18:00:52","slug":"lauzyti-ryziu-trapuciai-500g","status":"publish","type":"product","link":"https:\/\/chiaseklos.lt\/en\/product\/lauzyti-ryziu-trapuciai-500g\/","title":{"rendered":"Lau\u017eyti ry\u017ei\u0173 trapu\u010diai 500g"},"content":{"rendered":"<p><strong>Lau\u017eyti ry\u017ei\u0173 trapu\u010diai 500g<\/strong><\/p>\n<p><strong>Sudedamosios dalys:<\/strong>\u00a0ry\u017eiai 99,3%,\u00a0sezamo\u00a0s\u0117klos, druska, raps\u0173 aliejus, antioksidantas raps\u0173 lecitinas.\u00a0Gali b\u016bti\u00a0glitimo\u00a0p\u0117dsak\u0173.<\/p>\n<p>100 g produkto maistingumas:\u00a0energin\u0117 vert\u0117 1492 kJ\/ 352 kcal, riebalai 2 g, i\u0161 kuri\u0173 so\u010di\u0173j\u0173 riebal\u0173 r\u016bg\u0161\u010di\u0173 0,2 g, angliavandeniai 78 g, i\u0161 kuri\u0173 cukr\u0173 0,1 g, baltymai 7 g, druska 0,4 g.<\/p>\n<p>Laikyti sausoje ir v\u0117sioje vietoje. Atidarius pakuot\u0119 laikyti sandariai u\u017edaryt\u0105.<\/p>\n<p><strong>Grynasis kiekis<\/strong>: 500 g.<\/p>\n<p><strong>Kilm\u0117s \u0161alis<\/strong>: Lietuva<\/p>","protected":false},"excerpt":{"rendered":"<p>Lau\u017eyti ry\u017ei\u0173 trapu\u010diai 500g Sudedamosios dalys:\u00a0ry\u017eiai 99,3%,\u00a0sezamo\u00a0s\u0117klos, druska, raps\u0173 aliejus, antioksidantas raps\u0173 lecitinas.\u00a0Gali b\u016bti\u00a0glitimo\u00a0p\u0117dsak\u0173. 100 g produkto maistingumas:\u00a0energin\u0117 vert\u0117 1492 kJ\/ 352 kcal, riebalai 2 g, i\u0161 kuri\u0173 so\u010di\u0173j\u0173 riebal\u0173 r\u016bg\u0161\u010di\u0173 0,2 g, angliavandeniai 78 g, i\u0161 kuri\u0173 cukr\u0173 0,1 g, baltymai 7 g, druska 0,4 g. Laikyti sausoje ir v\u0117sioje vietoje. Atidarius pakuot\u0119 laikyti&#8230;<\/p>","protected":false},"featured_media":23770,"template":"","meta":{"_acf_changed":false},"product_brand":[],"product_cat":[70],"product_tag":[],"class_list":{"0":"post-23743","1":"product","2":"type-product","3":"status-publish","4":"has-post-thumbnail","6":"product_cat-akcijos","7":"nt-post-class","8":"","9":"masonry-item","10":"col-lg-6","14":"excerpt-none","18":"first","19":"outofstock","20":"taxable","21":"shipping-taxable","22":"purchasable","23":"product-type-simple","24":"add-to-wishlist-after_add_to_cart"},"acf":[],"_links":{"self":[{"href":"https:\/\/chiaseklos.lt\/en\/wp-json\/wp\/v2\/product\/23743","targetHints":{"allow":["GET"]}}],"collection":[{"href":"https:\/\/chiaseklos.lt\/en\/wp-json\/wp\/v2\/product"}],"about":[{"href":"https:\/\/chiaseklos.lt\/en\/wp-json\/wp\/v2\/types\/product"}],"wp:featuredmedia":[{"embeddable":true,"href":"https:\/\/chiaseklos.lt\/en\/wp-json\/wp\/v2\/media\/23770"}],"wp:attachment":[{"href":"https:\/\/chiaseklos.lt\/en\/wp-json\/wp\/v2\/media?parent=23743"}],"wp:term":[{"taxonomy":"product_brand","embeddable":true,"href":"https:\/\/chiaseklos.lt\/en\/wp-json\/wp\/v2\/product_brand?post=23743"},{"taxonomy":"product_cat","embeddable":true,"href":"https:\/\/chiaseklos.lt\/en\/wp-json\/wp\/v2\/product_cat?post=23743"},{"taxonomy":"product_tag","embeddable":true,"href":"https:\/\/chiaseklos.lt\/en\/wp-json\/wp\/v2\/product_tag?post=23743"}],"curies":[{"name":"wp","href":"https:\/\/api.w.org\/{rel}","templated":true}]}}