{"id":23740,"date":"2023-09-20T12:10:22","date_gmt":"2023-09-20T12:10:22","guid":{"rendered":"https:\/\/chiaseklos.lt\/?post_type=product&#038;p=23740"},"modified":"2025-11-18T17:58:56","modified_gmt":"2025-11-18T17:58:56","slug":"kukuruzu-trapuciai-lauzyti-500g","status":"publish","type":"product","link":"https:\/\/chiaseklos.lt\/en\/product\/kukuruzu-trapuciai-lauzyti-500g\/","title":{"rendered":"KUKUR\u016aZ\u0172 TRAPU\u010cIAI LAU\u017dYTI 500g"},"content":{"rendered":"<p><strong>KUKUR\u016aZ\u0172 TRAPU\u010cIAI LAU\u017dYTI 500g<\/strong><\/p>\n<p>Skaidulini\u0173 med\u017eiag\u0173 \u0161altinis<\/p>\n<p>Trapu\u010diai &#8211; lengvas u\u017ekandis prie\u0161pie\u010diams, i\u0161kylai ar \u0161ventiniam stalui. Puiki alternatyva duonai ar tra\u0161ku\u010diams.<\/p>\n<p><strong>Sudedamosios dalys<\/strong>: \u00a0kukur\u016bzai 98%, druska, raps\u0173 aliejus, antioksidantas raps\u0173 lecitinas.<\/p>\n<p>Produkte esantys alergenai: gali b\u016bti glitimo ir sezamo s\u0117kl\u0173 p\u0117dsak\u0173.<\/p>\n<p><strong>Produkto maistingumas (100 g):\u00a0<\/strong>Energin\u0117 vert\u0117 1535 kJ\/ 364 kcal., riebalai 5,6 g., i\u0161 j\u0173 so\u010di\u0173j\u0173 riebal\u0173 0,8 g., angliavandeniai 65,6 g., i\u0161 j\u0173 cukr\u0173 0,6 g., skaidulin\u0117s med\u017eiagos 7,1 g., baltymai 9,2 g., druska 1,2 g. *Produkto sud\u0117tyje yra nat\u016brali\u0173 cukr\u0173.<\/p>\n<p>Laikyti sausoje, v\u0117sioje vietoje. Atidarius pakuot\u0119 laikyti sandariai u\u017edaryt\u0105.<\/p>\n<p>Kilm\u0117s \u0161alis: Lietuva<\/p>\n<p>&nbsp;<\/p>","protected":false},"excerpt":{"rendered":"<p>KUKUR\u016aZ\u0172 TRAPU\u010cIAI LAU\u017dYTI 500g Skaidulini\u0173 med\u017eiag\u0173 \u0161altinis Trapu\u010diai &#8211; lengvas u\u017ekandis prie\u0161pie\u010diams, i\u0161kylai ar \u0161ventiniam stalui. Puiki alternatyva duonai ar tra\u0161ku\u010diams. Sudedamosios dalys: \u00a0kukur\u016bzai 98%, druska, raps\u0173 aliejus, antioksidantas raps\u0173 lecitinas. Produkte esantys alergenai: gali b\u016bti glitimo ir sezamo s\u0117kl\u0173 p\u0117dsak\u0173. Produkto maistingumas (100 g):\u00a0Energin\u0117 vert\u0117 1535 kJ\/ 364 kcal., riebalai 5,6 g., i\u0161 j\u0173&#8230;<\/p>","protected":false},"featured_media":23741,"template":"","meta":{"_acf_changed":false},"product_brand":[],"product_cat":[70],"product_tag":[],"class_list":{"0":"post-23740","1":"product","2":"type-product","3":"status-publish","4":"has-post-thumbnail","6":"product_cat-akcijos","7":"nt-post-class","8":"","9":"masonry-item","10":"col-lg-6","14":"excerpt-none","18":"first","19":"outofstock","20":"taxable","21":"shipping-taxable","22":"purchasable","23":"product-type-simple","24":"add-to-wishlist-after_add_to_cart"},"acf":[],"_links":{"self":[{"href":"https:\/\/chiaseklos.lt\/en\/wp-json\/wp\/v2\/product\/23740","targetHints":{"allow":["GET"]}}],"collection":[{"href":"https:\/\/chiaseklos.lt\/en\/wp-json\/wp\/v2\/product"}],"about":[{"href":"https:\/\/chiaseklos.lt\/en\/wp-json\/wp\/v2\/types\/product"}],"wp:featuredmedia":[{"embeddable":true,"href":"https:\/\/chiaseklos.lt\/en\/wp-json\/wp\/v2\/media\/23741"}],"wp:attachment":[{"href":"https:\/\/chiaseklos.lt\/en\/wp-json\/wp\/v2\/media?parent=23740"}],"wp:term":[{"taxonomy":"product_brand","embeddable":true,"href":"https:\/\/chiaseklos.lt\/en\/wp-json\/wp\/v2\/product_brand?post=23740"},{"taxonomy":"product_cat","embeddable":true,"href":"https:\/\/chiaseklos.lt\/en\/wp-json\/wp\/v2\/product_cat?post=23740"},{"taxonomy":"product_tag","embeddable":true,"href":"https:\/\/chiaseklos.lt\/en\/wp-json\/wp\/v2\/product_tag?post=23740"}],"curies":[{"name":"wp","href":"https:\/\/api.w.org\/{rel}","templated":true}]}}