{"id":23739,"date":"2023-09-22T09:26:50","date_gmt":"2023-09-22T09:26:50","guid":{"rendered":"https:\/\/chiaseklos.lt\/?post_type=product&#038;p=23739"},"modified":"2025-11-18T17:54:46","modified_gmt":"2025-11-18T17:54:46","slug":"kukuruzu-trapuciai-su-bananu-skonio-glaistu-400g","status":"publish","type":"product","link":"https:\/\/chiaseklos.lt\/en\/product\/kukuruzu-trapuciai-su-bananu-skonio-glaistu-400g\/","title":{"rendered":"KUKUR\u016aZ\u0172 TRAPU\u010cIAI SU BANAN\u0172 SKONIO GLAISTU 400g"},"content":{"rendered":"<p><strong>KUKUR\u016aZ\u0172 TRAPU\u010cIAI SU BANAN\u0172 SKONIO GLAISTU 400g<\/strong><\/p>\n<p>Nekepta riebaluose<\/p>\n<p>Tinka vegetarams<\/p>\n<p>Sudedamosios dalys: Kukur\u016bz\u0173 trapu\u010diai 55% (kukr\u016bz\u0173 kruopos 97,9%, druska, raps\u0173 aliejus lecitinas), banan\u0173 skonio glaistas 45% (cukrus, augaliniai riebalai (palmi\u0173 branduoli\u0173, sviestmed\u017eio),\u00a0<b>pieno i\u0161r\u016bg\u0173 milteliai<\/b>, beta karotenas, banan\u0173 kvapioji med\u017eiaga, citrin\u0173 r\u016bg\u0161tis, druska).<\/p>\n<p>Grynasis kiekis: 400g<\/p>\n<p>Kilm\u0117s \u0161alis: Lietuva<\/p>","protected":false},"excerpt":{"rendered":"<p>KUKUR\u016aZ\u0172 TRAPU\u010cIAI SU BANAN\u0172 SKONIO GLAISTU 400g Nekepta riebaluose Tinka vegetarams Sudedamosios dalys: Kukur\u016bz\u0173 trapu\u010diai 55% (kukr\u016bz\u0173 kruopos 97,9%, druska, raps\u0173 aliejus lecitinas), banan\u0173 skonio glaistas 45% (cukrus, augaliniai riebalai (palmi\u0173 branduoli\u0173, sviestmed\u017eio),\u00a0pieno i\u0161r\u016bg\u0173 milteliai, beta karotenas, banan\u0173 kvapioji med\u017eiaga, citrin\u0173 r\u016bg\u0161tis, druska). Grynasis kiekis: 400g Kilm\u0117s \u0161alis: Lietuva<\/p>","protected":false},"featured_media":23773,"template":"","meta":{"_acf_changed":false},"product_brand":[],"product_cat":[70],"product_tag":[],"class_list":{"0":"post-23739","1":"product","2":"type-product","3":"status-publish","4":"has-post-thumbnail","6":"product_cat-akcijos","7":"nt-post-class","8":"","9":"masonry-item","10":"col-lg-6","14":"excerpt-none","18":"first","19":"outofstock","20":"taxable","21":"shipping-taxable","22":"purchasable","23":"product-type-simple","24":"add-to-wishlist-after_add_to_cart"},"acf":[],"_links":{"self":[{"href":"https:\/\/chiaseklos.lt\/en\/wp-json\/wp\/v2\/product\/23739","targetHints":{"allow":["GET"]}}],"collection":[{"href":"https:\/\/chiaseklos.lt\/en\/wp-json\/wp\/v2\/product"}],"about":[{"href":"https:\/\/chiaseklos.lt\/en\/wp-json\/wp\/v2\/types\/product"}],"wp:featuredmedia":[{"embeddable":true,"href":"https:\/\/chiaseklos.lt\/en\/wp-json\/wp\/v2\/media\/23773"}],"wp:attachment":[{"href":"https:\/\/chiaseklos.lt\/en\/wp-json\/wp\/v2\/media?parent=23739"}],"wp:term":[{"taxonomy":"product_brand","embeddable":true,"href":"https:\/\/chiaseklos.lt\/en\/wp-json\/wp\/v2\/product_brand?post=23739"},{"taxonomy":"product_cat","embeddable":true,"href":"https:\/\/chiaseklos.lt\/en\/wp-json\/wp\/v2\/product_cat?post=23739"},{"taxonomy":"product_tag","embeddable":true,"href":"https:\/\/chiaseklos.lt\/en\/wp-json\/wp\/v2\/product_tag?post=23739"}],"curies":[{"name":"wp","href":"https:\/\/api.w.org\/{rel}","templated":true}]}}