{"id":23737,"date":"2023-09-20T11:39:33","date_gmt":"2023-09-20T11:39:33","guid":{"rendered":"https:\/\/chiaseklos.lt\/?post_type=product&#038;p=23737"},"modified":"2025-11-18T18:04:49","modified_gmt":"2025-11-18T18:04:49","slug":"didieji-avinzirniu-trapuciai-su-spirulina-70g","status":"publish","type":"product","link":"https:\/\/chiaseklos.lt\/en\/product\/didieji-avinzirniu-trapuciai-su-spirulina-70g\/","title":{"rendered":"DIDIEJI AVIN\u017dIRNI\u0172 TRAPU\u010cIAI SU SPIRULINA 70g"},"content":{"rendered":"<p class=\"product_title entry-title elementor-heading-title elementor-size-default\"><strong>DIDIEJI AVIN\u017dIRNI\u0172 TRAPU\u010cIAI SU SPIRULINA\u00a0 70g<\/strong><\/p>\n<p class=\"docData;DOCY;v5;2728;BQiAAgAAEYQCAAAGiAIAAAMaCAAABSgIAAAAAAAAAAAAAAAAAAAAAAAAAAAAAAAAAAAAAAAAAAAAAAAAAAAAAAAAAAAAAAAAAAAAAAAAAAAAAAAAAAAAAAAAAAAAAAAAAAAAAAAAAAAAAAAAAAAAAAAAAAAAAAAAAAAAAAAAAAAAAAAAAAAAAAAAAAAAAAAAAAAAAAAAAAAAAAAAAAAAAAAAAAAAAAAAAAAAAAAAAAAAAAAAAAAAAAAAAAAAAAAAAAAAAAAAAAAAAAAAAAAAAAAAAAAAAAAAAAAAAAAAAAAAAAAAAAAAAAAAAAAAAAAAAAAAAAAAAAAAAAAAAAAAAAAAAAAAAAAAAAAAAAAAAAAAAAAAAAAAAAAAAAAAAAAAAAAAAAAAAAAAAAAAAAAAAAAAAAAAAAAAAAAAAAAAAAAAAAAAAAAAAAAAAAAAAAAAAAAAAAAAAAAAAAAAAAAAAAAAAAAAAAAAAAAAAAAAAAAAAAAAAAAAAAAAAAAAAAAAAAAAAAAAAAAAAAAAAAAAAAAAAAAAAAAAAAAAAAAAAAAAAAAAAAAAAAAAAAAAAAAAAAAAAAAAAAAAAAAAAAAAAAAAAAAAAAAAAAAAAAAAAAAAAAAAAAAAAAAAAAAAAAAAAAAAAAAAAAAAAAAAAAAAAAAAAAAAAAAAAAAAAAAAAAAAAAAAAAAAAAAAAAAAAAAAAAAAAAAAAAAAAAAAAAAAAAAAAAAAAAAAAAAAAAAAAAAAAAAAAAAAAAAAAAAAAAAAAAAAAAAAAAAAAAAAAAAAAAAAAAAAAAAAAAAAAAAAAAAAAAAAAAAAAAAAAAAAAAAAAAAAAAAAAAAAAAAAAAAAAAAAAAAAAAAAjgUAAADWBAAAASQAAAAVBgYAAAA2ADAAMwABBgAAAAAJBgAAAAAaBgAAAAAbBgAAAAACqAQAAAVdAAAAAQAAAAAIUwAAAABOAAAATgBlAGsAZQBwAHQAYQAgAHIAaQBlAGIAYQBsAHUAbwBzAGUALAAgAGIAZQAgAGsAbwBuAHMAZQByAHYAYQBuAHQAcwEsACAAdABpAG4ABQ8CAAABAAAAAAgFAgAAAAACAABrAGEAIAB2AGUAZwBlAHQAYQByAGEAbQBzAC4AIABTAHUAZABlAGQAYQBtAG8AcwBpAG8AcwAgAGQAYQBsAHkAcwAgAGkAcgAgAGEAbABlAHIAZwBlAG4AYQBpADoAIABhAHYAaQBuAH4BaQByAG4AaQBzASAAbQBpAGwAdABhAGkAIAAzADcAJQAsACAAcgB5AH4BaQBzASAAbQBpAGwAdABhAGkALAAgAGQAfgFpAG8AdgBpAG4AdABvAHMAIABiAHUAbAB2ABcBcwAsACAAYgB1AGwAdgBpAHMBIABrAHIAYQBrAG0AbwBsAGEAcwAsACAAawB1AGsAdQByAGsBegBzASAAawByAGEAawBtAG8AbABhAHMALAAgAHMAcABpAHIAdQBsAGkAbgBvAHMAIABtAGkAbAB0AGEAaQAgADIAJQAsACAAZAByAHUAcwBrAGEALAAgAHIAYQBwAHMAcwEgAGEAbABpAGUAagB1AHMALAAgAGUAbQB1AGwAcwBpAGsAbABpAHMAIAByAGEAcABzAHMBIABsAGUAYwBpAHQAaQBuAGEAcwAuACAAUAByAG8AZAB1AGsAdABlACAAZQBzAGEAbgB0AHkAcwAgAGEAbABlAHIAZwBlAG4AYQBpADoAIABhAGwAZQByAGcAZQBuAGEAaQAgAGkAYQF2AAUPAgAAAQAAAAAIBQIAAAAAAgAAYQByAGQAeQB0AGkAIABpAG4AZwByAGUAZABpAGUAbgB0AHMBIABzAAUBcgBhAGEBZQAuACAAUAByAG8AZAB1AGsAdABvACAAbQBhAGkAcwB0AGkAbgBnAHUAbQBhAHMAIAAoADEAMAAwACAAZwApADoAIABFAG4AZQByAGcAaQBuABcBIAB2AGUAcgB0ABcBIAAxADQANAAyACAAawBKAC8AMwA0ADIAIABrAGMAYQBsAC4ALAAgAHIAaQBlAGIAYQBsAGEAaQAgADQALAAzACAAZwAuACwAIABpAGEBIABqAHMBIABzAG8ADQFpAG8AcwBpAG8AcwAgAHIAaQBlAGIAYQBsAHMBIAByAGsBZwBhAXQAeQBzACAAMAAsADQAIABnAC4ALAAgAGEAbgBnAGwAaQBhAHYAYQBuAGQAZQBuAGkAYQBpACAANgAxACwAMQAgAGcALgAsACAAaQBhASAAagBzASAAYwB1AGsAcgBzASAANQAsADIAIABnAC4AKgAsACAAcwBrAGEAaQBkAHUAbABpAG4AFwFzACAAbQBlAGQAfgFpAGEAZwBvAHMAIAA4ACwAMAAgAGcALgAsACAAYgBhAGwAdAB5AG0AYQBpACAAMQAwACwANgAgAGcALgAsACAAZAByAHUAcwBrAGEAIAAxACwAOQAgAGcALgAFCgAAAAEAAAAACAAAAAAFCgAAAAEAAAAACAAAAAAArgAAAAEkAAAAFQYGAAAANgAwADMAAQYAAAAACQYAAAAAGgYAAAAAGwYAAAAAAoAAAAAFXQAAAAEAAAAACFMAAAAATgAAACoAUAByAG8AZAB1AGsAdABvACAAcwB1AGQAFwF0AHkAagBlACAAeQByAGEAIABuAGEAdABrAXIAYQBsAGkAcwEgAGMAdQBrAHIAcwEuAAUKAAAAAQAAAAAIAAAAAAUKAAAAAQAAAAAIAAAAAAoAAAAAAAAAABEAAAAAfAIAAAAtAAAAAQYAAAAACQYbAAAAJwQUAQAACwEBHAEAKAQAAAAAHQEAKQTIAAAAGwYAAAAAAUsAAAAoAQcpAQcqAQcrAQUTAQEIBBYAAAAWBBYAAAAZBgoAAABlAG4ALQBVAFMAGgYKAAAAYQByAC0AUwBBABsGCgAAAGUAbgAtAFUAUwAC9QEAAADwAQAAAQYAAAA2ADAAMwACGAAAAE4AbwByAG0AYQBsACAAKABXAGUAYgApAAkBAAAAAwMGAAAANQA5ADgACwQAAABjAAAADQEAAAABDgEAAAABBbkAAAAAAQABAQACAQADAQAEBg4AAABDAGEAbABpAGIAcgBpAAUGDgAAAEMAYQBsAGkAYgByAGkABwYOAAAAQwBhAGwAaQBiAHIAaQAqAQcIBBYAAAAKAQAMAQAmBAAAAAAPAQAQAQARAQAnBAAAAAAUAQAVAQAWBBYAAAAXAQAYAQAZBgoAAABsAHQALQBMAFQAGgYKAAAAYQByAC0AUwBBABsGCgAAAGwAdAAtAEwAVAAcBgIAAAAAAB4BAAbfAAAAAAEAAQYSAAAAJAQAAAAAJQQAAAAAJgQAAAAABQEBBgEABwEACAEACQYbAAAAJwTwAAAACwEBHAEBKARkAAAAHQEBKQRkAAAADgYIAAAAAAEBAQP\/\/\/8ZAQEbBn0AAAAAFAAAAAADAAAABQQAAAAABgQEAAAAAwEAARQAAAAAAwAAAAUEAAAAAAYEBAAAAAMBAAIUAAAAAAMAAAAFBAAAAAAGBAQAAAADAQADFAAAAAADAAAABQQAAAAABgQEAAAAAwEACxQAAAAAAwAAAAUEAAAAAAYEBAAAAAMBACwBAA==\">Nekepta riebaluose, be konservant\u0173, tinka vegetarams.<\/p>\n<p class=\"docData;DOCY;v5;2728;BQiAAgAAEYQCAAAGiAIAAAMaCAAABSgIAAAAAAAAAAAAAAAAAAAAAAAAAAAAAAAAAAAAAAAAAAAAAAAAAAAAAAAAAAAAAAAAAAAAAAAAAAAAAAAAAAAAAAAAAAAAAAAAAAAAAAAAAAAAAAAAAAAAAAAAAAAAAAAAAAAAAAAAAAAAAAAAAAAAAAAAAAAAAAAAAAAAAAAAAAAAAAAAAAAAAAAAAAAAAAAAAAAAAAAAAAAAAAAAAAAAAAAAAAAAAAAAAAAAAAAAAAAAAAAAAAAAAAAAAAAAAAAAAAAAAAAAAAAAAAAAAAAAAAAAAAAAAAAAAAAAAAAAAAAAAAAAAAAAAAAAAAAAAAAAAAAAAAAAAAAAAAAAAAAAAAAAAAAAAAAAAAAAAAAAAAAAAAAAAAAAAAAAAAAAAAAAAAAAAAAAAAAAAAAAAAAAAAAAAAAAAAAAAAAAAAAAAAAAAAAAAAAAAAAAAAAAAAAAAAAAAAAAAAAAAAAAAAAAAAAAAAAAAAAAAAAAAAAAAAAAAAAAAAAAAAAAAAAAAAAAAAAAAAAAAAAAAAAAAAAAAAAAAAAAAAAAAAAAAAAAAAAAAAAAAAAAAAAAAAAAAAAAAAAAAAAAAAAAAAAAAAAAAAAAAAAAAAAAAAAAAAAAAAAAAAAAAAAAAAAAAAAAAAAAAAAAAAAAAAAAAAAAAAAAAAAAAAAAAAAAAAAAAAAAAAAAAAAAAAAAAAAAAAAAAAAAAAAAAAAAAAAAAAAAAAAAAAAAAAAAAAAAAAAAAAAAAAAAAAAAAAAAAAAAAAAAAAAAAAAAAAAAAAAAAAAAAAAAAAAAAAAAAAAAAAAAAAAAAAAAAAAAAAAAAAAAAAAAAAAAjgUAAADWBAAAASQAAAAVBgYAAAA2ADAAMwABBgAAAAAJBgAAAAAaBgAAAAAbBgAAAAACqAQAAAVdAAAAAQAAAAAIUwAAAABOAAAATgBlAGsAZQBwAHQAYQAgAHIAaQBlAGIAYQBsAHUAbwBzAGUALAAgAGIAZQAgAGsAbwBuAHMAZQByAHYAYQBuAHQAcwEsACAAdABpAG4ABQ8CAAABAAAAAAgFAgAAAAACAABrAGEAIAB2AGUAZwBlAHQAYQByAGEAbQBzAC4AIABTAHUAZABlAGQAYQBtAG8AcwBpAG8AcwAgAGQAYQBsAHkAcwAgAGkAcgAgAGEAbABlAHIAZwBlAG4AYQBpADoAIABhAHYAaQBuAH4BaQByAG4AaQBzASAAbQBpAGwAdABhAGkAIAAzADcAJQAsACAAcgB5AH4BaQBzASAAbQBpAGwAdABhAGkALAAgAGQAfgFpAG8AdgBpAG4AdABvAHMAIABiAHUAbAB2ABcBcwAsACAAYgB1AGwAdgBpAHMBIABrAHIAYQBrAG0AbwBsAGEAcwAsACAAawB1AGsAdQByAGsBegBzASAAawByAGEAawBtAG8AbABhAHMALAAgAHMAcABpAHIAdQBsAGkAbgBvAHMAIABtAGkAbAB0AGEAaQAgADIAJQAsACAAZAByAHUAcwBrAGEALAAgAHIAYQBwAHMAcwEgAGEAbABpAGUAagB1AHMALAAgAGUAbQB1AGwAcwBpAGsAbABpAHMAIAByAGEAcABzAHMBIABsAGUAYwBpAHQAaQBuAGEAcwAuACAAUAByAG8AZAB1AGsAdABlACAAZQBzAGEAbgB0AHkAcwAgAGEAbABlAHIAZwBlAG4AYQBpADoAIABhAGwAZQByAGcAZQBuAGEAaQAgAGkAYQF2AAUPAgAAAQAAAAAIBQIAAAAAAgAAYQByAGQAeQB0AGkAIABpAG4AZwByAGUAZABpAGUAbgB0AHMBIABzAAUBcgBhAGEBZQAuACAAUAByAG8AZAB1AGsAdABvACAAbQBhAGkAcwB0AGkAbgBnAHUAbQBhAHMAIAAoADEAMAAwACAAZwApADoAIABFAG4AZQByAGcAaQBuABcBIAB2AGUAcgB0ABcBIAAxADQANAAyACAAawBKAC8AMwA0ADIAIABrAGMAYQBsAC4ALAAgAHIAaQBlAGIAYQBsAGEAaQAgADQALAAzACAAZwAuACwAIABpAGEBIABqAHMBIABzAG8ADQFpAG8AcwBpAG8AcwAgAHIAaQBlAGIAYQBsAHMBIAByAGsBZwBhAXQAeQBzACAAMAAsADQAIABnAC4ALAAgAGEAbgBnAGwAaQBhAHYAYQBuAGQAZQBuAGkAYQBpACAANgAxACwAMQAgAGcALgAsACAAaQBhASAAagBzASAAYwB1AGsAcgBzASAANQAsADIAIABnAC4AKgAsACAAcwBrAGEAaQBkAHUAbABpAG4AFwFzACAAbQBlAGQAfgFpAGEAZwBvAHMAIAA4ACwAMAAgAGcALgAsACAAYgBhAGwAdAB5AG0AYQBpACAAMQAwACwANgAgAGcALgAsACAAZAByAHUAcwBrAGEAIAAxACwAOQAgAGcALgAFCgAAAAEAAAAACAAAAAAFCgAAAAEAAAAACAAAAAAArgAAAAEkAAAAFQYGAAAANgAwADMAAQYAAAAACQYAAAAAGgYAAAAAGwYAAAAAAoAAAAAFXQAAAAEAAAAACFMAAAAATgAAACoAUAByAG8AZAB1AGsAdABvACAAcwB1AGQAFwF0AHkAagBlACAAeQByAGEAIABuAGEAdABrAXIAYQBsAGkAcwEgAGMAdQBrAHIAcwEuAAUKAAAAAQAAAAAIAAAAAAUKAAAAAQAAAAAIAAAAAAoAAAAAAAAAABEAAAAAfAIAAAAtAAAAAQYAAAAACQYbAAAAJwQUAQAACwEBHAEAKAQAAAAAHQEAKQTIAAAAGwYAAAAAAUsAAAAoAQcpAQcqAQcrAQUTAQEIBBYAAAAWBBYAAAAZBgoAAABlAG4ALQBVAFMAGgYKAAAAYQByAC0AUwBBABsGCgAAAGUAbgAtAFUAUwAC9QEAAADwAQAAAQYAAAA2ADAAMwACGAAAAE4AbwByAG0AYQBsACAAKABXAGUAYgApAAkBAAAAAwMGAAAANQA5ADgACwQAAABjAAAADQEAAAABDgEAAAABBbkAAAAAAQABAQACAQADAQAEBg4AAABDAGEAbABpAGIAcgBpAAUGDgAAAEMAYQBsAGkAYgByAGkABwYOAAAAQwBhAGwAaQBiAHIAaQAqAQcIBBYAAAAKAQAMAQAmBAAAAAAPAQAQAQARAQAnBAAAAAAUAQAVAQAWBBYAAAAXAQAYAQAZBgoAAABsAHQALQBMAFQAGgYKAAAAYQByAC0AUwBBABsGCgAAAGwAdAAtAEwAVAAcBgIAAAAAAB4BAAbfAAAAAAEAAQYSAAAAJAQAAAAAJQQAAAAAJgQAAAAABQEBBgEABwEACAEACQYbAAAAJwTwAAAACwEBHAEBKARkAAAAHQEBKQRkAAAADgYIAAAAAAEBAQP\/\/\/8ZAQEbBn0AAAAAFAAAAAADAAAABQQAAAAABgQEAAAAAwEAARQAAAAAAwAAAAUEAAAAAAYEBAAAAAMBAAIUAAAAAAMAAAAFBAAAAAAGBAQAAAADAQADFAAAAAADAAAABQQAAAAABgQEAAAAAwEACxQAAAAAAwAAAAUEAAAAAAYEBAAAAAMBACwBAA==\"><strong>Sudedamosios dalys ir alergenai:<\/strong>\u00a0avin\u017eirni\u0173 miltai 37%, ry\u017ei\u0173 miltai, d\u017eiovintos bulv\u0117s, bulvi\u0173 krakmolas, kukur\u016bz\u0173 krakmolas, spirulinos miltai 2%, druska, raps\u0173 aliejus, emulsiklis raps\u0173 lecitinas. Produkte esantys alergenai: alergenai i\u0161vardyti ingredient\u0173 s\u0105ra\u0161e.<\/p>\n<p class=\"docData;DOCY;v5;2728;BQiAAgAAEYQCAAAGiAIAAAMaCAAABSgIAAAAAAAAAAAAAAAAAAAAAAAAAAAAAAAAAAAAAAAAAAAAAAAAAAAAAAAAAAAAAAAAAAAAAAAAAAAAAAAAAAAAAAAAAAAAAAAAAAAAAAAAAAAAAAAAAAAAAAAAAAAAAAAAAAAAAAAAAAAAAAAAAAAAAAAAAAAAAAAAAAAAAAAAAAAAAAAAAAAAAAAAAAAAAAAAAAAAAAAAAAAAAAAAAAAAAAAAAAAAAAAAAAAAAAAAAAAAAAAAAAAAAAAAAAAAAAAAAAAAAAAAAAAAAAAAAAAAAAAAAAAAAAAAAAAAAAAAAAAAAAAAAAAAAAAAAAAAAAAAAAAAAAAAAAAAAAAAAAAAAAAAAAAAAAAAAAAAAAAAAAAAAAAAAAAAAAAAAAAAAAAAAAAAAAAAAAAAAAAAAAAAAAAAAAAAAAAAAAAAAAAAAAAAAAAAAAAAAAAAAAAAAAAAAAAAAAAAAAAAAAAAAAAAAAAAAAAAAAAAAAAAAAAAAAAAAAAAAAAAAAAAAAAAAAAAAAAAAAAAAAAAAAAAAAAAAAAAAAAAAAAAAAAAAAAAAAAAAAAAAAAAAAAAAAAAAAAAAAAAAAAAAAAAAAAAAAAAAAAAAAAAAAAAAAAAAAAAAAAAAAAAAAAAAAAAAAAAAAAAAAAAAAAAAAAAAAAAAAAAAAAAAAAAAAAAAAAAAAAAAAAAAAAAAAAAAAAAAAAAAAAAAAAAAAAAAAAAAAAAAAAAAAAAAAAAAAAAAAAAAAAAAAAAAAAAAAAAAAAAAAAAAAAAAAAAAAAAAAAAAAAAAAAAAAAAAAAAAAAAAAAAAAAAAAAAAAAAAAAAAAAAAAAAAAAAjgUAAADWBAAAASQAAAAVBgYAAAA2ADAAMwABBgAAAAAJBgAAAAAaBgAAAAAbBgAAAAACqAQAAAVdAAAAAQAAAAAIUwAAAABOAAAATgBlAGsAZQBwAHQAYQAgAHIAaQBlAGIAYQBsAHUAbwBzAGUALAAgAGIAZQAgAGsAbwBuAHMAZQByAHYAYQBuAHQAcwEsACAAdABpAG4ABQ8CAAABAAAAAAgFAgAAAAACAABrAGEAIAB2AGUAZwBlAHQAYQByAGEAbQBzAC4AIABTAHUAZABlAGQAYQBtAG8AcwBpAG8AcwAgAGQAYQBsAHkAcwAgAGkAcgAgAGEAbABlAHIAZwBlAG4AYQBpADoAIABhAHYAaQBuAH4BaQByAG4AaQBzASAAbQBpAGwAdABhAGkAIAAzADcAJQAsACAAcgB5AH4BaQBzASAAbQBpAGwAdABhAGkALAAgAGQAfgFpAG8AdgBpAG4AdABvAHMAIABiAHUAbAB2ABcBcwAsACAAYgB1AGwAdgBpAHMBIABrAHIAYQBrAG0AbwBsAGEAcwAsACAAawB1AGsAdQByAGsBegBzASAAawByAGEAawBtAG8AbABhAHMALAAgAHMAcABpAHIAdQBsAGkAbgBvAHMAIABtAGkAbAB0AGEAaQAgADIAJQAsACAAZAByAHUAcwBrAGEALAAgAHIAYQBwAHMAcwEgAGEAbABpAGUAagB1AHMALAAgAGUAbQB1AGwAcwBpAGsAbABpAHMAIAByAGEAcABzAHMBIABsAGUAYwBpAHQAaQBuAGEAcwAuACAAUAByAG8AZAB1AGsAdABlACAAZQBzAGEAbgB0AHkAcwAgAGEAbABlAHIAZwBlAG4AYQBpADoAIABhAGwAZQByAGcAZQBuAGEAaQAgAGkAYQF2AAUPAgAAAQAAAAAIBQIAAAAAAgAAYQByAGQAeQB0AGkAIABpAG4AZwByAGUAZABpAGUAbgB0AHMBIABzAAUBcgBhAGEBZQAuACAAUAByAG8AZAB1AGsAdABvACAAbQBhAGkAcwB0AGkAbgBnAHUAbQBhAHMAIAAoADEAMAAwACAAZwApADoAIABFAG4AZQByAGcAaQBuABcBIAB2AGUAcgB0ABcBIAAxADQANAAyACAAawBKAC8AMwA0ADIAIABrAGMAYQBsAC4ALAAgAHIAaQBlAGIAYQBsAGEAaQAgADQALAAzACAAZwAuACwAIABpAGEBIABqAHMBIABzAG8ADQFpAG8AcwBpAG8AcwAgAHIAaQBlAGIAYQBsAHMBIAByAGsBZwBhAXQAeQBzACAAMAAsADQAIABnAC4ALAAgAGEAbgBnAGwAaQBhAHYAYQBuAGQAZQBuAGkAYQBpACAANgAxACwAMQAgAGcALgAsACAAaQBhASAAagBzASAAYwB1AGsAcgBzASAANQAsADIAIABnAC4AKgAsACAAcwBrAGEAaQBkAHUAbABpAG4AFwFzACAAbQBlAGQAfgFpAGEAZwBvAHMAIAA4ACwAMAAgAGcALgAsACAAYgBhAGwAdAB5AG0AYQBpACAAMQAwACwANgAgAGcALgAsACAAZAByAHUAcwBrAGEAIAAxACwAOQAgAGcALgAFCgAAAAEAAAAACAAAAAAFCgAAAAEAAAAACAAAAAAArgAAAAEkAAAAFQYGAAAANgAwADMAAQYAAAAACQYAAAAAGgYAAAAAGwYAAAAAAoAAAAAFXQAAAAEAAAAACFMAAAAATgAAACoAUAByAG8AZAB1AGsAdABvACAAcwB1AGQAFwF0AHkAagBlACAAeQByAGEAIABuAGEAdABrAXIAYQBsAGkAcwEgAGMAdQBrAHIAcwEuAAUKAAAAAQAAAAAIAAAAAAUKAAAAAQAAAAAIAAAAAAoAAAAAAAAAABEAAAAAfAIAAAAtAAAAAQYAAAAACQYbAAAAJwQUAQAACwEBHAEAKAQAAAAAHQEAKQTIAAAAGwYAAAAAAUsAAAAoAQcpAQcqAQcrAQUTAQEIBBYAAAAWBBYAAAAZBgoAAABlAG4ALQBVAFMAGgYKAAAAYQByAC0AUwBBABsGCgAAAGUAbgAtAFUAUwAC9QEAAADwAQAAAQYAAAA2ADAAMwACGAAAAE4AbwByAG0AYQBsACAAKABXAGUAYgApAAkBAAAAAwMGAAAANQA5ADgACwQAAABjAAAADQEAAAABDgEAAAABBbkAAAAAAQABAQACAQADAQAEBg4AAABDAGEAbABpAGIAcgBpAAUGDgAAAEMAYQBsAGkAYgByAGkABwYOAAAAQwBhAGwAaQBiAHIAaQAqAQcIBBYAAAAKAQAMAQAmBAAAAAAPAQAQAQARAQAnBAAAAAAUAQAVAQAWBBYAAAAXAQAYAQAZBgoAAABsAHQALQBMAFQAGgYKAAAAYQByAC0AUwBBABsGCgAAAGwAdAAtAEwAVAAcBgIAAAAAAB4BAAbfAAAAAAEAAQYSAAAAJAQAAAAAJQQAAAAAJgQAAAAABQEBBgEABwEACAEACQYbAAAAJwTwAAAACwEBHAEBKARkAAAAHQEBKQRkAAAADgYIAAAAAAEBAQP\/\/\/8ZAQEbBn0AAAAAFAAAAAADAAAABQQAAAAABgQEAAAAAwEAARQAAAAAAwAAAAUEAAAAAAYEBAAAAAMBAAIUAAAAAAMAAAAFBAAAAAAGBAQAAAADAQADFAAAAAADAAAABQQAAAAABgQEAAAAAwEACxQAAAAAAwAAAAUEAAAAAAYEBAAAAAMBACwBAA==\"><strong>Produkto maistingumas (100 g):<\/strong>\u00a0energin\u0117 vert\u0117 1442 kJ\/342 kcal., riebalai 4,3 g., i\u0161 j\u0173 so\u010diosios riebal\u0173 r\u016bg\u0161tys 0,4 g., angliavandeniai 61,1 g., i\u0161 j\u0173 cukr\u0173 5,2 g.*, skaidulin\u0117s med\u017eiagos 8,0 g., baltymai 10,6 g., druska 1,9 g.<\/p>\n<p>*Produkto sud\u0117tyje yra nat\u016brali\u0173 cukr\u0173.<\/p>\n<p>Laikyti sausoje ir v\u0117sioje vietoje.<\/p>\n<p>Kilm\u0117s \u0161alis: Lietuva<\/p>\n<p>Grynasis kiekis: 70 g.<\/p>","protected":false},"excerpt":{"rendered":"<p>DIDIEJI AVIN\u017dIRNI\u0172 TRAPU\u010cIAI SU SPIRULINA\u00a0 70g Nekepta riebaluose, be konservant\u0173, tinka vegetarams. Sudedamosios dalys ir alergenai:\u00a0avin\u017eirni\u0173 miltai 37%, ry\u017ei\u0173 miltai, d\u017eiovintos bulv\u0117s, bulvi\u0173 krakmolas, kukur\u016bz\u0173 krakmolas, spirulinos miltai 2%, druska, raps\u0173 aliejus, emulsiklis raps\u0173 lecitinas. Produkte esantys alergenai: alergenai i\u0161vardyti ingredient\u0173 s\u0105ra\u0161e. Produkto maistingumas (100 g):\u00a0energin\u0117 vert\u0117 1442 kJ\/342 kcal., riebalai 4,3 g., i\u0161 j\u0173&#8230;<\/p>","protected":false},"featured_media":23738,"template":"","meta":{"_acf_changed":false},"product_brand":[],"product_cat":[70],"product_tag":[],"class_list":{"0":"post-23737","1":"product","2":"type-product","3":"status-publish","4":"has-post-thumbnail","6":"product_cat-akcijos","7":"nt-post-class","8":"","9":"masonry-item","10":"col-lg-6","14":"excerpt-none","18":"first","19":"outofstock","20":"taxable","21":"shipping-taxable","22":"purchasable","23":"product-type-simple","24":"add-to-wishlist-after_add_to_cart"},"acf":[],"_links":{"self":[{"href":"https:\/\/chiaseklos.lt\/en\/wp-json\/wp\/v2\/product\/23737","targetHints":{"allow":["GET"]}}],"collection":[{"href":"https:\/\/chiaseklos.lt\/en\/wp-json\/wp\/v2\/product"}],"about":[{"href":"https:\/\/chiaseklos.lt\/en\/wp-json\/wp\/v2\/types\/product"}],"wp:featuredmedia":[{"embeddable":true,"href":"https:\/\/chiaseklos.lt\/en\/wp-json\/wp\/v2\/media\/23738"}],"wp:attachment":[{"href":"https:\/\/chiaseklos.lt\/en\/wp-json\/wp\/v2\/media?parent=23737"}],"wp:term":[{"taxonomy":"product_brand","embeddable":true,"href":"https:\/\/chiaseklos.lt\/en\/wp-json\/wp\/v2\/product_brand?post=23737"},{"taxonomy":"product_cat","embeddable":true,"href":"https:\/\/chiaseklos.lt\/en\/wp-json\/wp\/v2\/product_cat?post=23737"},{"taxonomy":"product_tag","embeddable":true,"href":"https:\/\/chiaseklos.lt\/en\/wp-json\/wp\/v2\/product_tag?post=23737"}],"curies":[{"name":"wp","href":"https:\/\/api.w.org\/{rel}","templated":true}]}}