{"id":23729,"date":"2023-09-20T09:59:11","date_gmt":"2023-09-20T09:59:11","guid":{"rendered":"https:\/\/chiaseklos.lt\/?post_type=product&#038;p=23729"},"modified":"2025-11-18T18:04:18","modified_gmt":"2025-11-18T18:04:18","slug":"grikiu-trapuciai-100g","status":"publish","type":"product","link":"https:\/\/chiaseklos.lt\/en\/product\/grikiu-trapuciai-100g\/","title":{"rendered":"Griki\u0173 trapu\u010diai 100g"},"content":{"rendered":"<p><strong>Griki\u0173 trapu\u010diai 100g<\/strong><\/p>\n<p><span class=\"docData;DOCY;v5;2449;BQiAAgAAEYQCAAAGiAIAAAMDBwAABREHAAAAAAAAAAAAAAAAAAAAAAAAAAAAAAAAAAAAAAAAAAAAAAAAAAAAAAAAAAAAAAAAAAAAAAAAAAAAAAAAAAAAAAAAAAAAAAAAAAAAAAAAAAAAAAAAAAAAAAAAAAAAAAAAAAAAAAAAAAAAAAAAAAAAAAAAAAAAAAAAAAAAAAAAAAAAAAAAAAAAAAAAAAAAAAAAAAAAAAAAAAAAAAAAAAAAAAAAAAAAAAAAAAAAAAAAAAAAAAAAAAAAAAAAAAAAAAAAAAAAAAAAAAAAAAAAAAAAAAAAAAAAAAAAAAAAAAAAAAAAAAAAAAAAAAAAAAAAAAAAAAAAAAAAAAAAAAAAAAAAAAAAAAAAAAAAAAAAAAAAAAAAAAAAAAAAAAAAAAAAAAAAAAAAAAAAAAAAAAAAAAAAAAAAAAAAAAAAAAAAAAAAAAAAAAAAAAAAAAAAAAAAAAAAAAAAAAAAAAAAAAAAAAAAAAAAAAAAAAAAAAAAAAAAAAAAAAAAAAAAAAAAAAAAAAAAAAAAAAAAAAAAAAAAAAAAAAAAAAAAAAAAAAAAAAAAAAAAAAAAAAAAAAAAAAAAAAAAAAAAAAAAAAAAAAAAAAAAAAAAAAAAAAAAAAAAAAAAAAAAAAAAAAAAAAAAAAAAAAAAAAAAAAAAAAAAAAAAAAAAAAAAAAAAAAAAAAAAAAAAAAAAAAAAAAAAAAAAAAAAAAAAAAAAAAAAAAAAAAAAAAAAAAAAAAAAAAAAAAAAAAAAAAAAAAAAAAAAAAAAAAAAAAAAAAAAAAAAAAAAAAAAAAAAAAAAAAAAAAAAAAAAAAAAAAAAAAAAAAAAAAAAAAAAAAAAdwQAAAByBAAAASQAAAAVBgYAAAA2ADAAMwABBgAAAAAJBgAAAAAaBgAAAAAbBgAAAAACRAQAAAUNAgAAAQAAAAAIAwIAAAD+AQAAUABpAGwAbgBvACAAZwByAGsBZABvACwAIABkAGEAdQBnACAAcwBrAGEAaQBkAHUAbABpAG4AaQBzASAAbQBlAGQAfgFpAGEAZwBzASwAIABiAGEAbAB0AHkAbQBzASAAYQFhAGwAdABpAG4AaQBzACwAIABuAGUAcABhAHAAaQBsAGQAeQB0AGEAIABjAHUAawByAHUAbQBpAHMALAAgAG0AYQB+AWEAaQAgAHMAbwANAWkAcwFqAHMBIAByAGkAZQBiAGEAbABzASwAIAB0AGkAbgBrAGEAIAB2AGUAZwBlAHQAYQByAGEAbQBzAC4AIABTAHUAZABlAGQAYQBtAG8AcwBpAG8AcwAgAGQAYQBsAHkAcwAgAGkAcgAgAGEAbABlAHIAZwBlAG4AYQBpADoAIABnAHIAaQBrAGkAYQBpACAAOQA5ACwANAAlACwAIABkAHIAdQBzAGsAYQAsACAAcgBhAHAAcwBzASAAYQBsAGkAZQBqAHUAcwAsACAAYQBuAHQAaQBvAGsAcwBpAGQAYQBuAHQAYQBzACAAcgBhAHAAcwBzASAAbABlAGMAaQB0AGkAbgBhAHMALgAgAFAAcgBvAGQAdQBrAHQAZQAgAGUAcwBhAG4AdAB5AHMAIABhAGwAZQByAGcAZQBuAGEAaQA6ACAAZwBhAGwABQ8CAAABAAAAAAgFAgAAAAACAABpACAAYgBrAXQAaQAgAGcAbABpAHQAaQBtAG8AIABpAHIAIABzAGUAegBhAG0AbwAgAHMAFwFrAGwAcwEgAHAAFwFkAHMAYQBrAHMBLgAgAFAAcgBvAGQAdQBrAHQAbwAgAG0AYQBpAHMAdABpAG4AZwB1AG0AYQBzACAAKAAxADAAMAAgAGcAKQA6ACAARQBuAGUAcgBnAGkAbgAXASAAdgBlAHIAdAAXASAAMQA0ADgAMQAgAGsASgAvACAAMwA1ADEAIABrAGMAYQBsAC4ALAAgAHIAaQBlAGIAYQBsAGEAaQAgADMAIABnAC4ALAAgAGkAYQEgAGoAcwEgAHMAbwANAWkAcwFqAHMBIAByAGkAZQBiAGEAbABzASAAMAAsADYAIABnAC4ALAAgAGEAbgBnAGwAaQBhAHYAYQBuAGQAZQBuAGkAYQBpACAANgA0ACwAMgAgAGcALgAsACAAaQBhASAAagBzASAAYwB1AGsAcgBzASAAMAAgAGcALgAsACAAcwBrAGEAaQBkAHUAbABpAG4AFwFzACAAbQBlAGQAfgFpAGEAZwBvAHMAIAAxADAALAAyACAAZwAuACwAIABiAGEAbAB0AHkAbQBhAGkAIAAxADEALAA2ACAAZwAuACwAIABkAHIAdQBzAGsAYQAgADAALAA0ACAAZwAuAAUKAAAAAQAAAAAIAAAAAAUKAAAACAUAAAANAAAAAAoAAAAAAAAAABEAAAAAfAIAAAAtAAAAAQYAAAAACQYbAAAAJwQUAQAACwEBHAEAKAQAAAAAHQEAKQTIAAAAGwYAAAAAAUsAAAAoAQcpAQcqAQcrAQUTAQEIBBYAAAAWBBYAAAAZBgoAAABlAG4ALQBVAFMAGgYKAAAAYQByAC0AUwBBABsGCgAAAGUAbgAtAFUAUwAC9QEAAADwAQAAAQYAAAA2ADAAMwACGAAAAE4AbwByAG0AYQBsACAAKABXAGUAYgApAAkBAAAAAwMGAAAANQA5ADgACwQAAABjAAAADQEAAAABDgEAAAABBbkAAAAAAQABAQACAQADAQAEBg4AAABDAGEAbABpAGIAcgBpAAUGDgAAAEMAYQBsAGkAYgByAGkABwYOAAAAQwBhAGwAaQBiAHIAaQAqAQcIBBYAAAAKAQAMAQAmBAAAAAAPAQAQAQARAQAnBAAAAAAUAQAVAQAWBBYAAAAXAQAYAQAZBgoAAABsAHQALQBMAFQAGgYKAAAAYQByAC0AUwBBABsGCgAAAGwAdAAtAEwAVAAcBgIAAAAAAB4BAAbfAAAAAAEAAQYSAAAAJAQAAAAAJQQAAAAAJgQAAAAABQEBBgEABwEACAEACQYbAAAAJwTwAAAACwEBHAEBKARkAAAAHQEBKQRkAAAADgYIAAAAAAEBAQP\/\/\/8ZAQEbBn0AAAAAFAAAAAADAAAABQQAAAAABgQEAAAAAwEAARQAAAAAAwAAAAUEAAAAAAYEBAAAAAMBAAIUAAAAAAMAAAAFBAAAAAAGBAQAAAADAQADFAAAAAADAAAABQQAAAAABgQEAAAAAwEACxQAAAAAAwAAAAUEAAAAAAYEBAAAAAMBACwBAA==\">Pilno gr\u016bdo, daug skaidulini\u0173 med\u017eiag\u0173, baltym\u0173 \u0161altinis, nepapildyta cukrumis, ma\u017eai so\u010di\u0173j\u0173 riebal\u0173, tinka vegetarams.<\/span><\/p>\n<p><span class=\"docData;DOCY;v5;2449;BQiAAgAAEYQCAAAGiAIAAAMDBwAABREHAAAAAAAAAAAAAAAAAAAAAAAAAAAAAAAAAAAAAAAAAAAAAAAAAAAAAAAAAAAAAAAAAAAAAAAAAAAAAAAAAAAAAAAAAAAAAAAAAAAAAAAAAAAAAAAAAAAAAAAAAAAAAAAAAAAAAAAAAAAAAAAAAAAAAAAAAAAAAAAAAAAAAAAAAAAAAAAAAAAAAAAAAAAAAAAAAAAAAAAAAAAAAAAAAAAAAAAAAAAAAAAAAAAAAAAAAAAAAAAAAAAAAAAAAAAAAAAAAAAAAAAAAAAAAAAAAAAAAAAAAAAAAAAAAAAAAAAAAAAAAAAAAAAAAAAAAAAAAAAAAAAAAAAAAAAAAAAAAAAAAAAAAAAAAAAAAAAAAAAAAAAAAAAAAAAAAAAAAAAAAAAAAAAAAAAAAAAAAAAAAAAAAAAAAAAAAAAAAAAAAAAAAAAAAAAAAAAAAAAAAAAAAAAAAAAAAAAAAAAAAAAAAAAAAAAAAAAAAAAAAAAAAAAAAAAAAAAAAAAAAAAAAAAAAAAAAAAAAAAAAAAAAAAAAAAAAAAAAAAAAAAAAAAAAAAAAAAAAAAAAAAAAAAAAAAAAAAAAAAAAAAAAAAAAAAAAAAAAAAAAAAAAAAAAAAAAAAAAAAAAAAAAAAAAAAAAAAAAAAAAAAAAAAAAAAAAAAAAAAAAAAAAAAAAAAAAAAAAAAAAAAAAAAAAAAAAAAAAAAAAAAAAAAAAAAAAAAAAAAAAAAAAAAAAAAAAAAAAAAAAAAAAAAAAAAAAAAAAAAAAAAAAAAAAAAAAAAAAAAAAAAAAAAAAAAAAAAAAAAAAAAAAAAAAAAAAAAAAAAAAAAAAAAAAAAAdwQAAAByBAAAASQAAAAVBgYAAAA2ADAAMwABBgAAAAAJBgAAAAAaBgAAAAAbBgAAAAACRAQAAAUNAgAAAQAAAAAIAwIAAAD+AQAAUABpAGwAbgBvACAAZwByAGsBZABvACwAIABkAGEAdQBnACAAcwBrAGEAaQBkAHUAbABpAG4AaQBzASAAbQBlAGQAfgFpAGEAZwBzASwAIABiAGEAbAB0AHkAbQBzASAAYQFhAGwAdABpAG4AaQBzACwAIABuAGUAcABhAHAAaQBsAGQAeQB0AGEAIABjAHUAawByAHUAbQBpAHMALAAgAG0AYQB+AWEAaQAgAHMAbwANAWkAcwFqAHMBIAByAGkAZQBiAGEAbABzASwAIAB0AGkAbgBrAGEAIAB2AGUAZwBlAHQAYQByAGEAbQBzAC4AIABTAHUAZABlAGQAYQBtAG8AcwBpAG8AcwAgAGQAYQBsAHkAcwAgAGkAcgAgAGEAbABlAHIAZwBlAG4AYQBpADoAIABnAHIAaQBrAGkAYQBpACAAOQA5ACwANAAlACwAIABkAHIAdQBzAGsAYQAsACAAcgBhAHAAcwBzASAAYQBsAGkAZQBqAHUAcwAsACAAYQBuAHQAaQBvAGsAcwBpAGQAYQBuAHQAYQBzACAAcgBhAHAAcwBzASAAbABlAGMAaQB0AGkAbgBhAHMALgAgAFAAcgBvAGQAdQBrAHQAZQAgAGUAcwBhAG4AdAB5AHMAIABhAGwAZQByAGcAZQBuAGEAaQA6ACAAZwBhAGwABQ8CAAABAAAAAAgFAgAAAAACAABpACAAYgBrAXQAaQAgAGcAbABpAHQAaQBtAG8AIABpAHIAIABzAGUAegBhAG0AbwAgAHMAFwFrAGwAcwEgAHAAFwFkAHMAYQBrAHMBLgAgAFAAcgBvAGQAdQBrAHQAbwAgAG0AYQBpAHMAdABpAG4AZwB1AG0AYQBzACAAKAAxADAAMAAgAGcAKQA6ACAARQBuAGUAcgBnAGkAbgAXASAAdgBlAHIAdAAXASAAMQA0ADgAMQAgAGsASgAvACAAMwA1ADEAIABrAGMAYQBsAC4ALAAgAHIAaQBlAGIAYQBsAGEAaQAgADMAIABnAC4ALAAgAGkAYQEgAGoAcwEgAHMAbwANAWkAcwFqAHMBIAByAGkAZQBiAGEAbABzASAAMAAsADYAIABnAC4ALAAgAGEAbgBnAGwAaQBhAHYAYQBuAGQAZQBuAGkAYQBpACAANgA0ACwAMgAgAGcALgAsACAAaQBhASAAagBzASAAYwB1AGsAcgBzASAAMAAgAGcALgAsACAAcwBrAGEAaQBkAHUAbABpAG4AFwFzACAAbQBlAGQAfgFpAGEAZwBvAHMAIAAxADAALAAyACAAZwAuACwAIABiAGEAbAB0AHkAbQBhAGkAIAAxADEALAA2ACAAZwAuACwAIABkAHIAdQBzAGsAYQAgADAALAA0ACAAZwAuAAUKAAAAAQAAAAAIAAAAAAUKAAAACAUAAAANAAAAAAoAAAAAAAAAABEAAAAAfAIAAAAtAAAAAQYAAAAACQYbAAAAJwQUAQAACwEBHAEAKAQAAAAAHQEAKQTIAAAAGwYAAAAAAUsAAAAoAQcpAQcqAQcrAQUTAQEIBBYAAAAWBBYAAAAZBgoAAABlAG4ALQBVAFMAGgYKAAAAYQByAC0AUwBBABsGCgAAAGUAbgAtAFUAUwAC9QEAAADwAQAAAQYAAAA2ADAAMwACGAAAAE4AbwByAG0AYQBsACAAKABXAGUAYgApAAkBAAAAAwMGAAAANQA5ADgACwQAAABjAAAADQEAAAABDgEAAAABBbkAAAAAAQABAQACAQADAQAEBg4AAABDAGEAbABpAGIAcgBpAAUGDgAAAEMAYQBsAGkAYgByAGkABwYOAAAAQwBhAGwAaQBiAHIAaQAqAQcIBBYAAAAKAQAMAQAmBAAAAAAPAQAQAQARAQAnBAAAAAAUAQAVAQAWBBYAAAAXAQAYAQAZBgoAAABsAHQALQBMAFQAGgYKAAAAYQByAC0AUwBBABsGCgAAAGwAdAAtAEwAVAAcBgIAAAAAAB4BAAbfAAAAAAEAAQYSAAAAJAQAAAAAJQQAAAAAJgQAAAAABQEBBgEABwEACAEACQYbAAAAJwTwAAAACwEBHAEBKARkAAAAHQEBKQRkAAAADgYIAAAAAAEBAQP\/\/\/8ZAQEbBn0AAAAAFAAAAAADAAAABQQAAAAABgQEAAAAAwEAARQAAAAAAwAAAAUEAAAAAAYEBAAAAAMBAAIUAAAAAAMAAAAFBAAAAAAGBAQAAAADAQADFAAAAAADAAAABQQAAAAABgQEAAAAAwEACxQAAAAAAwAAAAUEAAAAAAYEBAAAAAMBACwBAA==\"><strong>Sudedamosios dalys ir alergenai:<\/strong>\u00a0grikiai 99,4%, druska, raps\u0173 aliejus, antioksidantas raps\u0173 lecitinas. Produkte esantys alergenai: gal<\/span>i b\u016bti glitimo ir sezamo s\u0117kl\u0173 p\u0117dsak\u0173.<\/p>\n<p><strong>Produkto maistingumas (100 g):<\/strong>\u00a0energin\u0117 vert\u0117 1481 kJ\/ 351 kcal., riebalai 3 g., i\u0161 j\u0173 so\u010di\u0173j\u0173 riebal\u0173 0,6 g., angliavandeniai 64,2 g., i\u0161 j\u0173 cukr\u0173 0 g., skaidulin\u0117s med\u017eiagos 10,2 g., baltymai 11,6 g., druska 0,4 g.<\/p>\n<p class=\"chakra-heading css-10scx2h\"><strong>Laikymo s\u0105lygos<\/strong>\u00a0Laikymo temperat\u016bra: nuo 5\u00b0C iki 25\u00b0C.<\/p>\n<p class=\"chakra-heading css-10scx2h\"><strong>Kilm\u0117s \u0161alis\u00a0<\/strong>Lietuva<\/p>","protected":false},"excerpt":{"rendered":"<p>Griki\u0173 trapu\u010diai 100g Pilno gr\u016bdo, daug skaidulini\u0173 med\u017eiag\u0173, baltym\u0173 \u0161altinis, nepapildyta cukrumis, ma\u017eai so\u010di\u0173j\u0173 riebal\u0173, tinka vegetarams. Sudedamosios dalys ir alergenai:\u00a0grikiai 99,4%, druska, raps\u0173 aliejus, antioksidantas raps\u0173 lecitinas. Produkte esantys alergenai: gali b\u016bti glitimo ir sezamo s\u0117kl\u0173 p\u0117dsak\u0173. Produkto maistingumas (100 g):\u00a0energin\u0117 vert\u0117 1481 kJ\/ 351 kcal., riebalai 3 g., i\u0161 j\u0173 so\u010di\u0173j\u0173 riebal\u0173 0,6&#8230;<\/p>","protected":false},"featured_media":23730,"template":"","meta":{"_acf_changed":false},"product_brand":[],"product_cat":[70],"product_tag":[],"class_list":{"0":"post-23729","1":"product","2":"type-product","3":"status-publish","4":"has-post-thumbnail","6":"product_cat-akcijos","7":"nt-post-class","8":"","9":"masonry-item","10":"col-lg-6","14":"excerpt-none","18":"first","19":"outofstock","20":"taxable","21":"shipping-taxable","22":"purchasable","23":"product-type-simple","24":"add-to-wishlist-after_add_to_cart"},"acf":[],"_links":{"self":[{"href":"https:\/\/chiaseklos.lt\/en\/wp-json\/wp\/v2\/product\/23729","targetHints":{"allow":["GET"]}}],"collection":[{"href":"https:\/\/chiaseklos.lt\/en\/wp-json\/wp\/v2\/product"}],"about":[{"href":"https:\/\/chiaseklos.lt\/en\/wp-json\/wp\/v2\/types\/product"}],"wp:featuredmedia":[{"embeddable":true,"href":"https:\/\/chiaseklos.lt\/en\/wp-json\/wp\/v2\/media\/23730"}],"wp:attachment":[{"href":"https:\/\/chiaseklos.lt\/en\/wp-json\/wp\/v2\/media?parent=23729"}],"wp:term":[{"taxonomy":"product_brand","embeddable":true,"href":"https:\/\/chiaseklos.lt\/en\/wp-json\/wp\/v2\/product_brand?post=23729"},{"taxonomy":"product_cat","embeddable":true,"href":"https:\/\/chiaseklos.lt\/en\/wp-json\/wp\/v2\/product_cat?post=23729"},{"taxonomy":"product_tag","embeddable":true,"href":"https:\/\/chiaseklos.lt\/en\/wp-json\/wp\/v2\/product_tag?post=23729"}],"curies":[{"name":"wp","href":"https:\/\/api.w.org\/{rel}","templated":true}]}}