{"id":23715,"date":"2023-09-20T07:04:26","date_gmt":"2023-09-20T07:04:26","guid":{"rendered":"https:\/\/chiaseklos.lt\/?post_type=product&#038;p=23715"},"modified":"2025-05-04T09:50:29","modified_gmt":"2025-05-04T09:50:29","slug":"pluostiniu-kanapiu-arbata-vokeliuose-15g","status":"publish","type":"product","link":"https:\/\/chiaseklos.lt\/en\/product\/pluostiniu-kanapiu-arbata-vokeliuose-15g\/","title":{"rendered":"Pluo\u0161tini\u0173 kanapi\u0173 arbata vokeliuose 1,5g"},"content":{"rendered":"<p>Pluo\u0161tini\u0173 kanapi\u0173 arbata vokeliuose<\/p>\n<p>Vieno vokelio pakanka paruo\u0161ti du puodelius arba vien\u0105 stipr\u0173 puodel\u012f arbatos u\u017epilant kar\u0161tu vandeniu. Geriausiam efektui pasiekti galima \u012fpilti riebaus pieno, grietin\u0117l\u0117s ar kokoso sviesto, nes naudingieji kanabinoidai yra tirp\u016bs riebaluose ir taip geriau pasisavinami organizmo.<\/p>\n<p>Kitas paruo\u0161imo b\u016bdas ger\u0173j\u0173 bakterij\u0173 i\u0161saugojimui ir dauginimui: u\u017epilkite \u0161iltu vandeniu (iki 50\u00baC) ir palikite kelioms valandoms ar parai, galite \u012fd\u0117ti medaus. Per dien\u0105 u\u017etekt\u0173 stiklin\u0117s tokio g\u0117rimo.<\/p>\n<p>Arbata vandens pagrindu tinkama gaminti kombu\u010d\u0105 ar kitus fermentuotus g\u0117rimus.<\/p>\n<p>M\u0117gaujantis kanapi\u0173 \u017eied\u0173 arbata gauname jose esan\u010di\u0173 veikli\u0173j\u0173 med\u017eiag\u0173 sinergin\u012f poveik\u012f (entourage effect), kuris yra stipresnis nei individualus i\u0161grynint\u0173 atskir\u0173 komponent\u0173.<\/p>\n<p>Kanapi\u0173 \u017eied\u0173 arbata pasi\u017eymi karstel\u0117jusiu, unikaliu skoniu ir maloniu kvapu. Tinkama gerti prie\u0161 mieg\u0105, ypa\u010d, mai\u0161ant su m\u0117tomis.<\/p>\n<p>Kanapi\u0173 \u017eied\u0173 arbata tinka bet kokio am\u017eiaus asmenims.<\/p>\n<p>Si\u016blome arbat\u0105 laikyti sausoje nuo saul\u0117s \u0161viesos apsaugotoje vietoje. \u0160viesos poveikis kei\u010dia med\u017eiag\u0173 savybes, spalv\u0105.<\/p>\n<p>Geriausia suvartoti iki ant pakuot\u0117s nurodytos datos.<\/p>\n<p>Kilm\u0117s \u0161alis: Lietuva<\/p>\n<p>&nbsp;<\/p>","protected":false},"excerpt":{"rendered":"<p>Pluo\u0161tini\u0173 kanapi\u0173 arbata vokeliuose Vieno vokelio pakanka paruo\u0161ti du puodelius arba vien\u0105 stipr\u0173 puodel\u012f arbatos u\u017epilant kar\u0161tu vandeniu. Geriausiam efektui pasiekti galima \u012fpilti riebaus pieno, grietin\u0117l\u0117s ar kokoso sviesto, nes naudingieji kanabinoidai yra tirp\u016bs riebaluose ir taip geriau pasisavinami organizmo. Kitas paruo\u0161imo b\u016bdas ger\u0173j\u0173 bakterij\u0173 i\u0161saugojimui ir dauginimui: u\u017epilkite \u0161iltu vandeniu (iki 50\u00baC) ir palikite&#8230;<\/p>","protected":false},"featured_media":23716,"template":"","meta":{"_acf_changed":false},"product_brand":[],"product_cat":[63],"product_tag":[],"class_list":{"0":"post-23715","1":"product","2":"type-product","3":"status-publish","4":"has-post-thumbnail","6":"product_cat-arbatos","7":"nt-post-class","8":"","9":"masonry-item","10":"col-lg-6","14":"excerpt-none","18":"first","19":"outofstock","20":"taxable","21":"shipping-taxable","22":"purchasable","23":"product-type-variable","24":"add-to-wishlist-after_add_to_cart"},"acf":[],"_links":{"self":[{"href":"https:\/\/chiaseklos.lt\/en\/wp-json\/wp\/v2\/product\/23715","targetHints":{"allow":["GET"]}}],"collection":[{"href":"https:\/\/chiaseklos.lt\/en\/wp-json\/wp\/v2\/product"}],"about":[{"href":"https:\/\/chiaseklos.lt\/en\/wp-json\/wp\/v2\/types\/product"}],"wp:featuredmedia":[{"embeddable":true,"href":"https:\/\/chiaseklos.lt\/en\/wp-json\/wp\/v2\/media\/23716"}],"wp:attachment":[{"href":"https:\/\/chiaseklos.lt\/en\/wp-json\/wp\/v2\/media?parent=23715"}],"wp:term":[{"taxonomy":"product_brand","embeddable":true,"href":"https:\/\/chiaseklos.lt\/en\/wp-json\/wp\/v2\/product_brand?post=23715"},{"taxonomy":"product_cat","embeddable":true,"href":"https:\/\/chiaseklos.lt\/en\/wp-json\/wp\/v2\/product_cat?post=23715"},{"taxonomy":"product_tag","embeddable":true,"href":"https:\/\/chiaseklos.lt\/en\/wp-json\/wp\/v2\/product_tag?post=23715"}],"curies":[{"name":"wp","href":"https:\/\/api.w.org\/{rel}","templated":true}]}}