{"id":23708,"date":"2023-09-19T11:48:52","date_gmt":"2023-09-19T11:48:52","guid":{"rendered":"https:\/\/chiaseklos.lt\/?post_type=product&#038;p=23708"},"modified":"2025-11-15T06:13:42","modified_gmt":"2025-11-15T06:13:42","slug":"juoduju-sezamu-seklos","status":"publish","type":"product","link":"https:\/\/chiaseklos.lt\/en\/product\/juoduju-sezamu-seklos\/","title":{"rendered":"Juod\u0173j\u0173 sezam\u0173 s\u0117klos"},"content":{"rendered":"<p class=\"title--l\"><strong>Juod\u0173j\u0173 sezam\u0173 s\u0117klos<\/strong><\/p>\n<p>Juodieji sezamai tinka m\u0117sos, \u017euvies, duonos gaminiams, pa\u0161tetams, sriuboms, \u012fvairiems kepiniams ir desertams.<\/p>\n<p>Suteikia gaminiams malonaus s\u016brio poskonio bei tra\u0161kumo.<\/p>\n<p><strong>Laikymo s\u0105lygos:<\/strong>\u00a0Laikyti sausoje, v\u0117sioje vietoje.<\/p>\n<p><strong>Kilm\u0117s \u0161alis:<\/strong> Bolivija<\/p>\n<p><strong>Maistin\u0117 ir energin\u0117 vert\u0117 100 g:<\/strong>\u00a02426 kJ\/587 kcal; riebalai \u2013 49 g, i\u0161 kuri\u0173 so\u010diosios riebal\u0173 r\u016bg\u0161tys \u2013 7.4 g, baltymai \u2013 21 g, angliavandeniai \u2013 9.9 g, i\u0161 kuri\u0173 cukrus \u2013 0.0, skaidulin\u0117s med\u017eiagos 11 g, druska \u2013 0.1 g.<\/p>\n<p>&nbsp;<\/p>\n<p>&nbsp;<\/p>\n<p>&nbsp;<\/p>","protected":false},"excerpt":{"rendered":"<p>Juod\u0173j\u0173 sezam\u0173 s\u0117klos Juodieji sezamai tinka m\u0117sos, \u017euvies, duonos gaminiams, pa\u0161tetams, sriuboms, \u012fvairiems kepiniams ir desertams. Suteikia gaminiams malonaus s\u016brio poskonio bei tra\u0161kumo. Laikymo s\u0105lygos:\u00a0Laikyti sausoje, v\u0117sioje vietoje. Kilm\u0117s \u0161alis: Bolivija Maistin\u0117 ir energin\u0117 vert\u0117 100 g:\u00a02426 kJ\/587 kcal; riebalai \u2013 49 g, i\u0161 kuri\u0173 so\u010diosios riebal\u0173 r\u016bg\u0161tys \u2013 7.4 g, baltymai \u2013 21 g,&#8230;<\/p>","protected":false},"featured_media":34687,"template":"","meta":{"_acf_changed":false},"product_brand":[],"product_cat":[17],"product_tag":[],"class_list":{"0":"post-23708","1":"product","2":"type-product","3":"status-publish","4":"has-post-thumbnail","6":"product_cat-seklos","7":"nt-post-class","8":"","9":"masonry-item","10":"col-lg-6","14":"excerpt-none","18":"first","19":"instock","20":"taxable","21":"shipping-taxable","22":"purchasable","23":"product-type-variable","24":"add-to-wishlist-after_add_to_cart"},"acf":[],"_links":{"self":[{"href":"https:\/\/chiaseklos.lt\/en\/wp-json\/wp\/v2\/product\/23708","targetHints":{"allow":["GET"]}}],"collection":[{"href":"https:\/\/chiaseklos.lt\/en\/wp-json\/wp\/v2\/product"}],"about":[{"href":"https:\/\/chiaseklos.lt\/en\/wp-json\/wp\/v2\/types\/product"}],"wp:featuredmedia":[{"embeddable":true,"href":"https:\/\/chiaseklos.lt\/en\/wp-json\/wp\/v2\/media\/34687"}],"wp:attachment":[{"href":"https:\/\/chiaseklos.lt\/en\/wp-json\/wp\/v2\/media?parent=23708"}],"wp:term":[{"taxonomy":"product_brand","embeddable":true,"href":"https:\/\/chiaseklos.lt\/en\/wp-json\/wp\/v2\/product_brand?post=23708"},{"taxonomy":"product_cat","embeddable":true,"href":"https:\/\/chiaseklos.lt\/en\/wp-json\/wp\/v2\/product_cat?post=23708"},{"taxonomy":"product_tag","embeddable":true,"href":"https:\/\/chiaseklos.lt\/en\/wp-json\/wp\/v2\/product_tag?post=23708"}],"curies":[{"name":"wp","href":"https:\/\/api.w.org\/{rel}","templated":true}]}}