{"id":23567,"date":"2023-09-05T11:55:29","date_gmt":"2023-09-05T11:55:29","guid":{"rendered":"https:\/\/chiaseklos.lt\/?post_type=product&#038;p=23567"},"modified":"2024-09-15T09:29:27","modified_gmt":"2024-09-15T09:29:27","slug":"samo-uzkandele-su-pievagrybiais-ir-morkomis-190-g","status":"publish","type":"product","link":"https:\/\/chiaseklos.lt\/en\/product\/samo-uzkandele-su-pievagrybiais-ir-morkomis-190-g\/","title":{"rendered":"\u0160amo u\u017ekand\u0117l\u0117 su pievagrybiais ir morkomis, 190 g"},"content":{"rendered":"<p class=\"chakra-heading css-aq622h\">\u0160amo u\u017ekand\u0117l\u0117 su pievagrybiais ir morkomis, 190 g<\/p>\n<p>Laikymo s\u0105lygos:\u00a0Atidarius laikyti \u0161altai, suvartoti per dvi dienas<\/p>\n<p>Kilm\u0117s \u0161alis: Lietuva<\/p>\n<p>Sudedamosios dalys: kar\u0161tai r\u016bkyta afrikinio \u0161amo ( lot. Clarias gariepinus) fil\u0117 (druska) 20% pievagrybiai 25%, morkos 25%, svog\u016bnai, raps\u0173 aliejus, \u010desnakai, druska, pipirai. R\u016bkytos \u017euvies kilm\u0117 ES.<\/p>\n<p>100 g. maistingumas;\u00a0energin\u0117 vert\u0117 &#8211; 680 kJ\/ 164 kcal.\u00a0riebalai &#8211; 12,0 g. i\u0161 kuri\u0173 so\u010di\u0173j\u0173 riebal\u0173 r\u016bg\u0161\u010di\u0173 &#8211; 1,2 g.\u00a0angliavandeniai &#8211; 7,0 g. i\u0161 kuri\u0173 cukr\u0173 &#8211; 2,5 g.\u00a0baltymai &#8211; 6,9 g.\u00a0druska 0,9 g.<\/p>\n<p>&nbsp;<\/p>\n<p>&nbsp;<\/p>","protected":false},"excerpt":{"rendered":"<p>\u0160amo u\u017ekand\u0117l\u0117 su pievagrybiais ir morkomis, 190 g Laikymo s\u0105lygos:\u00a0Atidarius laikyti \u0161altai, suvartoti per dvi dienas Kilm\u0117s \u0161alis: Lietuva Sudedamosios dalys: kar\u0161tai r\u016bkyta afrikinio \u0161amo ( lot. Clarias gariepinus) fil\u0117 (druska) 20% pievagrybiai 25%, morkos 25%, svog\u016bnai, raps\u0173 aliejus, \u010desnakai, druska, pipirai. R\u016bkytos \u017euvies kilm\u0117 ES. 100 g. maistingumas;\u00a0energin\u0117 vert\u0117 &#8211; 680 kJ\/ 164 kcal.\u00a0riebalai&#8230;<\/p>","protected":false},"featured_media":23568,"template":"","meta":{"_acf_changed":false},"product_brand":[],"product_cat":[99],"product_tag":[],"class_list":{"0":"post-23567","1":"product","2":"type-product","3":"status-publish","4":"has-post-thumbnail","6":"product_cat-uztepeles","7":"nt-post-class","8":"","9":"masonry-item","10":"col-lg-6","14":"excerpt-none","18":"first","19":"outofstock","20":"taxable","21":"shipping-taxable","22":"purchasable","23":"product-type-simple","24":"add-to-wishlist-after_add_to_cart"},"acf":[],"_links":{"self":[{"href":"https:\/\/chiaseklos.lt\/en\/wp-json\/wp\/v2\/product\/23567","targetHints":{"allow":["GET"]}}],"collection":[{"href":"https:\/\/chiaseklos.lt\/en\/wp-json\/wp\/v2\/product"}],"about":[{"href":"https:\/\/chiaseklos.lt\/en\/wp-json\/wp\/v2\/types\/product"}],"wp:featuredmedia":[{"embeddable":true,"href":"https:\/\/chiaseklos.lt\/en\/wp-json\/wp\/v2\/media\/23568"}],"wp:attachment":[{"href":"https:\/\/chiaseklos.lt\/en\/wp-json\/wp\/v2\/media?parent=23567"}],"wp:term":[{"taxonomy":"product_brand","embeddable":true,"href":"https:\/\/chiaseklos.lt\/en\/wp-json\/wp\/v2\/product_brand?post=23567"},{"taxonomy":"product_cat","embeddable":true,"href":"https:\/\/chiaseklos.lt\/en\/wp-json\/wp\/v2\/product_cat?post=23567"},{"taxonomy":"product_tag","embeddable":true,"href":"https:\/\/chiaseklos.lt\/en\/wp-json\/wp\/v2\/product_tag?post=23567"}],"curies":[{"name":"wp","href":"https:\/\/api.w.org\/{rel}","templated":true}]}}