{"id":23565,"date":"2023-09-05T11:47:00","date_gmt":"2023-09-05T11:47:00","guid":{"rendered":"https:\/\/chiaseklos.lt\/?post_type=product&#038;p=23565"},"modified":"2024-09-15T15:30:36","modified_gmt":"2024-09-15T15:30:36","slug":"eserio-uzkandele-su-moliugais-ir-paprikomis-190g","status":"publish","type":"product","link":"https:\/\/chiaseklos.lt\/en\/product\/eserio-uzkandele-su-moliugais-ir-paprikomis-190g\/","title":{"rendered":"E\u0161erio u\u017ekand\u0117l\u0117 su moli\u016bgais ir paprikomis 190g"},"content":{"rendered":"<p>E\u0161erio u\u017ekand\u0117l\u0117 su moli\u016bgais ir paprikomis 190g<\/p>\n<p>\u201e\u0160am\u016bkis\u201c r\u016bkyto e\u0161erio u\u017ekand\u0117l\u0117 su moli\u016bgais ir paprikomis\u00a0patiks a\u0161tresni\u0173 u\u017ekand\u017ei\u0173 m\u0117g\u0117jams. Kadangi e\u0161erys yra gana \u0161velnaus ir subtilaus skonio,\u00a0<em>\u010dili<\/em>\u00a0suteikia deriniui malonaus pikanti\u0161kumo. Tepama ant m\u0117gstamos \u0161vie\u017eiai keptos duonos, trapu\u010di\u0173 arba valgoma viena.<\/p>\n<div class=\"title\">Sudedamosios dalys:\u00a0<span style=\"color: #555555; font-size: 14.4px;\">kar\u0161tai r\u016bkyta j\u016brinio<\/span><strong style=\"color: #555555; font-size: 14.4px;\">\u00a0e\u0161erio\u00a0<\/strong><span style=\"color: #555555; font-size: 14.4px;\">(<\/span><em style=\"color: #555555; font-size: 14.4px;\">lot. Sebastes marinus<\/em><span style=\"color: #555555; font-size: 14.4px;\">) (ES ir ne ES) fil\u0117 (druska) 30%, moli\u016bgai 30%, raudonos sald\u017eios paprikos 18%, \u010desnakai, raps\u0173 aliejus, raudona \u010dili paprika, druska, pipirai.\u00a00,25 l talpos stiklainis, grynasis produkto kiekis \u2013 190 g.<\/span><\/div>\n<div>\n<div class=\"title\">Laikymo s\u0105lygos:\u00a0<span style=\"color: #555555; font-size: 14.4px;\">Laikyti 0\u201325 \u00b0C temperat\u016broje.\u00a0\u00a0Atidarius laikyti \u0161altai, suvartoti per 2 dienas.<\/span><\/div>\n<\/div>","protected":false},"excerpt":{"rendered":"<p>E\u0161erio u\u017ekand\u0117l\u0117 su moli\u016bgais ir paprikomis 190g \u201e\u0160am\u016bkis\u201c r\u016bkyto e\u0161erio u\u017ekand\u0117l\u0117 su moli\u016bgais ir paprikomis\u00a0patiks a\u0161tresni\u0173 u\u017ekand\u017ei\u0173 m\u0117g\u0117jams. Kadangi e\u0161erys yra gana \u0161velnaus ir subtilaus skonio,\u00a0\u010dili\u00a0suteikia deriniui malonaus pikanti\u0161kumo. Tepama ant m\u0117gstamos \u0161vie\u017eiai keptos duonos, trapu\u010di\u0173 arba valgoma viena. Sudedamosios dalys:\u00a0kar\u0161tai r\u016bkyta j\u016brinio\u00a0e\u0161erio\u00a0(lot. Sebastes marinus) (ES ir ne ES) fil\u0117 (druska) 30%, moli\u016bgai 30%, raudonos&#8230;<\/p>","protected":false},"featured_media":23566,"template":"","meta":{"_acf_changed":false},"product_brand":[],"product_cat":[99],"product_tag":[],"class_list":{"0":"post-23565","1":"product","2":"type-product","3":"status-publish","4":"has-post-thumbnail","6":"product_cat-uztepeles","7":"nt-post-class","8":"","9":"masonry-item","10":"col-lg-6","14":"excerpt-none","18":"first","19":"outofstock","20":"taxable","21":"shipping-taxable","22":"purchasable","23":"product-type-simple","24":"add-to-wishlist-after_add_to_cart"},"acf":[],"_links":{"self":[{"href":"https:\/\/chiaseklos.lt\/en\/wp-json\/wp\/v2\/product\/23565","targetHints":{"allow":["GET"]}}],"collection":[{"href":"https:\/\/chiaseklos.lt\/en\/wp-json\/wp\/v2\/product"}],"about":[{"href":"https:\/\/chiaseklos.lt\/en\/wp-json\/wp\/v2\/types\/product"}],"wp:featuredmedia":[{"embeddable":true,"href":"https:\/\/chiaseklos.lt\/en\/wp-json\/wp\/v2\/media\/23566"}],"wp:attachment":[{"href":"https:\/\/chiaseklos.lt\/en\/wp-json\/wp\/v2\/media?parent=23565"}],"wp:term":[{"taxonomy":"product_brand","embeddable":true,"href":"https:\/\/chiaseklos.lt\/en\/wp-json\/wp\/v2\/product_brand?post=23565"},{"taxonomy":"product_cat","embeddable":true,"href":"https:\/\/chiaseklos.lt\/en\/wp-json\/wp\/v2\/product_cat?post=23565"},{"taxonomy":"product_tag","embeddable":true,"href":"https:\/\/chiaseklos.lt\/en\/wp-json\/wp\/v2\/product_tag?post=23565"}],"curies":[{"name":"wp","href":"https:\/\/api.w.org\/{rel}","templated":true}]}}