{"id":23560,"date":"2023-09-05T10:56:38","date_gmt":"2023-09-05T10:56:38","guid":{"rendered":"https:\/\/chiaseklos.lt\/?post_type=product&#038;p=23560"},"modified":"2023-12-17T18:38:25","modified_gmt":"2023-12-17T18:38:25","slug":"samo-uzkandele-su-pievagrybiais-ir-dziovintais-baravykais-190-g","status":"publish","type":"product","link":"https:\/\/chiaseklos.lt\/en\/product\/samo-uzkandele-su-pievagrybiais-ir-dziovintais-baravykais-190-g\/","title":{"rendered":"\u0160amo u\u017ekand\u0117l\u0117 su pievagrybiais ir d\u017eiovintais baravykais, 190 g"},"content":{"rendered":"<p class=\"product-single__title\">\u0160amo u\u017ekand\u0117l\u0117 su pievagrybiais ir d\u017eiovintais baravykais, 190 g<\/p>\n<p>\u0160amo u\u017ekand\u0117l\u0117 su pievagrybiais ir baravykais- nepaprastai skanus, maistingas ir turtingas grybais produktas.\u00a0Tai \u0161velnaus skonio\u00a0<strong>r\u016bkyto \u0161amo u\u017ekand\u0117l\u0117<\/strong>, kuri\u0105 tiesiog norisi kabinti \u0161auk\u0161tu!<\/p>\n<p>Valgykite su riekele duonel\u0117s, trapu\u010diu ar dar\u017eov\u0117mis. Produktas termi\u0161kai apdorotas, be konservant\u0173, be gliuteno, be GMO.<\/p>\n<p>\u017dymimas &#8220;\u017daliojo rakto skylut\u0117s&#8221; \u017eenklu.<\/p>\n<p>Grynasis kiekis: 190 g.<\/p>\n<p>Sudedamosios dalys: kar\u0161tai r\u016bkyta afrikinio \u0161amo (Clarias gariepinus) fil\u0117 (druska) 50%, raudona saldi paprika 24%, svog\u016bnai, raps\u0173 aliejus, konservuotos \u017ealios alyvuog\u0117s (druska, r\u016bg\u0161tingum\u0105 reguliuojan\u010dios med\u017eiagos: pieno r\u016bg\u0161tis ir citrinos r\u016bg\u0161tis; antioksidantas askorbo r\u016bg\u0161tis), \u010desnakai, \u010dili paprika (2%), konservuoti kapar\u0117liai (actas, druska), kuskusas, druska, pipirai.<\/p>\n<p>Energin\u0117 vert\u0117 770 kJ\/ 185 kcal, riebal\u0173 14,1 g, i\u0161 kuri\u0173 so\u010di\u0173j\u0173 riebal\u0173 r\u016bg\u0161\u010di\u0173 2,7 g, angliavandeni\u0173 3,2 g, i\u0161 j\u0173 cukr\u0173 1,2 g, baltym\u0173 11,4 g, druskos 1 g.<\/p>\n<p>Kilm\u0117s \u0161alis: Lietuva<\/p>","protected":false},"excerpt":{"rendered":"<p>\u0160amo u\u017ekand\u0117l\u0117 su pievagrybiais ir d\u017eiovintais baravykais, 190 g \u0160amo u\u017ekand\u0117l\u0117 su pievagrybiais ir baravykais- nepaprastai skanus, maistingas ir turtingas grybais produktas.\u00a0Tai \u0161velnaus skonio\u00a0r\u016bkyto \u0161amo u\u017ekand\u0117l\u0117, kuri\u0105 tiesiog norisi kabinti \u0161auk\u0161tu! Valgykite su riekele duonel\u0117s, trapu\u010diu ar dar\u017eov\u0117mis. Produktas termi\u0161kai apdorotas, be konservant\u0173, be gliuteno, be GMO. \u017dymimas &#8220;\u017daliojo rakto skylut\u0117s&#8221; \u017eenklu. Grynasis kiekis: 190&#8230;<\/p>","protected":false},"featured_media":23561,"template":"","meta":{"_acf_changed":false},"product_brand":[],"product_cat":[99],"product_tag":[],"class_list":{"0":"post-23560","1":"product","2":"type-product","3":"status-publish","4":"has-post-thumbnail","6":"product_cat-uztepeles","7":"nt-post-class","8":"","9":"masonry-item","10":"col-lg-6","14":"excerpt-none","18":"first","19":"outofstock","20":"taxable","21":"shipping-taxable","22":"purchasable","23":"product-type-simple","24":"add-to-wishlist-after_add_to_cart"},"acf":[],"_links":{"self":[{"href":"https:\/\/chiaseklos.lt\/en\/wp-json\/wp\/v2\/product\/23560","targetHints":{"allow":["GET"]}}],"collection":[{"href":"https:\/\/chiaseklos.lt\/en\/wp-json\/wp\/v2\/product"}],"about":[{"href":"https:\/\/chiaseklos.lt\/en\/wp-json\/wp\/v2\/types\/product"}],"wp:featuredmedia":[{"embeddable":true,"href":"https:\/\/chiaseklos.lt\/en\/wp-json\/wp\/v2\/media\/23561"}],"wp:attachment":[{"href":"https:\/\/chiaseklos.lt\/en\/wp-json\/wp\/v2\/media?parent=23560"}],"wp:term":[{"taxonomy":"product_brand","embeddable":true,"href":"https:\/\/chiaseklos.lt\/en\/wp-json\/wp\/v2\/product_brand?post=23560"},{"taxonomy":"product_cat","embeddable":true,"href":"https:\/\/chiaseklos.lt\/en\/wp-json\/wp\/v2\/product_cat?post=23560"},{"taxonomy":"product_tag","embeddable":true,"href":"https:\/\/chiaseklos.lt\/en\/wp-json\/wp\/v2\/product_tag?post=23560"}],"curies":[{"name":"wp","href":"https:\/\/api.w.org\/{rel}","templated":true}]}}