{"id":23557,"date":"2023-09-05T10:45:56","date_gmt":"2023-09-05T10:45:56","guid":{"rendered":"https:\/\/chiaseklos.lt\/?post_type=product&#038;p=23557"},"modified":"2024-04-21T14:34:07","modified_gmt":"2024-04-21T14:34:07","slug":"humusas-su-samo-file-ir-sauleje-dziovintais-pomidorais-180g","status":"publish","type":"product","link":"https:\/\/chiaseklos.lt\/en\/product\/humusas-su-samo-file-ir-sauleje-dziovintais-pomidorais-180g\/","title":{"rendered":"Humusas su \u0161amo fil\u0117 ir saul\u0117je d\u017eiovintais pomidorais 180g"},"content":{"rendered":"<p>Humusas su \u0161amo fil\u0117 ir saul\u0117je d\u017eiovintais pomidorais 180g<\/p>\n<p>Humusas tinkamas bet kuriam i\u0161alkusiam \u2013 tiesiog kabinti \u0161auk\u0161tu, tepti ant m\u0117giamos duonos, trapu\u010di\u0173 ar dar\u017eov\u0117s riekel\u0117s. Produktas yra termi\u0161kai apdorotas, be konservant\u0173, be gliuteno, be gmo.<\/p>\n<p>\u0160amas u\u017eaugintas ir produktas pagamintas Lietuvoje,<\/p>\n<p class=\"title--s\" data-gtm-vis-has-fired-30297171_110=\"1\">Sudedamosios dalys: avin\u017eirniai 36%, kar\u0161tai r\u016bkyta\u00a0<u style=\"color: #555555; font-size: 14.4px;\">afrikinio \u0161amo<\/u><span style=\"color: #555555; font-size: 14.4px;\">\u00a0(<\/span><em style=\"color: #555555; font-size: 14.4px;\">Clarias gariepinus<\/em><span style=\"color: #555555; font-size: 14.4px;\">) fil\u0117 (druska) 20%, vanduo, konservuoti saul\u0117je d\u017eiovinti pomidorai (saul\u0117gr\u0105\u017e\u0173 aliejus, druska, \u010desnakai, m\u0117tos, \u010diobreliai, r\u016bg\u0161tingum\u0105 reguliuojan\u010dios med\u017eiagos: acto r\u016bg\u0161tis, citrinos r\u016bg\u0161tis; antioksidatorius askorbo r\u016bg\u0161tis 15%,\u00a0<\/span><u style=\"color: #555555; font-size: 14.4px;\">sezam\u0173<\/u><span style=\"color: #555555; font-size: 14.4px;\">\u00a0s\u0117klos, \u010desnakai, alyvuogi\u0173 aliejus, citrin\u0173 sultys (konservantas natrio disulfitas), druska, pipirai.<\/span><\/p>\n<div class=\"html-block\">\n<p>Maistin\u0117 vert\u0117 (100 g) \u2013 1005 kJ\/ 240 kcal: riebal\u0173 12.0 g (i\u0161 j\u0173 so\u010di\u0173j\u0173 2.0 g), angliavandeni\u0173 22.0 g (i\u0161 j\u0173 cukr\u0173 7.3 g), baltym\u0173 11.0 g, druskos 0.7 g.<\/p>\n<\/div>","protected":false},"excerpt":{"rendered":"<p>Humusas su \u0161amo fil\u0117 ir saul\u0117je d\u017eiovintais pomidorais 180g Humusas tinkamas bet kuriam i\u0161alkusiam \u2013 tiesiog kabinti \u0161auk\u0161tu, tepti ant m\u0117giamos duonos, trapu\u010di\u0173 ar dar\u017eov\u0117s riekel\u0117s. Produktas yra termi\u0161kai apdorotas, be konservant\u0173, be gliuteno, be gmo. \u0160amas u\u017eaugintas ir produktas pagamintas Lietuvoje, Sudedamosios dalys: avin\u017eirniai 36%, kar\u0161tai r\u016bkyta\u00a0afrikinio \u0161amo\u00a0(Clarias gariepinus) fil\u0117 (druska) 20%, vanduo, konservuoti&#8230;<\/p>","protected":false},"featured_media":23558,"template":"","meta":{"_acf_changed":false},"product_brand":[],"product_cat":[99],"product_tag":[],"class_list":{"0":"post-23557","1":"product","2":"type-product","3":"status-publish","4":"has-post-thumbnail","6":"product_cat-uztepeles","7":"nt-post-class","8":"","9":"masonry-item","10":"col-lg-6","14":"excerpt-none","18":"first","19":"outofstock","20":"taxable","21":"shipping-taxable","22":"purchasable","23":"product-type-simple","24":"add-to-wishlist-after_add_to_cart"},"acf":[],"_links":{"self":[{"href":"https:\/\/chiaseklos.lt\/en\/wp-json\/wp\/v2\/product\/23557","targetHints":{"allow":["GET"]}}],"collection":[{"href":"https:\/\/chiaseklos.lt\/en\/wp-json\/wp\/v2\/product"}],"about":[{"href":"https:\/\/chiaseklos.lt\/en\/wp-json\/wp\/v2\/types\/product"}],"wp:featuredmedia":[{"embeddable":true,"href":"https:\/\/chiaseklos.lt\/en\/wp-json\/wp\/v2\/media\/23558"}],"wp:attachment":[{"href":"https:\/\/chiaseklos.lt\/en\/wp-json\/wp\/v2\/media?parent=23557"}],"wp:term":[{"taxonomy":"product_brand","embeddable":true,"href":"https:\/\/chiaseklos.lt\/en\/wp-json\/wp\/v2\/product_brand?post=23557"},{"taxonomy":"product_cat","embeddable":true,"href":"https:\/\/chiaseklos.lt\/en\/wp-json\/wp\/v2\/product_cat?post=23557"},{"taxonomy":"product_tag","embeddable":true,"href":"https:\/\/chiaseklos.lt\/en\/wp-json\/wp\/v2\/product_tag?post=23557"}],"curies":[{"name":"wp","href":"https:\/\/api.w.org\/{rel}","templated":true}]}}