{"id":23266,"date":"2023-08-03T11:04:28","date_gmt":"2023-08-03T11:04:28","guid":{"rendered":"https:\/\/chiaseklos.lt\/?post_type=product&#038;p=23266"},"modified":"2026-03-17T10:09:01","modified_gmt":"2026-03-17T10:09:01","slug":"gvazdikeliai-nesmulkinti-50g","status":"publish","type":"product","link":"https:\/\/chiaseklos.lt\/en\/product\/gvazdikeliai-nesmulkinti-50g\/","title":{"rendered":"Gvazdik\u0117liai nesmulkinti 50g"},"content":{"rendered":"<p>Gvazdik\u0117liai nesmulkinti 50g<\/p>\n<p>Tinka m\u0117sos, dar\u017eovi\u0173, \u017euvies, makaron\u0173 patiekalams gardinti, marinuoti ar konservuoti grybus, dar\u017eoves, uogas.<\/p>\n<p>Ypatingai pagerina kar\u0161to vyno skon\u012f.<\/p>\n<p>Sudedamosios dalys: gvazdik\u0117liai<\/p>\n<p>Kilm\u0117s \u0161alis: Madagaskaras<\/p>\n<p class=\"heading\">Laikymo s\u0105lygos:\u00a0Laikyti sausoje, v\u0117sioje vietoje, atokiai nuo tiesiogini\u0173 saul\u0117s spinduli\u0173 Laikymo temperat\u016bra: nuo 5\u00b0C iki 25\u00b0C.<\/p>\n<h3 class=\"b-product-info--info-3-title\">Maistin\u0117 vert\u0117 (100 g\/ml)<\/h3>\n<div class=\"row\">\n<div class=\"col-md-4\">\n<table class=\"table table-striped table-condensed\">\n<tbody>\n<tr>\n<td>Energin\u0117 vert\u0117<\/td>\n<td class=\"b-text-right\">1803,00 kJ \/ 431,00 Kcal<\/td>\n<\/tr>\n<tr>\n<td>Riebalai<\/td>\n<td class=\"b-text-right\">20,00 g<\/td>\n<\/tr>\n<tr>\n<td>So\u010diosios riebal\u0173 r\u016bg\u0161tys<\/td>\n<td class=\"b-text-right\">6,10 g<\/td>\n<\/tr>\n<tr>\n<td>Angliavandeniai<\/td>\n<td class=\"b-text-right\">52,00 g<\/td>\n<\/tr>\n<tr>\n<td>Cukr\u016bs<\/td>\n<td class=\"b-text-right\">52,00 g<\/td>\n<\/tr>\n<tr>\n<td>Baltymai<\/td>\n<td class=\"b-text-right\">6,00 g<\/td>\n<\/tr>\n<tr>\n<td>Druska<\/td>\n<td class=\"b-text-right\">0,60 g<\/td>\n<\/tr>\n<\/tbody>\n<\/table>\n<\/div>\n<\/div>\n<p>&nbsp;<\/p>","protected":false},"excerpt":{"rendered":"<p>Gvazdik\u0117liai nesmulkinti 50g Tinka m\u0117sos, dar\u017eovi\u0173, \u017euvies, makaron\u0173 patiekalams gardinti, marinuoti ar konservuoti grybus, dar\u017eoves, uogas. Ypatingai pagerina kar\u0161to vyno skon\u012f. Sudedamosios dalys: gvazdik\u0117liai Kilm\u0117s \u0161alis: Madagaskaras Laikymo s\u0105lygos:\u00a0Laikyti sausoje, v\u0117sioje vietoje, atokiai nuo tiesiogini\u0173 saul\u0117s spinduli\u0173 Laikymo temperat\u016bra: nuo 5\u00b0C iki 25\u00b0C. Maistin\u0117 vert\u0117 (100 g\/ml) Energin\u0117 vert\u0117 1803,00 kJ \/ 431,00 Kcal Riebalai&#8230;<\/p>","protected":false},"featured_media":23267,"template":"","meta":{"_acf_changed":false},"product_brand":[],"product_cat":[68],"product_tag":[],"class_list":{"0":"post-23266","1":"product","2":"type-product","3":"status-publish","4":"has-post-thumbnail","6":"product_cat-prieskoniai","7":"nt-post-class","8":"","9":"masonry-item","10":"col-lg-6","14":"excerpt-none","18":"first","19":"instock","20":"taxable","21":"shipping-taxable","22":"purchasable","23":"product-type-simple","24":"add-to-wishlist-after_add_to_cart"},"acf":[],"_links":{"self":[{"href":"https:\/\/chiaseklos.lt\/en\/wp-json\/wp\/v2\/product\/23266","targetHints":{"allow":["GET"]}}],"collection":[{"href":"https:\/\/chiaseklos.lt\/en\/wp-json\/wp\/v2\/product"}],"about":[{"href":"https:\/\/chiaseklos.lt\/en\/wp-json\/wp\/v2\/types\/product"}],"wp:featuredmedia":[{"embeddable":true,"href":"https:\/\/chiaseklos.lt\/en\/wp-json\/wp\/v2\/media\/23267"}],"wp:attachment":[{"href":"https:\/\/chiaseklos.lt\/en\/wp-json\/wp\/v2\/media?parent=23266"}],"wp:term":[{"taxonomy":"product_brand","embeddable":true,"href":"https:\/\/chiaseklos.lt\/en\/wp-json\/wp\/v2\/product_brand?post=23266"},{"taxonomy":"product_cat","embeddable":true,"href":"https:\/\/chiaseklos.lt\/en\/wp-json\/wp\/v2\/product_cat?post=23266"},{"taxonomy":"product_tag","embeddable":true,"href":"https:\/\/chiaseklos.lt\/en\/wp-json\/wp\/v2\/product_tag?post=23266"}],"curies":[{"name":"wp","href":"https:\/\/api.w.org\/{rel}","templated":true}]}}