{"id":22895,"date":"2023-06-16T11:58:46","date_gmt":"2023-06-16T11:58:46","guid":{"rendered":"https:\/\/chiaseklos.lt\/?post_type=product&#038;p=22895"},"modified":"2026-04-15T06:56:53","modified_gmt":"2026-04-15T06:56:53","slug":"kalendra-zirneliais","status":"publish","type":"product","link":"https:\/\/chiaseklos.lt\/en\/product\/kalendra-zirneliais\/","title":{"rendered":"Kalendra \u017eirneliais"},"content":{"rendered":"<p>Kalendra \u017eirneliais<\/p>\n<p>kalendros s\u0117kl\u0173 gr\u016bdeliai yra aitroko skonio, tod\u0117l puikiai dera m\u0117sos patiekal\u0173 skoniui pary\u0161kinti. Naudojamos ruo\u0161iant de\u0161ras, dedama \u012f duonos gaminius, naudojama marinuojant.<\/p>\n<p>Naudojamos ruo\u0161iant m\u0117sos ir pauk\u0161tienos patiekalus, miltiniams konditerijos gaminiams aromatizuoti. Tinka gaminant marinatus, s\u016brius, de\u0161ras.<\/p>\n<p>Sudedamosios dalys: Kalendros \u017eirneliai 100%<\/p>\n<p>Laikymo s\u0105lygos: laikyti sausoje vietoje<\/p>\n<p>Kilm\u0117s \u0161alis: Ukraina<\/p>","protected":false},"excerpt":{"rendered":"<p>Kalendra \u017eirneliais kalendros s\u0117kl\u0173 gr\u016bdeliai yra aitroko skonio, tod\u0117l puikiai dera m\u0117sos patiekal\u0173 skoniui pary\u0161kinti. Naudojamos ruo\u0161iant de\u0161ras, dedama \u012f duonos gaminius, naudojama marinuojant. Naudojamos ruo\u0161iant m\u0117sos ir pauk\u0161tienos patiekalus, miltiniams konditerijos gaminiams aromatizuoti. Tinka gaminant marinatus, s\u016brius, de\u0161ras. Sudedamosios dalys: Kalendros \u017eirneliai 100% Laikymo s\u0105lygos: laikyti sausoje vietoje Kilm\u0117s \u0161alis: Ukraina<\/p>","protected":false},"featured_media":22898,"template":"","meta":{"_acf_changed":false},"product_brand":[],"product_cat":[17,68],"product_tag":[],"class_list":{"0":"post-22895","1":"product","2":"type-product","3":"status-publish","4":"has-post-thumbnail","6":"product_cat-seklos","7":"product_cat-prieskoniai","8":"nt-post-class","9":"","10":"masonry-item","11":"col-lg-6","15":"excerpt-none","19":"first","20":"instock","21":"taxable","22":"shipping-taxable","23":"purchasable","24":"product-type-variable","25":"add-to-wishlist-after_add_to_cart"},"acf":[],"_links":{"self":[{"href":"https:\/\/chiaseklos.lt\/en\/wp-json\/wp\/v2\/product\/22895","targetHints":{"allow":["GET"]}}],"collection":[{"href":"https:\/\/chiaseklos.lt\/en\/wp-json\/wp\/v2\/product"}],"about":[{"href":"https:\/\/chiaseklos.lt\/en\/wp-json\/wp\/v2\/types\/product"}],"wp:featuredmedia":[{"embeddable":true,"href":"https:\/\/chiaseklos.lt\/en\/wp-json\/wp\/v2\/media\/22898"}],"wp:attachment":[{"href":"https:\/\/chiaseklos.lt\/en\/wp-json\/wp\/v2\/media?parent=22895"}],"wp:term":[{"taxonomy":"product_brand","embeddable":true,"href":"https:\/\/chiaseklos.lt\/en\/wp-json\/wp\/v2\/product_brand?post=22895"},{"taxonomy":"product_cat","embeddable":true,"href":"https:\/\/chiaseklos.lt\/en\/wp-json\/wp\/v2\/product_cat?post=22895"},{"taxonomy":"product_tag","embeddable":true,"href":"https:\/\/chiaseklos.lt\/en\/wp-json\/wp\/v2\/product_tag?post=22895"}],"curies":[{"name":"wp","href":"https:\/\/api.w.org\/{rel}","templated":true}]}}