{"id":22890,"date":"2023-06-16T11:32:48","date_gmt":"2023-06-16T11:32:48","guid":{"rendered":"https:\/\/chiaseklos.lt\/?post_type=product&#038;p=22890"},"modified":"2025-12-01T09:15:23","modified_gmt":"2025-12-01T09:15:23","slug":"chlorella-milteliai","status":"publish","type":"product","link":"https:\/\/chiaseklos.lt\/en\/product\/chlorella-milteliai\/","title":{"rendered":"Chlorella milteliai"},"content":{"rendered":"<p><strong>Chlorella milteliai <\/strong><\/p>\n<p><strong>Chlorella<\/strong>\u00a0(Lot.\u00a0<em>Chlorella vulgaris<\/em>) \u2013 tai g\u0117lame vandenyje augantys laisvai plaukiojantys vienal\u0105s\u010diai \u017ealieji mikrodumbliai (fitoplanktonas). Itin turtingi chlorofilo. D\u0117l savo ypating\u0173 maistini\u0173 savybi\u0173 chlorela vadinama\u00a0<strong>supermaistu<\/strong>. Da\u017enai vartojama sportinink\u0173, norint papildyti mityb\u0105 baltymais ir vitaminais, organizmo valymui ir kt.<\/p>\n<p><strong>Sudedamosios dalys:<\/strong>\u00a01<span lang=\"en-US\">00% chlorela milteliai.\u00a0<\/span><\/p>\n<p><strong>Vartojimas:<\/strong>\u00a0Rekomenduojama vartoti 6g per par\u0105. Gerkite pakankamai vandens dienos b\u0117gyje. Ypa\u010d rekomenduojama prad\u0117ti nuo ma\u017eo kiekio table\u010di\u0173, j\u012f palaipsniui didinant stebint savo organizmo reakcij\u0105.<\/p>\n<p>Energin\u0117 ir maistin\u0117 vert\u0117 100g: 326 kcal\/1360 kJ, riebal\u0173 2,2 g, i\u0161 kuri\u0173 so\u010di\u0173j\u0173 riebal\u0173 r\u016bg\u0161\u010di\u0173 0,68 g, angliavandeni\u0173 17,0 g, i\u0161 kuri\u0173 cukr\u0173 0,3 g, skaidulini\u0173 med\u017eiag\u0173 12 g., baltym\u0173 53,8 g, druskos 0,2 g.<\/p>\n<p>Laikyti sausoje, v\u0117sioje vietoje. Laikymo temperat\u016bra: nuo 3\u00b0C iki 20\u00b0C.<\/p>\n<p>Kilm\u0117s \u0161alis: Kinija<\/p>\n<h5><strong>\u012eSP\u0116JIMAS<\/strong>:\u00a0Jeigu esate n\u0117\u0161\u010dia, vartojate kitus vaistus ar turite sveikatos sutrikim\u0173, prie\u0161 vartojant bet kokius papildus b\u016btinai pasitarkite su \u0161eimos gydytoju. Papildus grie\u017etai draud\u017eiama vartoti asmenims, neturintiems 18 met\u0173.\u00a0Tai yra maisto papildas ir negali b\u016bti maisto pakaitalas.<\/h5>","protected":false},"excerpt":{"rendered":"<p>Chlorella milteliai Chlorella\u00a0(Lot.\u00a0Chlorella vulgaris) \u2013 tai g\u0117lame vandenyje augantys laisvai plaukiojantys vienal\u0105s\u010diai \u017ealieji mikrodumbliai (fitoplanktonas). Itin turtingi chlorofilo. D\u0117l savo ypating\u0173 maistini\u0173 savybi\u0173 chlorela vadinama\u00a0supermaistu. Da\u017enai vartojama sportinink\u0173, norint papildyti mityb\u0105 baltymais ir vitaminais, organizmo valymui ir kt. Sudedamosios dalys:\u00a0100% chlorela milteliai.\u00a0 Vartojimas:\u00a0Rekomenduojama vartoti 6g per par\u0105. Gerkite pakankamai vandens dienos b\u0117gyje. Ypa\u010d rekomenduojama prad\u0117ti&#8230;<\/p>","protected":false},"featured_media":22891,"template":"","meta":{"_acf_changed":false},"product_brand":[],"product_cat":[65],"product_tag":[],"class_list":{"0":"post-22890","1":"product","2":"type-product","3":"status-publish","4":"has-post-thumbnail","6":"product_cat-supermaistas","7":"nt-post-class","8":"","9":"masonry-item","10":"col-lg-6","14":"excerpt-none","18":"first","19":"instock","20":"taxable","21":"shipping-taxable","22":"purchasable","23":"product-type-variable","24":"add-to-wishlist-after_add_to_cart"},"acf":[],"_links":{"self":[{"href":"https:\/\/chiaseklos.lt\/en\/wp-json\/wp\/v2\/product\/22890","targetHints":{"allow":["GET"]}}],"collection":[{"href":"https:\/\/chiaseklos.lt\/en\/wp-json\/wp\/v2\/product"}],"about":[{"href":"https:\/\/chiaseklos.lt\/en\/wp-json\/wp\/v2\/types\/product"}],"wp:featuredmedia":[{"embeddable":true,"href":"https:\/\/chiaseklos.lt\/en\/wp-json\/wp\/v2\/media\/22891"}],"wp:attachment":[{"href":"https:\/\/chiaseklos.lt\/en\/wp-json\/wp\/v2\/media?parent=22890"}],"wp:term":[{"taxonomy":"product_brand","embeddable":true,"href":"https:\/\/chiaseklos.lt\/en\/wp-json\/wp\/v2\/product_brand?post=22890"},{"taxonomy":"product_cat","embeddable":true,"href":"https:\/\/chiaseklos.lt\/en\/wp-json\/wp\/v2\/product_cat?post=22890"},{"taxonomy":"product_tag","embeddable":true,"href":"https:\/\/chiaseklos.lt\/en\/wp-json\/wp\/v2\/product_tag?post=22890"}],"curies":[{"name":"wp","href":"https:\/\/api.w.org\/{rel}","templated":true}]}}