{"id":22820,"date":"2023-06-09T12:22:47","date_gmt":"2023-06-09T12:22:47","guid":{"rendered":"https:\/\/chiaseklos.lt\/?post_type=product&#038;p=22820"},"modified":"2026-01-27T18:18:34","modified_gmt":"2026-01-27T18:18:34","slug":"dziovinti-duonvaisiai-jackfruit","status":"publish","type":"product","link":"https:\/\/chiaseklos.lt\/en\/product\/dziovinti-duonvaisiai-jackfruit\/","title":{"rendered":"D\u017eiovinti duonvaisiai (JACKFRUIT)"},"content":{"rendered":"<p>D\u017eiovinti duonvaisiai (JACKFRUIT)<\/p>\n<p>D\u017eiovintas duonvaisis \u2013 tai i\u0161skirtinio skonio tropini\u0173 \u0161ali\u0173 augalas. Jo vaisiai sald\u016bs, savo skoniu primena obuol\u012f ar mang\u0105. Gardus bei tra\u0161kus u\u017ekandis patinkantis daug\u0117liui.<\/p>\n<p>Sudedamosios dalys: duonvaisiai 98% palmi\u0173 aliejus 2%<\/p>\n<p>Kilm\u0117s \u0161alis: Vietnamas<\/p>\n<p>Laikyti sausoje ir v\u0117sioje vietoje<\/p>\n<p>Energin\u0117 vert\u0117 100g:\u00a01792 kJ \/ 428 kcal,\u00a0riebalai 10,7 g, i\u0161 kuri\u0173 so\u010di\u0173j\u0173 rug\u0161\u010di\u0173 0 g,\u00a0angliavandeniai 79 g, i\u0161 kuri\u0173 cukr\u0173 58,6 g,\u00a0baltymai\u00a07,14\u00a0g, druska\u00a00\u00a0g.<\/p>","protected":false},"excerpt":{"rendered":"<p>D\u017eiovinti duonvaisiai (JACKFRUIT) D\u017eiovintas duonvaisis \u2013 tai i\u0161skirtinio skonio tropini\u0173 \u0161ali\u0173 augalas. Jo vaisiai sald\u016bs, savo skoniu primena obuol\u012f ar mang\u0105. Gardus bei tra\u0161kus u\u017ekandis patinkantis daug\u0117liui. Sudedamosios dalys: duonvaisiai 98% palmi\u0173 aliejus 2% Kilm\u0117s \u0161alis: Vietnamas Laikyti sausoje ir v\u0117sioje vietoje Energin\u0117 vert\u0117 100g:\u00a01792 kJ \/ 428 kcal,\u00a0riebalai 10,7 g, i\u0161 kuri\u0173 so\u010di\u0173j\u0173 rug\u0161\u010di\u0173&#8230;<\/p>","protected":false},"featured_media":34730,"template":"","meta":{"_acf_changed":false},"product_brand":[],"product_cat":[42],"product_tag":[],"class_list":{"0":"post-22820","1":"product","2":"type-product","3":"status-publish","4":"has-post-thumbnail","6":"product_cat-dziovinti-vaisiai-uogos","7":"nt-post-class","8":"","9":"masonry-item","10":"col-lg-6","14":"excerpt-none","18":"first","19":"instock","20":"taxable","21":"shipping-taxable","22":"purchasable","23":"product-type-variable","24":"has-default-attributes","25":"add-to-wishlist-after_add_to_cart"},"acf":[],"_links":{"self":[{"href":"https:\/\/chiaseklos.lt\/en\/wp-json\/wp\/v2\/product\/22820","targetHints":{"allow":["GET"]}}],"collection":[{"href":"https:\/\/chiaseklos.lt\/en\/wp-json\/wp\/v2\/product"}],"about":[{"href":"https:\/\/chiaseklos.lt\/en\/wp-json\/wp\/v2\/types\/product"}],"wp:featuredmedia":[{"embeddable":true,"href":"https:\/\/chiaseklos.lt\/en\/wp-json\/wp\/v2\/media\/34730"}],"wp:attachment":[{"href":"https:\/\/chiaseklos.lt\/en\/wp-json\/wp\/v2\/media?parent=22820"}],"wp:term":[{"taxonomy":"product_brand","embeddable":true,"href":"https:\/\/chiaseklos.lt\/en\/wp-json\/wp\/v2\/product_brand?post=22820"},{"taxonomy":"product_cat","embeddable":true,"href":"https:\/\/chiaseklos.lt\/en\/wp-json\/wp\/v2\/product_cat?post=22820"},{"taxonomy":"product_tag","embeddable":true,"href":"https:\/\/chiaseklos.lt\/en\/wp-json\/wp\/v2\/product_tag?post=22820"}],"curies":[{"name":"wp","href":"https:\/\/api.w.org\/{rel}","templated":true}]}}