{"id":22814,"date":"2023-06-09T11:41:30","date_gmt":"2023-06-09T11:41:30","guid":{"rendered":"https:\/\/chiaseklos.lt\/?post_type=product&#038;p=22814"},"modified":"2024-06-10T09:24:34","modified_gmt":"2024-06-10T09:24:34","slug":"saslykams-prieskoniai","status":"publish","type":"product","link":"https:\/\/chiaseklos.lt\/en\/product\/saslykams-prieskoniai\/","title":{"rendered":"\u0160a\u0161lykams prieskoniai"},"content":{"rendered":"<p>\u0160a\u0161lykams prieskoniai<\/p>\n<div class=\"description\">Rekomenduojama naudoti: 30g\/1kg arba pagal skon\u012f.<\/div>\n<div>\n<div class=\"title\"><\/div>\n<div class=\"title\">Sudedamosios dalys:\u00a0Prieskoniai (svog\u016bnai, \u010desnakai, juodieji pipirai, mair\u016bnai, kvapieji pipirai, gvazdik\u0117liai, imbieras, \u010diobreliai, petra\u017eol\u0117s, krapai) \u2013 55 %, valgomoji druska.<\/div>\n<div>Laikymo s\u0105lygos: nuo 0 iki +25C sausoje aplinkoje<\/div>\n<\/div>","protected":false},"excerpt":{"rendered":"<p>\u0160a\u0161lykams prieskoniai Rekomenduojama naudoti: 30g\/1kg arba pagal skon\u012f. Sudedamosios dalys:\u00a0Prieskoniai (svog\u016bnai, \u010desnakai, juodieji pipirai, mair\u016bnai, kvapieji pipirai, gvazdik\u0117liai, imbieras, \u010diobreliai, petra\u017eol\u0117s, krapai) \u2013 55 %, valgomoji druska. Laikymo s\u0105lygos: nuo 0 iki +25C sausoje aplinkoje<\/p>","protected":false},"featured_media":22816,"template":"","meta":{"_acf_changed":false},"product_brand":[],"product_cat":[68],"product_tag":[],"class_list":{"0":"post-22814","1":"product","2":"type-product","3":"status-publish","4":"has-post-thumbnail","6":"product_cat-prieskoniai","7":"nt-post-class","8":"","9":"masonry-item","10":"col-lg-6","14":"excerpt-none","18":"first","19":"outofstock","20":"taxable","21":"shipping-taxable","22":"purchasable","23":"product-type-variable","24":"add-to-wishlist-after_add_to_cart"},"acf":[],"_links":{"self":[{"href":"https:\/\/chiaseklos.lt\/en\/wp-json\/wp\/v2\/product\/22814","targetHints":{"allow":["GET"]}}],"collection":[{"href":"https:\/\/chiaseklos.lt\/en\/wp-json\/wp\/v2\/product"}],"about":[{"href":"https:\/\/chiaseklos.lt\/en\/wp-json\/wp\/v2\/types\/product"}],"wp:featuredmedia":[{"embeddable":true,"href":"https:\/\/chiaseklos.lt\/en\/wp-json\/wp\/v2\/media\/22816"}],"wp:attachment":[{"href":"https:\/\/chiaseklos.lt\/en\/wp-json\/wp\/v2\/media?parent=22814"}],"wp:term":[{"taxonomy":"product_brand","embeddable":true,"href":"https:\/\/chiaseklos.lt\/en\/wp-json\/wp\/v2\/product_brand?post=22814"},{"taxonomy":"product_cat","embeddable":true,"href":"https:\/\/chiaseklos.lt\/en\/wp-json\/wp\/v2\/product_cat?post=22814"},{"taxonomy":"product_tag","embeddable":true,"href":"https:\/\/chiaseklos.lt\/en\/wp-json\/wp\/v2\/product_tag?post=22814"}],"curies":[{"name":"wp","href":"https:\/\/api.w.org\/{rel}","templated":true}]}}