{"id":22810,"date":"2023-06-09T11:29:45","date_gmt":"2023-06-09T11:29:45","guid":{"rendered":"https:\/\/chiaseklos.lt\/?post_type=product&#038;p=22810"},"modified":"2025-08-13T11:46:17","modified_gmt":"2025-08-13T11:46:17","slug":"gardusis-saslykams-prieskoniai-100g","status":"publish","type":"product","link":"https:\/\/chiaseklos.lt\/en\/product\/gardusis-saslykams-prieskoniai-100g\/","title":{"rendered":"&#8220;Gardusis \u0161a\u0161lykams&#8221;  prieskoniai 100g"},"content":{"rendered":"<p>&#8220;Gardusis \u0161a\u0161lykams&#8221; prieskoniai 100g<\/p>\n<p>Rekomenduojama naudoti: 30g\/1kg m\u0117sos arba pagal skon\u012f.<\/p>\n<p>Prieskoniai (svog\u016bnai, juodi pipirai raudona saldi paprika, \u010desnakai, GARSTY\u010cIOS, kmynai, gelsv\u0117, ciber\u017eol\u0117)- 41%, druska-38,2 %, cukrus, dekstroz\u0117, mieli\u0173 ekstraktas, antioksidantas E330. Sud\u0117tyje gali b\u016bti salier\u0173, sezamo, garsty\u010di\u0173, kvie\u010di\u0173 ir sojos produkt\u0173 p\u0117dsak\u0173.<\/p>\n<p>Laikymo s\u0105lygos: nuo 0 iki +25C sausoje aplinkoje<\/p>","protected":false},"excerpt":{"rendered":"<p>&#8220;Gardusis \u0161a\u0161lykams&#8221; prieskoniai 100g Rekomenduojama naudoti: 30g\/1kg m\u0117sos arba pagal skon\u012f. Prieskoniai (svog\u016bnai, juodi pipirai raudona saldi paprika, \u010desnakai, GARSTY\u010cIOS, kmynai, gelsv\u0117, ciber\u017eol\u0117)- 41%, druska-38,2 %, cukrus, dekstroz\u0117, mieli\u0173 ekstraktas, antioksidantas E330. Sud\u0117tyje gali b\u016bti salier\u0173, sezamo, garsty\u010di\u0173, kvie\u010di\u0173 ir sojos produkt\u0173 p\u0117dsak\u0173. Laikymo s\u0105lygos: nuo 0 iki +25C sausoje aplinkoje<\/p>","protected":false},"featured_media":22811,"template":"","meta":{"_acf_changed":false},"product_brand":[],"product_cat":[68],"product_tag":[],"class_list":{"0":"post-22810","1":"product","2":"type-product","3":"status-publish","4":"has-post-thumbnail","6":"product_cat-prieskoniai","7":"nt-post-class","8":"","9":"masonry-item","10":"col-lg-6","14":"excerpt-none","18":"first","19":"instock","20":"taxable","21":"shipping-taxable","22":"purchasable","23":"product-type-simple","24":"add-to-wishlist-after_add_to_cart"},"acf":[],"_links":{"self":[{"href":"https:\/\/chiaseklos.lt\/en\/wp-json\/wp\/v2\/product\/22810","targetHints":{"allow":["GET"]}}],"collection":[{"href":"https:\/\/chiaseklos.lt\/en\/wp-json\/wp\/v2\/product"}],"about":[{"href":"https:\/\/chiaseklos.lt\/en\/wp-json\/wp\/v2\/types\/product"}],"wp:featuredmedia":[{"embeddable":true,"href":"https:\/\/chiaseklos.lt\/en\/wp-json\/wp\/v2\/media\/22811"}],"wp:attachment":[{"href":"https:\/\/chiaseklos.lt\/en\/wp-json\/wp\/v2\/media?parent=22810"}],"wp:term":[{"taxonomy":"product_brand","embeddable":true,"href":"https:\/\/chiaseklos.lt\/en\/wp-json\/wp\/v2\/product_brand?post=22810"},{"taxonomy":"product_cat","embeddable":true,"href":"https:\/\/chiaseklos.lt\/en\/wp-json\/wp\/v2\/product_cat?post=22810"},{"taxonomy":"product_tag","embeddable":true,"href":"https:\/\/chiaseklos.lt\/en\/wp-json\/wp\/v2\/product_tag?post=22810"}],"curies":[{"name":"wp","href":"https:\/\/api.w.org\/{rel}","templated":true}]}}