{"id":22807,"date":"2023-06-09T11:24:14","date_gmt":"2023-06-09T11:24:14","guid":{"rendered":"https:\/\/chiaseklos.lt\/?post_type=product&#038;p=22807"},"modified":"2025-10-08T11:55:38","modified_gmt":"2025-10-08T11:55:38","slug":"gaspadines-prieskoniai-100g","status":"publish","type":"product","link":"https:\/\/chiaseklos.lt\/en\/product\/gaspadines-prieskoniai-100g\/","title":{"rendered":"Chimi churi be druskos prieskoniai 100g"},"content":{"rendered":"<p>Chimi churi be druskos 100g<\/p>\n<p>Rekomenduojame\u00a0dar\u017eovi\u0173, m\u0117sos bei \u017euvies patiekalams.<\/p>\n<div class=\"title\">Sudedamosios dalys:\u00a0Svog\u016bnai,\u010desnakai, raudona saldi paprika, petra\u017eol\u0117s,raudon\u0117liai.<\/div>\n<div><\/div>\n<div>Laikymo s\u0105lygos: sausoje, v\u0117sioje aplinkoje<\/div>\n<div>KIlm\u0117s \u0161alis: Lietuva<\/div>","protected":false},"excerpt":{"rendered":"<p>Chimi churi be druskos 100g Rekomenduojame\u00a0dar\u017eovi\u0173, m\u0117sos bei \u017euvies patiekalams. Sudedamosios dalys:\u00a0Svog\u016bnai,\u010desnakai, raudona saldi paprika, petra\u017eol\u0117s,raudon\u0117liai. Laikymo s\u0105lygos: sausoje, v\u0117sioje aplinkoje KIlm\u0117s \u0161alis: Lietuva<\/p>","protected":false},"featured_media":22808,"template":"","meta":{"_acf_changed":false},"product_brand":[],"product_cat":[68],"product_tag":[],"class_list":{"0":"post-22807","1":"product","2":"type-product","3":"status-publish","4":"has-post-thumbnail","6":"product_cat-prieskoniai","7":"nt-post-class","8":"","9":"masonry-item","10":"col-lg-6","14":"excerpt-none","18":"first","19":"instock","20":"taxable","21":"shipping-taxable","22":"purchasable","23":"product-type-simple","24":"add-to-wishlist-after_add_to_cart"},"acf":[],"_links":{"self":[{"href":"https:\/\/chiaseklos.lt\/en\/wp-json\/wp\/v2\/product\/22807","targetHints":{"allow":["GET"]}}],"collection":[{"href":"https:\/\/chiaseklos.lt\/en\/wp-json\/wp\/v2\/product"}],"about":[{"href":"https:\/\/chiaseklos.lt\/en\/wp-json\/wp\/v2\/types\/product"}],"wp:featuredmedia":[{"embeddable":true,"href":"https:\/\/chiaseklos.lt\/en\/wp-json\/wp\/v2\/media\/22808"}],"wp:attachment":[{"href":"https:\/\/chiaseklos.lt\/en\/wp-json\/wp\/v2\/media?parent=22807"}],"wp:term":[{"taxonomy":"product_brand","embeddable":true,"href":"https:\/\/chiaseklos.lt\/en\/wp-json\/wp\/v2\/product_brand?post=22807"},{"taxonomy":"product_cat","embeddable":true,"href":"https:\/\/chiaseklos.lt\/en\/wp-json\/wp\/v2\/product_cat?post=22807"},{"taxonomy":"product_tag","embeddable":true,"href":"https:\/\/chiaseklos.lt\/en\/wp-json\/wp\/v2\/product_tag?post=22807"}],"curies":[{"name":"wp","href":"https:\/\/api.w.org\/{rel}","templated":true}]}}