{"id":22490,"date":"2023-04-29T09:03:20","date_gmt":"2023-04-29T09:03:20","guid":{"rendered":"https:\/\/chiaseklos.lt\/?post_type=product&#038;p=22490"},"modified":"2024-10-10T16:31:51","modified_gmt":"2024-10-10T16:31:51","slug":"tapenade-aux-olives-vertes-90-g-zaliuju-alyvuogiu-pasta","status":"publish","type":"product","link":"https:\/\/chiaseklos.lt\/en\/product\/tapenade-aux-olives-vertes-90-g-zaliuju-alyvuogiu-pasta\/","title":{"rendered":"Tapenade aux olives vertes 90 g \u017dali\u0173j\u0173 alyvuogi\u0173 pasta"},"content":{"rendered":"<p><strong>Tapenade aux olives vertes 90 g \u017dali\u0173j\u0173 alyvuogi\u0173 pasta<\/strong><\/p>\n<p>\u017dali\u0173j\u0173 alyvuogi\u0173 u\u017etep\u0117l\u0117 su kapar\u0117liais 6%.<\/p>\n<p>Grynasis kiekis 90 g.<\/p>\n<h5>Sudedamosios dalys:\u017ealiosios alyvuog\u0117s 82%: (\u017ealiosios alyvuog\u0117s, vanduo, druska), kapar\u0117liai 6%: (kapar\u0117liai, vanduo, actas, druska), auk\u0161\u010diausios kokyb\u0117s pirmojo spaudimo alyvuogi\u0173 aliejus,<strong>\u00a0AN\u010cIUVI\u0172<\/strong>\u00a0kremas 2,6%: (s\u016bdyti\u00a0<strong>AN\u010cIUVIAI<\/strong>, alyvuogi\u0173 aliejus,\u00a0<strong>VYNO ACTAS<\/strong>, prieskoniai),\u00a0<strong>VYNO ACTAS<\/strong>, \u010desnakai, pipirai.<\/h5>\n<h5>Laikymo s\u0105lygos: Atidarius laikyti +0\u00b0C -+4\u00b0C temperat\u016broje ir suvartoti per 8 dienas.<\/h5>\n<h5><\/h5>\n<p>&nbsp;<\/p>","protected":false},"excerpt":{"rendered":"<p>Tapenade aux olives vertes 90 g \u017dali\u0173j\u0173 alyvuogi\u0173 pasta \u017dali\u0173j\u0173 alyvuogi\u0173 u\u017etep\u0117l\u0117 su kapar\u0117liais 6%. Grynasis kiekis 90 g. Sudedamosios dalys:\u017ealiosios alyvuog\u0117s 82%: (\u017ealiosios alyvuog\u0117s, vanduo, druska), kapar\u0117liai 6%: (kapar\u0117liai, vanduo, actas, druska), auk\u0161\u010diausios kokyb\u0117s pirmojo spaudimo alyvuogi\u0173 aliejus,\u00a0AN\u010cIUVI\u0172\u00a0kremas 2,6%: (s\u016bdyti\u00a0AN\u010cIUVIAI, alyvuogi\u0173 aliejus,\u00a0VYNO ACTAS, prieskoniai),\u00a0VYNO ACTAS, \u010desnakai, pipirai. Laikymo s\u0105lygos: Atidarius laikyti +0\u00b0C -+4\u00b0C temperat\u016broje&#8230;<\/p>","protected":false},"featured_media":22491,"template":"","meta":{"_acf_changed":false},"product_brand":[],"product_cat":[99],"product_tag":[],"class_list":{"0":"post-22490","1":"product","2":"type-product","3":"status-publish","4":"has-post-thumbnail","6":"product_cat-uztepeles","7":"nt-post-class","8":"","9":"masonry-item","10":"col-lg-6","14":"excerpt-none","18":"first","19":"outofstock","20":"taxable","21":"shipping-taxable","22":"purchasable","23":"product-type-simple","24":"add-to-wishlist-after_add_to_cart"},"acf":[],"_links":{"self":[{"href":"https:\/\/chiaseklos.lt\/en\/wp-json\/wp\/v2\/product\/22490","targetHints":{"allow":["GET"]}}],"collection":[{"href":"https:\/\/chiaseklos.lt\/en\/wp-json\/wp\/v2\/product"}],"about":[{"href":"https:\/\/chiaseklos.lt\/en\/wp-json\/wp\/v2\/types\/product"}],"wp:featuredmedia":[{"embeddable":true,"href":"https:\/\/chiaseklos.lt\/en\/wp-json\/wp\/v2\/media\/22491"}],"wp:attachment":[{"href":"https:\/\/chiaseklos.lt\/en\/wp-json\/wp\/v2\/media?parent=22490"}],"wp:term":[{"taxonomy":"product_brand","embeddable":true,"href":"https:\/\/chiaseklos.lt\/en\/wp-json\/wp\/v2\/product_brand?post=22490"},{"taxonomy":"product_cat","embeddable":true,"href":"https:\/\/chiaseklos.lt\/en\/wp-json\/wp\/v2\/product_cat?post=22490"},{"taxonomy":"product_tag","embeddable":true,"href":"https:\/\/chiaseklos.lt\/en\/wp-json\/wp\/v2\/product_tag?post=22490"}],"curies":[{"name":"wp","href":"https:\/\/api.w.org\/{rel}","templated":true}]}}