{"id":22401,"date":"2023-04-20T15:16:15","date_gmt":"2023-04-20T15:16:15","guid":{"rendered":"https:\/\/chiaseklos.lt\/?post_type=product&#038;p=22401"},"modified":"2026-04-09T06:47:32","modified_gmt":"2026-04-09T06:47:32","slug":"datuliu-trufeliai-120g","status":"publish","type":"product","link":"https:\/\/chiaseklos.lt\/en\/product\/datuliu-trufeliai-120g\/","title":{"rendered":"Datuli\u0173 triufeliai, 120g"},"content":{"rendered":"<p>Datuli\u0173 triufeliai, 120g<\/p>\n<p>Tai itin gard\u016bs datuli\u0173 triufeliai pagardinti smulkintomis pistacijomis, graikiniais rie\u0161utais bei \u012fvairiausiomis s\u0117klomis.<\/p>\n<p>Gardus, sveikas u\u017ekandis. Supakuota d\u0117\u017eut\u0117je.<\/p>\n<p>Sudedamosios dalys: nuplautos ir pasterizuotos datul\u0117s (63%), kokos\u0173 pudra (2%), saul\u0117gr\u0105\u017eos (7%), lin\u0173 s\u0117klos (1,5%), kalendr\u0173 s\u0117klos (0,2%), kardamon\u0173 s\u0117klos (0,1%), imbieras (0,1%), cinamonas (0,1%), pistacijos (4%), graikiniai rie\u0161utai (5,8%), \u017eem\u0117s rie\u0161utai (12%), sezamo s\u0117klos (7,2%)<\/p>\n<p><b>Alergenai: pistacijos, graikiniai rie\u0161utai, \u017eem\u0117s rie\u0161utai, sezamo s\u0117klos.<\/b><\/p>\n<p>Energin\u0117 vert\u0117 100g:340 Kcal \/ 1421 kJ\u00a0riebalai 10g, i\u0161 kuri\u0173 so\u010di\u0173j\u0173 riebal\u0173 r\u016bg\u0161\u010di\u0173 0,9 g, angliavandeniai 65 g, i\u0161 kuri\u0173 cukr\u0173 39g, baltymai 7g, druska 0,001 g<\/p>\n<p>Kilm\u0117s \u0161alis: Iranas<\/p>","protected":false},"excerpt":{"rendered":"<p>Datuli\u0173 triufeliai, 120g Tai itin gard\u016bs datuli\u0173 triufeliai pagardinti smulkintomis pistacijomis, graikiniais rie\u0161utais bei \u012fvairiausiomis s\u0117klomis. Gardus, sveikas u\u017ekandis. Supakuota d\u0117\u017eut\u0117je. Sudedamosios dalys: nuplautos ir pasterizuotos datul\u0117s (63%), kokos\u0173 pudra (2%), saul\u0117gr\u0105\u017eos (7%), lin\u0173 s\u0117klos (1,5%), kalendr\u0173 s\u0117klos (0,2%), kardamon\u0173 s\u0117klos (0,1%), imbieras (0,1%), cinamonas (0,1%), pistacijos (4%), graikiniai rie\u0161utai (5,8%), \u017eem\u0117s rie\u0161utai (12%), sezamo&#8230;<\/p>","protected":false},"featured_media":22402,"template":"","meta":{"_acf_changed":false},"product_brand":[],"product_cat":[95,42],"product_tag":[],"class_list":{"0":"post-22401","1":"product","2":"type-product","3":"status-publish","4":"has-post-thumbnail","6":"product_cat-rinkiniai","7":"product_cat-dziovinti-vaisiai-uogos","8":"nt-post-class","9":"","10":"masonry-item","11":"col-lg-6","15":"excerpt-none","19":"first","20":"instock","21":"taxable","22":"shipping-taxable","23":"purchasable","24":"product-type-simple","25":"add-to-wishlist-after_add_to_cart"},"acf":[],"_links":{"self":[{"href":"https:\/\/chiaseklos.lt\/en\/wp-json\/wp\/v2\/product\/22401","targetHints":{"allow":["GET"]}}],"collection":[{"href":"https:\/\/chiaseklos.lt\/en\/wp-json\/wp\/v2\/product"}],"about":[{"href":"https:\/\/chiaseklos.lt\/en\/wp-json\/wp\/v2\/types\/product"}],"wp:featuredmedia":[{"embeddable":true,"href":"https:\/\/chiaseklos.lt\/en\/wp-json\/wp\/v2\/media\/22402"}],"wp:attachment":[{"href":"https:\/\/chiaseklos.lt\/en\/wp-json\/wp\/v2\/media?parent=22401"}],"wp:term":[{"taxonomy":"product_brand","embeddable":true,"href":"https:\/\/chiaseklos.lt\/en\/wp-json\/wp\/v2\/product_brand?post=22401"},{"taxonomy":"product_cat","embeddable":true,"href":"https:\/\/chiaseklos.lt\/en\/wp-json\/wp\/v2\/product_cat?post=22401"},{"taxonomy":"product_tag","embeddable":true,"href":"https:\/\/chiaseklos.lt\/en\/wp-json\/wp\/v2\/product_tag?post=22401"}],"curies":[{"name":"wp","href":"https:\/\/api.w.org\/{rel}","templated":true}]}}