{"id":21635,"date":"2023-02-03T13:09:24","date_gmt":"2023-02-03T13:09:24","guid":{"rendered":"https:\/\/chiaseklos.lt\/?post_type=product&#038;p=21635"},"modified":"2026-03-23T07:32:37","modified_gmt":"2026-03-23T07:32:37","slug":"figu-uogiene-250-g","status":"publish","type":"product","link":"https:\/\/chiaseklos.lt\/en\/product\/figu-uogiene-250-g\/","title":{"rendered":"Fig\u0173 uogien\u0117 250 g."},"content":{"rendered":"<h1 class=\"product_title entry-title\">Fig\u0173 uogien\u0117 250 g.<\/h1>\n<p>Tradicinis graiki\u0161kas produktas. Visi nat\u016bral\u016bs ingredientai. Puikiai dera prie s\u016brio, ko\u0161\u0117s ar tiesiog skrebu\u010di\u0173.<\/p>\n<p><strong>Sud\u0117tis:<\/strong>\u00a0: figos, cukrus, gliukoz\u0117, citrinos r\u016bg\u0161tis, kalio sorbatas 0,1 %, gali tur\u0117ti SO2 p\u0117dsak\u0173.<\/p>\n<p><strong>Maistin\u0117 vert\u0117:\u00a0\u00a0<\/strong>100g. energetin\u0117 vert\u0117: 256 kcal\/1071 kJ , Riebalai : 0,7 g , Sotieji riebalai : 0 g , Angliavandeniai : 65 g , Cukrus : 50,1 g , Baltymai : 1,3 g , Druska : 0,01g.<\/p>\n<p><strong>Grynasis kiekis:<\/strong>\u00a0250 g.<\/p>\n<p><strong>Laikymo s\u0105lygos:<\/strong>\u00a0laikyti v\u0117sioje, sausoje vietoje. Saugoti nuo tiesiogini\u0173 saul\u0117s spinduli\u0173. Atidarius laikyti \u0161aldytuve.<\/p>\n<p><strong>Gamintojas:<\/strong>\u00a0\u201cPhysis of Crete\u201d by Asmarianakis Family<\/p>","protected":false},"excerpt":{"rendered":"<p>Fig\u0173 uogien\u0117 250 g. Tradicinis graiki\u0161kas produktas. Visi nat\u016bral\u016bs ingredientai. Puikiai dera prie s\u016brio, ko\u0161\u0117s ar tiesiog skrebu\u010di\u0173. Sud\u0117tis:\u00a0: figos, cukrus, gliukoz\u0117, citrinos r\u016bg\u0161tis, kalio sorbatas 0,1 %, gali tur\u0117ti SO2 p\u0117dsak\u0173. Maistin\u0117 vert\u0117:\u00a0\u00a0100g. energetin\u0117 vert\u0117: 256 kcal\/1071 kJ , Riebalai : 0,7 g , Sotieji riebalai : 0 g , Angliavandeniai : 65 g&#8230;<\/p>","protected":false},"featured_media":21636,"template":"","meta":{"_acf_changed":false},"product_brand":[],"product_cat":[72],"product_tag":[],"class_list":{"0":"post-21635","1":"product","2":"type-product","3":"status-publish","4":"has-post-thumbnail","6":"product_cat-sirupai","7":"nt-post-class","8":"","9":"masonry-item","10":"col-lg-6","14":"excerpt-none","18":"first","19":"outofstock","20":"taxable","21":"shipping-taxable","22":"purchasable","23":"product-type-simple","24":"add-to-wishlist-after_add_to_cart"},"acf":[],"_links":{"self":[{"href":"https:\/\/chiaseklos.lt\/en\/wp-json\/wp\/v2\/product\/21635","targetHints":{"allow":["GET"]}}],"collection":[{"href":"https:\/\/chiaseklos.lt\/en\/wp-json\/wp\/v2\/product"}],"about":[{"href":"https:\/\/chiaseklos.lt\/en\/wp-json\/wp\/v2\/types\/product"}],"wp:featuredmedia":[{"embeddable":true,"href":"https:\/\/chiaseklos.lt\/en\/wp-json\/wp\/v2\/media\/21636"}],"wp:attachment":[{"href":"https:\/\/chiaseklos.lt\/en\/wp-json\/wp\/v2\/media?parent=21635"}],"wp:term":[{"taxonomy":"product_brand","embeddable":true,"href":"https:\/\/chiaseklos.lt\/en\/wp-json\/wp\/v2\/product_brand?post=21635"},{"taxonomy":"product_cat","embeddable":true,"href":"https:\/\/chiaseklos.lt\/en\/wp-json\/wp\/v2\/product_cat?post=21635"},{"taxonomy":"product_tag","embeddable":true,"href":"https:\/\/chiaseklos.lt\/en\/wp-json\/wp\/v2\/product_tag?post=21635"}],"curies":[{"name":"wp","href":"https:\/\/api.w.org\/{rel}","templated":true}]}}