{"id":21631,"date":"2023-02-03T13:01:13","date_gmt":"2023-02-03T13:01:13","guid":{"rendered":"https:\/\/chiaseklos.lt\/?post_type=product&#038;p=21631"},"modified":"2025-12-05T12:08:38","modified_gmt":"2025-12-05T12:08:38","slug":"balzaminis-actas-physis-of-crete-250-ml","status":"publish","type":"product","link":"https:\/\/chiaseklos.lt\/en\/product\/balzaminis-actas-physis-of-crete-250-ml\/","title":{"rendered":"Balzaminis actas \u2018Physis of Crete\u2019 250 ml."},"content":{"rendered":"<h4 class=\"product_title entry-title\">Balzaminis actas \u2018Physis of Crete\u2019 250 ml.<\/h4>\n<p>Balzaminis actas \u201ePhysis of Crete\u201d. Idealiai tinka salotoms su j\u016bros g\u0117ryb\u0117mis, \u017ealioms salotoms pagardinti.<\/p>\n<p><strong>Sudedamosios dalys:<\/strong>\u00a0vynuog\u0117s, vynuogi\u0173 misos koncentratas.<\/p>\n<p><strong>Patarimai d\u0117l alergijos: sud\u0117tyje yra sulfit\u0173.<\/strong><\/p>\n<p><strong>Maistin\u0117 vert\u0117:<\/strong>100 ml: energetin\u0117 vert\u0117: 91 Kcal\/ 385 kJ, Riebal\u0173 0 g, i\u0161 kuri\u0173: so\u010di\u0173j\u0173 riebal\u0173 r\u016bg\u0161\u010di\u0173 0 g. Angliavandeni\u0173 22 g, i\u0161 kuri\u0173 cukr\u0173 \u2013 15,5 g, baltym\u0173 \u2013 0,6 g, druskos \u2013 0 g.<\/p>\n<p><strong>Laikymo s\u0105lygos:<\/strong>\u00a0laikyti v\u0117sioje, sausoje vietoje. Saugoti nuo tiesiogini\u0173 saul\u0117s spinduli\u0173. Atidarius laikyti \u0161aldytuve.<\/p>\n<p><strong>Gamintojas:<\/strong>\u00a0\u201cPhysis of Crete\u201d by Asmarianakis Family<\/p>\n<p>&nbsp;<\/p>","protected":false},"excerpt":{"rendered":"<p>Balzaminis actas \u2018Physis of Crete\u2019 250 ml. Balzaminis actas \u201ePhysis of Crete\u201d. Idealiai tinka salotoms su j\u016bros g\u0117ryb\u0117mis, \u017ealioms salotoms pagardinti. Sudedamosios dalys:\u00a0vynuog\u0117s, vynuogi\u0173 misos koncentratas. Patarimai d\u0117l alergijos: sud\u0117tyje yra sulfit\u0173. Maistin\u0117 vert\u0117:100 ml: energetin\u0117 vert\u0117: 91 Kcal\/ 385 kJ, Riebal\u0173 0 g, i\u0161 kuri\u0173: so\u010di\u0173j\u0173 riebal\u0173 r\u016bg\u0161\u010di\u0173 0 g. Angliavandeni\u0173 22 g, i\u0161&#8230;<\/p>","protected":false},"featured_media":21632,"template":"","meta":{"_acf_changed":false},"product_brand":[],"product_cat":[101],"product_tag":[],"class_list":{"0":"post-21631","1":"product","2":"type-product","3":"status-publish","4":"has-post-thumbnail","6":"product_cat-aliejus","7":"nt-post-class","8":"","9":"masonry-item","10":"col-lg-6","14":"excerpt-none","18":"first","19":"outofstock","20":"taxable","21":"shipping-taxable","22":"purchasable","23":"product-type-simple","24":"add-to-wishlist-after_add_to_cart"},"acf":[],"_links":{"self":[{"href":"https:\/\/chiaseklos.lt\/en\/wp-json\/wp\/v2\/product\/21631","targetHints":{"allow":["GET"]}}],"collection":[{"href":"https:\/\/chiaseklos.lt\/en\/wp-json\/wp\/v2\/product"}],"about":[{"href":"https:\/\/chiaseklos.lt\/en\/wp-json\/wp\/v2\/types\/product"}],"wp:featuredmedia":[{"embeddable":true,"href":"https:\/\/chiaseklos.lt\/en\/wp-json\/wp\/v2\/media\/21632"}],"wp:attachment":[{"href":"https:\/\/chiaseklos.lt\/en\/wp-json\/wp\/v2\/media?parent=21631"}],"wp:term":[{"taxonomy":"product_brand","embeddable":true,"href":"https:\/\/chiaseklos.lt\/en\/wp-json\/wp\/v2\/product_brand?post=21631"},{"taxonomy":"product_cat","embeddable":true,"href":"https:\/\/chiaseklos.lt\/en\/wp-json\/wp\/v2\/product_cat?post=21631"},{"taxonomy":"product_tag","embeddable":true,"href":"https:\/\/chiaseklos.lt\/en\/wp-json\/wp\/v2\/product_tag?post=21631"}],"curies":[{"name":"wp","href":"https:\/\/api.w.org\/{rel}","templated":true}]}}