{"id":21607,"date":"2023-02-01T13:27:17","date_gmt":"2023-02-01T13:27:17","guid":{"rendered":"https:\/\/chiaseklos.lt\/?post_type=product&#038;p=21607"},"modified":"2024-12-19T12:52:42","modified_gmt":"2024-12-19T12:52:42","slug":"paukstienai-prieskoniai-be-druskos-50g","status":"publish","type":"product","link":"https:\/\/chiaseklos.lt\/en\/product\/paukstienai-prieskoniai-be-druskos-50g\/","title":{"rendered":"Pauk\u0161tienai prieskoniai be druskos 100g"},"content":{"rendered":"<p>Pauk\u0161tienai prieskoniai be druskos 100g<\/p>\n<div class=\"description\">Puikiai tinka patiekal\u0173 i\u0161 \u012fvairios pauk\u0161tienos gardinimui.<\/div>\n<div class=\"title\">Sudedamosios dalys:\u00a0Prieskoniai (\u010desnakai, raudona saldi paprika, svog\u016bnai, karis).<\/div>","protected":false},"excerpt":{"rendered":"<p>Pauk\u0161tienai prieskoniai be druskos 100g Puikiai tinka patiekal\u0173 i\u0161 \u012fvairios pauk\u0161tienos gardinimui. Sudedamosios dalys:\u00a0Prieskoniai (\u010desnakai, raudona saldi paprika, svog\u016bnai, karis).<\/p>","protected":false},"featured_media":21608,"template":"","meta":{"_acf_changed":false},"product_brand":[],"product_cat":[68],"product_tag":[],"class_list":{"0":"post-21607","1":"product","2":"type-product","3":"status-publish","4":"has-post-thumbnail","6":"product_cat-prieskoniai","7":"nt-post-class","8":"","9":"masonry-item","10":"col-lg-6","14":"excerpt-none","18":"first","19":"instock","20":"taxable","21":"shipping-taxable","22":"purchasable","23":"product-type-simple","24":"add-to-wishlist-after_add_to_cart"},"acf":[],"_links":{"self":[{"href":"https:\/\/chiaseklos.lt\/en\/wp-json\/wp\/v2\/product\/21607","targetHints":{"allow":["GET"]}}],"collection":[{"href":"https:\/\/chiaseklos.lt\/en\/wp-json\/wp\/v2\/product"}],"about":[{"href":"https:\/\/chiaseklos.lt\/en\/wp-json\/wp\/v2\/types\/product"}],"wp:featuredmedia":[{"embeddable":true,"href":"https:\/\/chiaseklos.lt\/en\/wp-json\/wp\/v2\/media\/21608"}],"wp:attachment":[{"href":"https:\/\/chiaseklos.lt\/en\/wp-json\/wp\/v2\/media?parent=21607"}],"wp:term":[{"taxonomy":"product_brand","embeddable":true,"href":"https:\/\/chiaseklos.lt\/en\/wp-json\/wp\/v2\/product_brand?post=21607"},{"taxonomy":"product_cat","embeddable":true,"href":"https:\/\/chiaseklos.lt\/en\/wp-json\/wp\/v2\/product_cat?post=21607"},{"taxonomy":"product_tag","embeddable":true,"href":"https:\/\/chiaseklos.lt\/en\/wp-json\/wp\/v2\/product_tag?post=21607"}],"curies":[{"name":"wp","href":"https:\/\/api.w.org\/{rel}","templated":true}]}}