{"id":21592,"date":"2023-01-31T13:29:55","date_gmt":"2023-01-31T13:29:55","guid":{"rendered":"https:\/\/chiaseklos.lt\/?post_type=product&#038;p=21592"},"modified":"2024-12-14T05:41:41","modified_gmt":"2024-12-14T05:41:41","slug":"svanetiska-druska-50g","status":"publish","type":"product","link":"https:\/\/chiaseklos.lt\/en\/product\/svanetiska-druska-50g\/","title":{"rendered":"Svaneti\u0161ka druska 50g"},"content":{"rendered":"<p>Svaneti\u0161ka druska 50g<\/p>\n<p>\u0160ia universalia druska galite skaninti m\u0117sos, \u017euvies patiekalus, tinka sriuboms, pada\u017eams, taip pat idealu marinavimui.<\/p>\n<p>Sudedamosios dalys: Druska 60,0 %, prieskoniai (\u010desnakai, kalendra, krap\u0173 s\u0117klos, aitrioji paprika, o\u017erag\u0117, kmyn\u0173 s\u0117klos, medetk\u0173 \u017eiedai).<\/p>\n<p>Kilm\u0117s \u0161alis: Lietuva\/Lenkija<\/p>\n<p>&nbsp;<\/p>","protected":false},"excerpt":{"rendered":"<p>Svaneti\u0161ka druska 50g \u0160ia universalia druska galite skaninti m\u0117sos, \u017euvies patiekalus, tinka sriuboms, pada\u017eams, taip pat idealu marinavimui. Sudedamosios dalys: Druska 60,0 %, prieskoniai (\u010desnakai, kalendra, krap\u0173 s\u0117klos, aitrioji paprika, o\u017erag\u0117, kmyn\u0173 s\u0117klos, medetk\u0173 \u017eiedai). Kilm\u0117s \u0161alis: Lietuva\/Lenkija &nbsp;<\/p>","protected":false},"featured_media":21593,"template":"","meta":{"_acf_changed":false},"product_brand":[],"product_cat":[68],"product_tag":[],"class_list":{"0":"post-21592","1":"product","2":"type-product","3":"status-publish","4":"has-post-thumbnail","6":"product_cat-prieskoniai","7":"nt-post-class","8":"","9":"masonry-item","10":"col-lg-6","14":"excerpt-none","18":"first","19":"instock","20":"taxable","21":"shipping-taxable","22":"purchasable","23":"product-type-simple","24":"add-to-wishlist-after_add_to_cart"},"acf":[],"_links":{"self":[{"href":"https:\/\/chiaseklos.lt\/en\/wp-json\/wp\/v2\/product\/21592","targetHints":{"allow":["GET"]}}],"collection":[{"href":"https:\/\/chiaseklos.lt\/en\/wp-json\/wp\/v2\/product"}],"about":[{"href":"https:\/\/chiaseklos.lt\/en\/wp-json\/wp\/v2\/types\/product"}],"wp:featuredmedia":[{"embeddable":true,"href":"https:\/\/chiaseklos.lt\/en\/wp-json\/wp\/v2\/media\/21593"}],"wp:attachment":[{"href":"https:\/\/chiaseklos.lt\/en\/wp-json\/wp\/v2\/media?parent=21592"}],"wp:term":[{"taxonomy":"product_brand","embeddable":true,"href":"https:\/\/chiaseklos.lt\/en\/wp-json\/wp\/v2\/product_brand?post=21592"},{"taxonomy":"product_cat","embeddable":true,"href":"https:\/\/chiaseklos.lt\/en\/wp-json\/wp\/v2\/product_cat?post=21592"},{"taxonomy":"product_tag","embeddable":true,"href":"https:\/\/chiaseklos.lt\/en\/wp-json\/wp\/v2\/product_tag?post=21592"}],"curies":[{"name":"wp","href":"https:\/\/api.w.org\/{rel}","templated":true}]}}